{"id":5087,"date":"2024-06-26T09:44:32","date_gmt":"2024-06-26T09:44:32","guid":{"rendered":"https:\/\/mtp.global\/es\/?page_id=5087"},"modified":"2026-03-18T15:26:46","modified_gmt":"2026-03-18T14:26:46","slug":"contacto","status":"publish","type":"page","link":"https:\/\/mtp.global\/es\/contacto\/","title":{"rendered":"Contacto"},"content":{"rendered":"<div id='layer_slider_1'  class='avia-layerslider main_color avia-shadow  avia-builder-el-0  el_before_av_section  avia-builder-el-first  container_wrap fullsize'  style='height: 701px; max-width: 1410px; margin: 0 auto;'  ><\/div>\n\n<style type=\"text\/css\" data-created_by=\"avia_inline_auto\" id=\"style-css-av-81crxb-2885e57a4a0f8db2b9f16789c073aa1c\">\n.avia-section.av-81crxb-2885e57a4a0f8db2b9f16789c073aa1c{\nbackground-color:#ffffff;\nbackground-image:unset;\n}\n<\/style>\n<div id='main-content'  class='avia-section av-81crxb-2885e57a4a0f8db2b9f16789c073aa1c main_color avia-section-large avia-no-border-styling  avia-builder-el-1  el_after_av_layerslider  el_before_av_section  digital-divide avia-bg-style-scroll container_wrap fullsize'  ><div class='container av-section-cont-open' ><div class='template-page content  av-content-full alpha units'><div class='post-entry post-entry-type-page post-entry-5087'><div class='entry-content-wrapper clearfix'>\n\n<style type=\"text\/css\" data-created_by=\"avia_inline_auto\" id=\"style-css-av-61xtwv-0a58c17eb06758dc2ca4f5a1a0e5276d\">\n.flex_column.av-61xtwv-0a58c17eb06758dc2ca4f5a1a0e5276d{\npadding:50px 0 50px 0;\n}\n<\/style>\n<div  class='flex_column av-61xtwv-0a58c17eb06758dc2ca4f5a1a0e5276d av_one_full  avia-builder-el-2  avia-builder-el-no-sibling  first flex_column_div  '     ><style type=\"text\/css\" data-created_by=\"avia_inline_auto\" id=\"style-css-av-mb7tmq1d-8b04b27bd7effb00821dfbb867666fb1\">\n#top .av_textblock_section.av-mb7tmq1d-8b04b27bd7effb00821dfbb867666fb1 .avia_textblock{\nfont-size:16px;\ncolor:#282b2e;\n}\n<\/style>\n<section  class='av_textblock_section av-mb7tmq1d-8b04b27bd7effb00821dfbb867666fb1 '   itemscope=\"itemscope\" itemtype=\"https:\/\/schema.org\/CreativeWork\" ><div class='avia_textblock av_inherit_color'  itemprop=\"text\" ><h2 id=\"working\" style=\"text-align: center;\">En MTP trabajamos con clientes<br \/>\nde todo el mundo.<\/h2>\n<p style=\"text-align: center;\">Actualmente contamos con <strong>oficinas en Europa y Am\u00e9rica,<\/strong> desde donde colaboramos con los\u00a0<strong>principales referentes globales<\/strong> en los\u00a0<strong> sectores econ\u00f3micos m\u00e1s relevantes.<\/strong><\/p>\n<\/div><\/section><\/div>\n\n<\/div><\/div><\/div><!-- close content main div --><\/div><\/div>\n<style type=\"text\/css\" data-created_by=\"avia_inline_auto\" id=\"style-css-av-4cjm0f-7170160eed13ffad0dccc6ec22f6102d\">\n.avia-section.av-4cjm0f-7170160eed13ffad0dccc6ec22f6102d{\nbackground-color:#edeef0;\nbackground-image:unset;\n}\n<\/style>\n<div id='tabs_wrap'  class='avia-section av-4cjm0f-7170160eed13ffad0dccc6ec22f6102d main_color avia-section-default avia-no-border-styling  avia-builder-el-4  el_after_av_section  el_before_av_section  avia-bg-style-scroll container_wrap fullsize'  ><div class='container av-section-cont-open' ><div class='template-page content  av-content-full alpha units'><div class='post-entry post-entry-type-page post-entry-5087'><div class='entry-content-wrapper clearfix'>\n<div  class='flex_column av-2a0s7z-97d3dfcbdaf0e9257da290ec8b597bd4 av_one_full  avia-builder-el-5  avia-builder-el-no-sibling  first flex_column_div  '     ><style type=\"text\/css\" data-created_by=\"avia_inline_auto\" id=\"style-css-av-bjr3nj-51e3a8bec3118af6160217dffa9f6389\">\n#top .av_textblock_section.av-bjr3nj-51e3a8bec3118af6160217dffa9f6389 .avia_textblock{\nfont-size:40px;\ncolor:#101246;\n}\n<\/style>\n<section  class='av_textblock_section av-bjr3nj-51e3a8bec3118af6160217dffa9f6389 '   itemscope=\"itemscope\" itemtype=\"https:\/\/schema.org\/CreativeWork\" ><div class='avia_textblock av_inherit_color'  itemprop=\"text\" ><h2 style=\"text-align: center;\">Oficinas<\/h2>\n<\/div><\/section><br \/>\n<\/p><\/div>\n\n<\/div><\/div><\/div><!-- close content main div --><\/div><\/div>\n<style type=\"text\/css\" data-created_by=\"avia_inline_auto\" id=\"style-css-av-dr7m1r-8dc5fbadbadea4327620d64c159817e8\">\n.avia-section.av-dr7m1r-8dc5fbadbadea4327620d64c159817e8 .av-extra-border-element .av-extra-border-inner{\nbackground-color:#ffffff;\n}\n<\/style>\n<div id='formulario-contacto'  class='avia-section av-dr7m1r-8dc5fbadbadea4327620d64c159817e8 main_color avia-section-huge avia-no-border-styling  avia-builder-el-8  el_after_av_section  el_before_av_section  avia-bg-style-scroll av-arrow-down-section container_wrap fullsize'  ><div class='container av-section-cont-open' ><div class='template-page content  av-content-full alpha units'><div class='post-entry post-entry-type-page post-entry-5087'><div class='entry-content-wrapper clearfix'>\n\n<style type=\"text\/css\" data-created_by=\"avia_inline_auto\" id=\"style-css-av-byyaq7-fed7110e9967e12a213c653e05404c84\">\n#top .flex_column.av-byyaq7-fed7110e9967e12a213c653e05404c84{\nmargin-top:0;\nmargin-bottom:0;\n}\n.flex_column.av-byyaq7-fed7110e9967e12a213c653e05404c84{\nborder-radius:0px 0px 0px 0px;\npadding:0px 0px 0px 0px;\n}\n.responsive #top #wrap_all .flex_column.av-byyaq7-fed7110e9967e12a213c653e05404c84{\nmargin-top:0;\nmargin-bottom:0;\n}\n<\/style>\n<div  class='flex_column av-byyaq7-fed7110e9967e12a213c653e05404c84 av_one_full  avia-builder-el-9  el_before_av_one_fourth  avia-builder-el-first  first no_margin flex_column_div av-animated-generic left-to-right av-zero-column-padding  '     ><style type=\"text\/css\" data-created_by=\"avia_inline_auto\" id=\"style-css-av-2e2qun-a0dfd3c15a444cb635d673b730c523f9\">\n#top .av_textblock_section.av-2e2qun-a0dfd3c15a444cb635d673b730c523f9 .avia_textblock{\nfont-size:40px;\ncolor:#101246;\n}\n<\/style>\n<section  class='av_textblock_section av-2e2qun-a0dfd3c15a444cb635d673b730c523f9 '   itemscope=\"itemscope\" itemtype=\"https:\/\/schema.org\/CreativeWork\" ><div class='avia_textblock av_inherit_color'  itemprop=\"text\" ><h2 style=\"text-align: center;\">\u00bfEn qu\u00e9 podemos ayudarte?<\/h2>\n<\/div><\/section><br \/>\n\n<style type=\"text\/css\" data-created_by=\"avia_inline_auto\" id=\"style-css-av-xulnz-ccfc5b86fe65fa5c7265eccc1af87aee\">\n#top .av_textblock_section.av-xulnz-ccfc5b86fe65fa5c7265eccc1af87aee .avia_textblock{\nfont-size:17px;\ncolor:#0a0a0a;\n}\n<\/style>\n<section  class='av_textblock_section av-xulnz-ccfc5b86fe65fa5c7265eccc1af87aee '   itemscope=\"itemscope\" itemtype=\"https:\/\/schema.org\/CreativeWork\" ><div class='avia_textblock av_inherit_color'  itemprop=\"text\" ><p style=\"text-align: center;\">Si necesitas contactar con nosotros puedes rellenar el siguiente formulario.<br \/>\nNos pondremos en contacto contigo lo antes posible.<\/p>\n<\/div><\/section><\/p><\/div><div class='flex_column_table av-86byjj-59383d808e3d90ba2abc9f131cb79344 sc-av_one_fourth av-equal-height-column-flextable'>\n<style type=\"text\/css\" data-created_by=\"avia_inline_auto\" id=\"style-css-av-86byjj-59383d808e3d90ba2abc9f131cb79344\">\n#top .flex_column_table.av-equal-height-column-flextable.av-86byjj-59383d808e3d90ba2abc9f131cb79344{\nmargin-top:30px;\nmargin-bottom:30px;\n}\n.flex_column.av-86byjj-59383d808e3d90ba2abc9f131cb79344{\nborder-radius:0px 0px 0px 0px;\npadding:0px 0px 0px 0px;\n}\n<\/style>\n<div  class='flex_column av-86byjj-59383d808e3d90ba2abc9f131cb79344 av_one_fourth  avia-builder-el-12  el_after_av_one_full  el_before_av_one_half  first no_margin flex_column_table_cell av-equal-height-column av-align-top av-animated-generic left-to-right av-zero-column-padding  column-top-margin'     ><\/div>\n<style type=\"text\/css\" data-created_by=\"avia_inline_auto\" id=\"style-css-av-655san-96180672c88b771acad0f0ebd338403f\">\n#top .flex_column_table.av-equal-height-column-flextable.av-655san-96180672c88b771acad0f0ebd338403f{\nmargin-top:30px;\nmargin-bottom:30px;\n}\n.flex_column.av-655san-96180672c88b771acad0f0ebd338403f{\nborder-radius:0px 0px 0px 0px;\npadding:0px 0px 0px 0px;\n}\n<\/style>\n<div  class='flex_column av-655san-96180672c88b771acad0f0ebd338403f av_one_half  avia-builder-el-13  el_after_av_one_fourth  el_before_av_one_fourth  no_margin flex_column_table_cell av-equal-height-column av-align-top av-animated-generic left-to-right av-zero-column-padding  column-top-margin'     ><p>\n<style type=\"text\/css\" data-created_by=\"avia_inline_auto\" id=\"style-css-av-mbt7xl2f-2b11500bd9df7506d37b4bebc7395a5d\">\n#top .av_textblock_section.av-mbt7xl2f-2b11500bd9df7506d37b4bebc7395a5d .avia_textblock{\nfont-size:17px;\ncolor:#0a0a0a;\n}\n<\/style>\n<section  class='av_textblock_section av-mbt7xl2f-2b11500bd9df7506d37b4bebc7395a5d '   itemscope=\"itemscope\" itemtype=\"https:\/\/schema.org\/CreativeWork\" ><div class='avia_textblock av_inherit_color'  itemprop=\"text\" ><p>Los campos marcados con <span style=\"color: #b21532;\">*<\/span> son obligatorios<\/p>\n<\/div><\/section><br \/>\n<\/p><\/div>\n<style type=\"text\/css\" data-created_by=\"avia_inline_auto\" id=\"style-css-av-6yvpb-7a1aeedc1b400d725a82aacbced9e757\">\n#top .flex_column_table.av-equal-height-column-flextable.av-6yvpb-7a1aeedc1b400d725a82aacbced9e757{\nmargin-top:30px;\nmargin-bottom:30px;\n}\n.flex_column.av-6yvpb-7a1aeedc1b400d725a82aacbced9e757{\nborder-radius:0px 0px 0px 0px;\npadding:0px 0px 0px 0px;\n}\n<\/style>\n<div  class='flex_column av-6yvpb-7a1aeedc1b400d725a82aacbced9e757 av_one_fourth  avia-builder-el-16  el_after_av_one_half  avia-builder-el-last  no_margin flex_column_table_cell av-equal-height-column av-align-top av-animated-generic left-to-right av-zero-column-padding  column-top-margin'     ><\/div><\/div><!--close column table wrapper. Autoclose: 1 --><\/div><\/div><\/div><!-- close content main div --><\/div><div class='av-extra-border-element border-extra-arrow-down'><div class='av-extra-border-outer'><div class='av-extra-border-inner'><\/div><\/div><\/div><\/div>\n<style type=\"text\/css\" data-created_by=\"avia_inline_auto\" id=\"style-css-av-mb84ejn6-d176762449146ceb597a88d553e595c8\">\n.avia-section.av-mb84ejn6-d176762449146ceb597a88d553e595c8{\nbackground-color:#eff0f2;\nbackground-image:unset;\n}\n<\/style>\n<div id='otras-formas-contacto'  class='avia-section av-mb84ejn6-d176762449146ceb597a88d553e595c8 main_color avia-section-default avia-no-border-styling  avia-builder-el-17  el_after_av_section  avia-builder-el-last  avia-bg-style-scroll container_wrap fullsize'  ><div class='container av-section-cont-open' ><div class='template-page content  av-content-full alpha units'><div class='post-entry post-entry-type-page post-entry-5087'><div class='entry-content-wrapper clearfix'>\n\n<\/p>\n","protected":false},"excerpt":{"rendered":"","protected":false},"author":9,"featured_media":0,"parent":0,"menu_order":8,"comment_status":"closed","ping_status":"closed","template":"","meta":{"_acf_changed":false,"footnotes":""},"class_list":["post-5087","page","type-page","status-publish","hentry"],"acf":[],"yoast_head":"<!-- This site is optimized with the Yoast SEO plugin v27.1.1 - https:\/\/yoast.com\/product\/yoast-seo-wordpress\/ -->\n<title>Contacto MTP: conecta con innovaci\u00f3n digital | MTP<\/title>\n<meta name=\"description\" content=\"Contacto directo con MTP para iniciar proyectos digitales, resolver tus dudas o explorar nuevas v\u00edas de innovaci\u00f3n, creatividad y soluciones tecnol\u00f3gicas.\" \/>\n<meta name=\"robots\" content=\"index, follow, max-snippet:-1, max-image-preview:large, max-video-preview:-1\" \/>\n<link rel=\"canonical\" href=\"https:\/\/mtp.global\/es\/contacto\/\" \/>\n<meta property=\"og:locale\" content=\"es_ES\" \/>\n<meta property=\"og:type\" content=\"article\" \/>\n<meta property=\"og:title\" content=\"Contacto MTP: conecta con innovaci\u00f3n digital | MTP\" \/>\n<meta property=\"og:description\" content=\"Contacto directo con MTP para iniciar proyectos digitales, resolver tus dudas o explorar nuevas v\u00edas de innovaci\u00f3n, creatividad y soluciones tecnol\u00f3gicas.\" \/>\n<meta property=\"og:url\" content=\"https:\/\/mtp.global\/es\/contacto\/\" \/>\n<meta property=\"og:site_name\" content=\"MTP Espa\u00f1a\" \/>\n<meta property=\"article:modified_time\" content=\"2026-03-18T14:26:46+00:00\" \/>\n<meta property=\"og:image\" content=\"https:\/\/mtp.global\/es\/wp-content\/uploads\/2025\/05\/icon_phone.svg\" \/>\n<meta name=\"twitter:card\" content=\"summary_large_image\" \/>\n<meta name=\"twitter:label1\" content=\"Tiempo de lectura\" \/>\n\t<meta name=\"twitter:data1\" content=\"1 minuto\" \/>\n<!-- \/ Yoast SEO plugin. -->","yoast_head_json":{"title":"Contacto MTP: conecta con innovaci\u00f3n digital | MTP","description":"Contacto directo con MTP para iniciar proyectos digitales, resolver tus dudas o explorar nuevas v\u00edas de innovaci\u00f3n, creatividad y soluciones tecnol\u00f3gicas.","robots":{"index":"index","follow":"follow","max-snippet":"max-snippet:-1","max-image-preview":"max-image-preview:large","max-video-preview":"max-video-preview:-1"},"canonical":"https:\/\/mtp.global\/es\/contacto\/","og_locale":"es_ES","og_type":"article","og_title":"Contacto MTP: conecta con innovaci\u00f3n digital | MTP","og_description":"Contacto directo con MTP para iniciar proyectos digitales, resolver tus dudas o explorar nuevas v\u00edas de innovaci\u00f3n, creatividad y soluciones tecnol\u00f3gicas.","og_url":"https:\/\/mtp.global\/es\/contacto\/","og_site_name":"MTP Espa\u00f1a","article_modified_time":"2026-03-18T14:26:46+00:00","og_image":[{"url":"https:\/\/mtp.global\/es\/wp-content\/uploads\/2025\/05\/icon_phone.svg","type":"","width":"","height":""}],"twitter_card":"summary_large_image","twitter_misc":{"Tiempo de lectura":"1 minuto"},"schema":{"@context":"https:\/\/schema.org","@graph":[{"@type":"WebPage","@id":"https:\/\/mtp.global\/es\/contacto\/","url":"https:\/\/mtp.global\/es\/contacto\/","name":"Contacto MTP: conecta con innovaci\u00f3n digital | MTP","isPartOf":{"@id":"https:\/\/mtp.global\/es\/#website"},"primaryImageOfPage":{"@id":"https:\/\/mtp.global\/es\/contacto\/#primaryimage"},"image":{"@id":"https:\/\/mtp.global\/es\/contacto\/#primaryimage"},"thumbnailUrl":"https:\/\/mtp.global\/es\/wp-content\/uploads\/2025\/05\/icon_phone.svg","datePublished":"2024-06-26T09:44:32+00:00","dateModified":"2026-03-18T14:26:46+00:00","description":"Contacto directo con MTP para iniciar proyectos digitales, resolver tus dudas o explorar nuevas v\u00edas de innovaci\u00f3n, creatividad y soluciones tecnol\u00f3gicas.","breadcrumb":{"@id":"https:\/\/mtp.global\/es\/contacto\/#breadcrumb"},"inLanguage":"es","potentialAction":[{"@type":"ReadAction","target":["https:\/\/mtp.global\/es\/contacto\/"]}]},{"@type":"ImageObject","inLanguage":"es","@id":"https:\/\/mtp.global\/es\/contacto\/#primaryimage","url":"https:\/\/mtp.global\/es\/wp-content\/uploads\/2025\/05\/icon_phone.svg","contentUrl":"https:\/\/mtp.global\/es\/wp-content\/uploads\/2025\/05\/icon_phone.svg"},{"@type":"BreadcrumbList","@id":"https:\/\/mtp.global\/es\/contacto\/#breadcrumb","itemListElement":[{"@type":"ListItem","position":1,"name":"Home","item":"https:\/\/mtp.global\/es\/home\/"},{"@type":"ListItem","position":2,"name":"Contacto"}]},{"@type":"WebSite","@id":"https:\/\/mtp.global\/es\/#website","url":"https:\/\/mtp.global\/es\/","name":"MTP Global","description":"","publisher":{"@id":"https:\/\/mtp.global\/es\/#organization"},"potentialAction":[{"@type":"SearchAction","target":{"@type":"EntryPoint","urlTemplate":"https:\/\/mtp.global\/es\/?s={search_term_string}"},"query-input":{"@type":"PropertyValueSpecification","valueRequired":true,"valueName":"search_term_string"}}],"inLanguage":"es"},{"@type":"Organization","@id":"https:\/\/mtp.global\/es\/#organization","name":"MTP Global","url":"https:\/\/mtp.global\/es\/","logo":{"@type":"ImageObject","inLanguage":"es","@id":"https:\/\/mtp.global\/es\/#\/schema\/logo\/image\/","url":"https:\/\/mtp.global\/es\/wp-content\/uploads\/2024\/07\/MTP-global.png","contentUrl":"https:\/\/mtp.global\/es\/wp-content\/uploads\/2024\/07\/MTP-global.png","width":1200,"height":400,"caption":"MTP Global"},"image":{"@id":"https:\/\/mtp.global\/es\/#\/schema\/logo\/image\/"}}]}},"_links":{"self":[{"href":"https:\/\/mtp.global\/es\/wp-json\/wp\/v2\/pages\/5087","targetHints":{"allow":["GET"]}}],"collection":[{"href":"https:\/\/mtp.global\/es\/wp-json\/wp\/v2\/pages"}],"about":[{"href":"https:\/\/mtp.global\/es\/wp-json\/wp\/v2\/types\/page"}],"author":[{"embeddable":true,"href":"https:\/\/mtp.global\/es\/wp-json\/wp\/v2\/users\/9"}],"replies":[{"embeddable":true,"href":"https:\/\/mtp.global\/es\/wp-json\/wp\/v2\/comments?post=5087"}],"version-history":[{"count":0,"href":"https:\/\/mtp.global\/es\/wp-json\/wp\/v2\/pages\/5087\/revisions"}],"wp:attachment":[{"href":"https:\/\/mtp.global\/es\/wp-json\/wp\/v2\/media?parent=5087"}],"curies":[{"name":"wp","href":"https:\/\/api.w.org\/{rel}","templated":true}]}}