{"id":4555,"date":"2024-06-10T08:39:15","date_gmt":"2024-06-10T08:39:15","guid":{"rendered":"https:\/\/mtp.global\/es\/?page_id=4555"},"modified":"2026-03-18T13:58:51","modified_gmt":"2026-03-18T12:58:51","slug":"servicios","status":"publish","type":"page","link":"https:\/\/mtp.global\/es\/servicios\/","title":{"rendered":"Nuestros Servicios"},"content":{"rendered":"<div id='layer_slider_1'  class='avia-layerslider main_color avia-shadow  avia-builder-el-0  el_before_av_section  avia-builder-el-first  container_wrap fullsize'  style='height: 701px; max-width: 1410px; margin: 0 auto;'  ><\/div>\n\n<style type=\"text\/css\" data-created_by=\"avia_inline_auto\" id=\"style-css-av-mcaahhye-733487d1a4fb41257f6410633b6cdf12\">\n.avia-section.av-mcaahhye-733487d1a4fb41257f6410633b6cdf12{\nbackground-color:#ffffff;\nbackground-image:unset;\n}\n<\/style>\n<div id='main-content'  class='avia-section av-mcaahhye-733487d1a4fb41257f6410633b6cdf12 main_color avia-section-large avia-no-border-styling  avia-builder-el-1  el_after_av_layerslider  el_before_av_section  intro-text avia-bg-style-scroll container_wrap fullsize'  ><div class='container av-section-cont-open' ><div class='template-page content  av-content-full alpha units'><div class='post-entry post-entry-type-page post-entry-4555'><div class='entry-content-wrapper clearfix'>\n\n<style type=\"text\/css\" data-created_by=\"avia_inline_auto\" id=\"style-css-av-mcaacqr9-e08dd862da3aaeb50cd9ba269bfd4bb7\">\n.flex_column.av-mcaacqr9-e08dd862da3aaeb50cd9ba269bfd4bb7{\npadding:50px 0 50px 0;\n}\n<\/style>\n<div  class='flex_column av-mcaacqr9-e08dd862da3aaeb50cd9ba269bfd4bb7 av_one_full  avia-builder-el-2  avia-builder-el-no-sibling  first flex_column_div  '     ><style type=\"text\/css\" data-created_by=\"avia_inline_auto\" id=\"style-css-av-mcacjxoo-e0daf402bae9ce5330929c34ea04dedb\">\n#top .av_textblock_section.av-mcacjxoo-e0daf402bae9ce5330929c34ea04dedb .avia_textblock{\nfont-size:16px;\ncolor:#282b2e;\n}\n<\/style>\n<section  class='av_textblock_section av-mcacjxoo-e0daf402bae9ce5330929c34ea04dedb '   itemscope=\"itemscope\" itemtype=\"https:\/\/schema.org\/CreativeWork\" ><div class='avia_textblock av_inherit_color'  itemprop=\"text\" ><h2 style=\"color: #282b2e !important; font-size: 25px; line-height: 37px; margin-bottom: 30px; text-align: center;\">Impulsamos la evoluci\u00f3n digital con servicios que garantizan calidad, seguridad y eficiencia.<\/h2>\n<p style=\"text-align: center;\">Nuestros expertos trabajan con metodolog\u00edas \u00e1giles, automatizaci\u00f3n inteligente y tecnolog\u00edas de vanguardia para asegurar que cada proceso digital cumpla con los m\u00e1s altos est\u00e1ndares.<\/p>\n<p style=\"text-align: center;\">Desde el aseguramiento de la calidad hasta la ciberseguridad, pasando por la automatizaci\u00f3n de pruebas, nuestro enfoque integral minimiza riesgos, optimiza resultados y acelera la transformaci\u00f3n de nuestros clientes.<\/p>\n<p style=\"text-align: center;\"><strong>Excelencia, innovaci\u00f3n y compromiso: as\u00ed construimos el futuro digital.<\/strong><\/p>\n<\/div><\/section><\/div>\n\n<\/div><\/div><\/div><!-- close content main div --><\/div><\/div>\n<style type=\"text\/css\" data-created_by=\"avia_inline_auto\" id=\"style-css-av-3l0qaz-82c79863b3eb338bd2a6d11b55524579\">\n.avia-section.av-3l0qaz-82c79863b3eb338bd2a6d11b55524579{\nbackground-color:#edeef0;\nbackground-image:unset;\n}\n<\/style>\n<div id='tabs_wrap'  class='avia-section av-3l0qaz-82c79863b3eb338bd2a6d11b55524579 main_color avia-section-default avia-no-border-styling  avia-builder-el-4  el_after_av_section  el_before_av_section  avia-bg-style-scroll container_wrap fullsize'  ><div class='container av-section-cont-open' ><div class='template-page content  av-content-full alpha units'><div class='post-entry post-entry-type-page post-entry-4555'><div class='entry-content-wrapper clearfix'>\n<div  class='flex_column av-2p31ez-4e42ef29f676026012790afcad258bdd av_one_full  avia-builder-el-5  avia-builder-el-no-sibling  first flex_column_div  '     ><style type=\"text\/css\" data-created_by=\"avia_inline_auto\" id=\"style-css-av-mckcnuir-18cd3d74937980d02ad77d3438efa12f\">\n#top .av_textblock_section.av-mckcnuir-18cd3d74937980d02ad77d3438efa12f .avia_textblock{\nfont-size:40px;\ncolor:#101246;\n}\n<\/style>\n<section  class='av_textblock_section av-mckcnuir-18cd3d74937980d02ad77d3438efa12f '   itemscope=\"itemscope\" itemtype=\"https:\/\/schema.org\/CreativeWork\" ><div class='avia_textblock av_inherit_color'  itemprop=\"text\" ><h2 style=\"font-size: 40px!important; text-align: center;\">Servicios<\/h2>\n<\/div><\/section><br \/>\n<\/p><\/div>\n\n<\/div><\/div><\/div><!-- close content main div --><\/div><\/div>\n<style type=\"text\/css\" data-created_by=\"avia_inline_auto\" id=\"style-css-av-mcivvu7h-e5fdd268e7e16919eb9fba5f0bd6c4ac\">\n.avia-section.av-mcivvu7h-e5fdd268e7e16919eb9fba5f0bd6c4ac{\nbackground-color:#ffffff;\nbackground-image:unset;\n}\n<\/style>\n<div id='slide-clientes'  class='avia-section av-mcivvu7h-e5fdd268e7e16919eb9fba5f0bd6c4ac main_color avia-section-default avia-no-border-styling  avia-builder-el-8  el_after_av_section  el_before_av_section  avia-bg-style-scroll container_wrap fullsize'  ><div class='container av-section-cont-open' ><div class='template-page content  av-content-full alpha units'><div class='post-entry post-entry-type-page post-entry-4555'><div class='entry-content-wrapper clearfix'>\n<section  class='av_textblock_section av-mcivw7wl-ae10a0a47d309849b19e7d4e12266a32 '   itemscope=\"itemscope\" itemtype=\"https:\/\/schema.org\/CreativeWork\" ><div class='avia_textblock'  itemprop=\"text\" ><h2 style=\"font-size: 40px!important; text-align: center;\">Nuestros clientes<\/h2>\n<\/div><\/section>\n<div  class='flex_column av-20jrkr-d7e375cd26b2c098b7af53d095a268f8 av_one_full  avia-builder-el-10  el_after_av_textblock  avia-builder-el-last  first flex_column_div  column-top-margin'     ><\/div>\n\n<\/div><\/div><\/div><!-- close content main div --><\/div><\/div>\n<style type=\"text\/css\" data-created_by=\"avia_inline_auto\" id=\"style-css-av-f71ta3-f68c74dfe8ac11def277c9cb19f55530\">\n.avia-section.av-f71ta3-f68c74dfe8ac11def277c9cb19f55530 .av-extra-border-element .av-extra-border-inner{\nbackground-color:#ffffff;\n}\n<\/style>\n<div id='formulario-contacto'  class='avia-section av-f71ta3-f68c74dfe8ac11def277c9cb19f55530 main_color avia-section-huge avia-no-border-styling  avia-builder-el-12  el_after_av_section  avia-builder-el-last  avia-bg-style-scroll av-arrow-down-section container_wrap fullsize'  ><div class='container av-section-cont-open' ><div class='template-page content  av-content-full alpha units'><div class='post-entry post-entry-type-page post-entry-4555'><div class='entry-content-wrapper clearfix'>\n\n<style type=\"text\/css\" data-created_by=\"avia_inline_auto\" id=\"style-css-av-drt18r-f73f718c477ad35ccd7821c046b093d4\">\n#top .flex_column.av-drt18r-f73f718c477ad35ccd7821c046b093d4{\nmargin-top:0;\nmargin-bottom:0;\n}\n.flex_column.av-drt18r-f73f718c477ad35ccd7821c046b093d4{\nborder-radius:0px 0px 0px 0px;\npadding:0px 0px 0px 0px;\n}\n.responsive #top #wrap_all .flex_column.av-drt18r-f73f718c477ad35ccd7821c046b093d4{\nmargin-top:0;\nmargin-bottom:0;\n}\n<\/style>\n<div  class='flex_column av-drt18r-f73f718c477ad35ccd7821c046b093d4 av_one_full  avia-builder-el-13  el_before_av_one_fourth  avia-builder-el-first  first no_margin flex_column_div av-animated-generic left-to-right av-zero-column-padding  '     ><style type=\"text\/css\" data-created_by=\"avia_inline_auto\" id=\"style-css-av-co07gb-bd587a89691f190f34ef9f48e1fe6819\">\n#top .av_textblock_section.av-co07gb-bd587a89691f190f34ef9f48e1fe6819 .avia_textblock{\nfont-size:40px;\ncolor:#101246;\n}\n<\/style>\n<section  class='av_textblock_section av-co07gb-bd587a89691f190f34ef9f48e1fe6819 '   itemscope=\"itemscope\" itemtype=\"https:\/\/schema.org\/CreativeWork\" ><div class='avia_textblock av_inherit_color'  itemprop=\"text\" ><h2 style=\"text-align: center;\">\u00bfEn qu\u00e9 podemos ayudarte?<\/h2>\n<\/div><\/section><br \/>\n\n<style type=\"text\/css\" data-created_by=\"avia_inline_auto\" id=\"style-css-av-amze3v-433257e73beb62416ec9244135208143\">\n#top .av_textblock_section.av-amze3v-433257e73beb62416ec9244135208143 .avia_textblock{\nfont-size:17px;\ncolor:#0a0a0a;\n}\n<\/style>\n<section  class='av_textblock_section av-amze3v-433257e73beb62416ec9244135208143 '   itemscope=\"itemscope\" itemtype=\"https:\/\/schema.org\/CreativeWork\" ><div class='avia_textblock av_inherit_color'  itemprop=\"text\" ><p style=\"text-align: center;\">Si necesitas contactar con nosotros puedes rellenar el siguiente formulario.<br \/>\nNos pondremos en contacto contigo lo antes posible.<\/p>\n<\/div><\/section><\/p><\/div><div class='flex_column_table av-95aqhn-415a406ed960f0a2b96282319d037565 sc-av_one_fourth av-equal-height-column-flextable'>\n<style type=\"text\/css\" data-created_by=\"avia_inline_auto\" id=\"style-css-av-95aqhn-415a406ed960f0a2b96282319d037565\">\n#top .flex_column_table.av-equal-height-column-flextable.av-95aqhn-415a406ed960f0a2b96282319d037565{\nmargin-top:30px;\nmargin-bottom:30px;\n}\n.flex_column.av-95aqhn-415a406ed960f0a2b96282319d037565{\nborder-radius:0px 0px 0px 0px;\npadding:0px 0px 0px 0px;\n}\n<\/style>\n<div  class='flex_column av-95aqhn-415a406ed960f0a2b96282319d037565 av_one_fourth  avia-builder-el-16  el_after_av_one_full  el_before_av_one_half  first no_margin flex_column_table_cell av-equal-height-column av-align-top av-animated-generic left-to-right av-zero-column-padding  column-top-margin'     ><\/div>\n<style type=\"text\/css\" data-created_by=\"avia_inline_auto\" id=\"style-css-av-6v4x0b-27a36a14a3722d718ed6c1d1e3f88234\">\n#top .flex_column_table.av-equal-height-column-flextable.av-6v4x0b-27a36a14a3722d718ed6c1d1e3f88234{\nmargin-top:30px;\nmargin-bottom:30px;\n}\n.flex_column.av-6v4x0b-27a36a14a3722d718ed6c1d1e3f88234{\nborder-radius:0px 0px 0px 0px;\npadding:0px 0px 0px 0px;\n}\n<\/style>\n<div  class='flex_column av-6v4x0b-27a36a14a3722d718ed6c1d1e3f88234 av_one_half  avia-builder-el-17  el_after_av_one_fourth  el_before_av_one_fourth  no_margin flex_column_table_cell av-equal-height-column av-align-top av-animated-generic left-to-right av-zero-column-padding  column-top-margin'     ><p>\n<style type=\"text\/css\" data-created_by=\"avia_inline_auto\" id=\"style-css-av-5x7uob-3a6904477b163f7bedbc8644b08768ad\">\n#top .av_textblock_section.av-5x7uob-3a6904477b163f7bedbc8644b08768ad .avia_textblock{\nfont-size:17px;\ncolor:#0a0a0a;\n}\n<\/style>\n<section  class='av_textblock_section av-5x7uob-3a6904477b163f7bedbc8644b08768ad '   itemscope=\"itemscope\" itemtype=\"https:\/\/schema.org\/CreativeWork\" ><div class='avia_textblock av_inherit_color'  itemprop=\"text\" ><p>Los campos marcados con <span style=\"color: #b21532;\">*<\/span> son obligatorios<\/p>\n<\/div><\/section><br \/>\n<\/p><\/div>\n<style type=\"text\/css\" data-created_by=\"avia_inline_auto\" id=\"style-css-av-2qtesb-a5f64f8ce8e69a434a4718f17d748941\">\n#top .flex_column_table.av-equal-height-column-flextable.av-2qtesb-a5f64f8ce8e69a434a4718f17d748941{\nmargin-top:30px;\nmargin-bottom:30px;\n}\n.flex_column.av-2qtesb-a5f64f8ce8e69a434a4718f17d748941{\nborder-radius:0px 0px 0px 0px;\npadding:0px 0px 0px 0px;\n}\n<\/style>\n<div  class='flex_column av-2qtesb-a5f64f8ce8e69a434a4718f17d748941 av_one_fourth  avia-builder-el-20  el_after_av_one_half  avia-builder-el-last  no_margin flex_column_table_cell av-equal-height-column av-align-top av-animated-generic left-to-right av-zero-column-padding  column-top-margin'     ><\/div><\/div><!--close column table wrapper. Autoclose: 1 -->\n","protected":false},"excerpt":{"rendered":"","protected":false},"author":9,"featured_media":0,"parent":0,"menu_order":3,"comment_status":"closed","ping_status":"closed","template":"","meta":{"_acf_changed":false,"footnotes":""},"class_list":["post-4555","page","type-page","status-publish","hentry"],"acf":[],"yoast_head":"<!-- This site is optimized with the Yoast SEO plugin v27.1.1 - https:\/\/yoast.com\/product\/yoast-seo-wordpress\/ -->\n<title>Servicios digitales MTP: UX, accesibilidad y m\u00e1s | MTP<\/title>\n<meta name=\"description\" content=\"Explora los servicios digitales de MTP: UX\/UI, accesibilidad, transformaci\u00f3n digital, consultor\u00eda especializada y mucho m\u00e1s para impulsar tu negocio.\" \/>\n<meta name=\"robots\" content=\"index, follow, max-snippet:-1, max-image-preview:large, max-video-preview:-1\" \/>\n<link rel=\"canonical\" href=\"https:\/\/mtp.global\/es\/servicios\/\" \/>\n<meta property=\"og:locale\" content=\"es_ES\" \/>\n<meta property=\"og:type\" content=\"article\" \/>\n<meta property=\"og:title\" content=\"Servicios digitales MTP: UX, accesibilidad y m\u00e1s | MTP\" \/>\n<meta property=\"og:description\" content=\"Explora los servicios digitales de MTP: UX\/UI, accesibilidad, transformaci\u00f3n digital, consultor\u00eda especializada y mucho m\u00e1s para impulsar tu negocio.\" \/>\n<meta property=\"og:url\" content=\"https:\/\/mtp.global\/es\/servicios\/\" \/>\n<meta property=\"og:site_name\" content=\"MTP Espa\u00f1a\" \/>\n<meta property=\"article:modified_time\" content=\"2026-03-18T12:58:51+00:00\" \/>\n<meta property=\"og:image\" content=\"https:\/\/mtp.global\/es\/wp-content\/uploads\/2025\/06\/consultoria.jpg\" \/>\n<meta name=\"twitter:card\" content=\"summary_large_image\" \/>\n<meta name=\"twitter:label1\" content=\"Tiempo de lectura\" \/>\n\t<meta name=\"twitter:data1\" content=\"1 minuto\" \/>\n<!-- \/ Yoast SEO plugin. -->","yoast_head_json":{"title":"Servicios digitales MTP: UX, accesibilidad y m\u00e1s | MTP","description":"Explora los servicios digitales de MTP: UX\/UI, accesibilidad, transformaci\u00f3n digital, consultor\u00eda especializada y mucho m\u00e1s para impulsar tu negocio.","robots":{"index":"index","follow":"follow","max-snippet":"max-snippet:-1","max-image-preview":"max-image-preview:large","max-video-preview":"max-video-preview:-1"},"canonical":"https:\/\/mtp.global\/es\/servicios\/","og_locale":"es_ES","og_type":"article","og_title":"Servicios digitales MTP: UX, accesibilidad y m\u00e1s | MTP","og_description":"Explora los servicios digitales de MTP: UX\/UI, accesibilidad, transformaci\u00f3n digital, consultor\u00eda especializada y mucho m\u00e1s para impulsar tu negocio.","og_url":"https:\/\/mtp.global\/es\/servicios\/","og_site_name":"MTP Espa\u00f1a","article_modified_time":"2026-03-18T12:58:51+00:00","og_image":[{"url":"https:\/\/mtp.global\/es\/wp-content\/uploads\/2025\/06\/consultoria.jpg","type":"","width":"","height":""}],"twitter_card":"summary_large_image","twitter_misc":{"Tiempo de lectura":"1 minuto"},"schema":{"@context":"https:\/\/schema.org","@graph":[{"@type":"WebPage","@id":"https:\/\/mtp.global\/es\/servicios\/","url":"https:\/\/mtp.global\/es\/servicios\/","name":"Servicios digitales MTP: UX, accesibilidad y m\u00e1s | MTP","isPartOf":{"@id":"https:\/\/mtp.global\/es\/#website"},"primaryImageOfPage":{"@id":"https:\/\/mtp.global\/es\/servicios\/#primaryimage"},"image":{"@id":"https:\/\/mtp.global\/es\/servicios\/#primaryimage"},"thumbnailUrl":"https:\/\/mtp.global\/es\/wp-content\/uploads\/2025\/06\/consultoria.jpg","datePublished":"2024-06-10T08:39:15+00:00","dateModified":"2026-03-18T12:58:51+00:00","description":"Explora los servicios digitales de MTP: UX\/UI, accesibilidad, transformaci\u00f3n digital, consultor\u00eda especializada y mucho m\u00e1s para impulsar tu negocio.","breadcrumb":{"@id":"https:\/\/mtp.global\/es\/servicios\/#breadcrumb"},"inLanguage":"es","potentialAction":[{"@type":"ReadAction","target":["https:\/\/mtp.global\/es\/servicios\/"]}]},{"@type":"ImageObject","inLanguage":"es","@id":"https:\/\/mtp.global\/es\/servicios\/#primaryimage","url":"https:\/\/mtp.global\/es\/wp-content\/uploads\/2025\/06\/consultoria.jpg","contentUrl":"https:\/\/mtp.global\/es\/wp-content\/uploads\/2025\/06\/consultoria.jpg","width":573,"height":358},{"@type":"BreadcrumbList","@id":"https:\/\/mtp.global\/es\/servicios\/#breadcrumb","itemListElement":[{"@type":"ListItem","position":1,"name":"Home","item":"https:\/\/mtp.global\/es\/home\/"},{"@type":"ListItem","position":2,"name":"Nuestros Servicios"}]},{"@type":"WebSite","@id":"https:\/\/mtp.global\/es\/#website","url":"https:\/\/mtp.global\/es\/","name":"MTP Global","description":"","publisher":{"@id":"https:\/\/mtp.global\/es\/#organization"},"potentialAction":[{"@type":"SearchAction","target":{"@type":"EntryPoint","urlTemplate":"https:\/\/mtp.global\/es\/?s={search_term_string}"},"query-input":{"@type":"PropertyValueSpecification","valueRequired":true,"valueName":"search_term_string"}}],"inLanguage":"es"},{"@type":"Organization","@id":"https:\/\/mtp.global\/es\/#organization","name":"MTP Global","url":"https:\/\/mtp.global\/es\/","logo":{"@type":"ImageObject","inLanguage":"es","@id":"https:\/\/mtp.global\/es\/#\/schema\/logo\/image\/","url":"https:\/\/mtp.global\/es\/wp-content\/uploads\/2024\/07\/MTP-global.png","contentUrl":"https:\/\/mtp.global\/es\/wp-content\/uploads\/2024\/07\/MTP-global.png","width":1200,"height":400,"caption":"MTP Global"},"image":{"@id":"https:\/\/mtp.global\/es\/#\/schema\/logo\/image\/"}}]}},"_links":{"self":[{"href":"https:\/\/mtp.global\/es\/wp-json\/wp\/v2\/pages\/4555","targetHints":{"allow":["GET"]}}],"collection":[{"href":"https:\/\/mtp.global\/es\/wp-json\/wp\/v2\/pages"}],"about":[{"href":"https:\/\/mtp.global\/es\/wp-json\/wp\/v2\/types\/page"}],"author":[{"embeddable":true,"href":"https:\/\/mtp.global\/es\/wp-json\/wp\/v2\/users\/9"}],"replies":[{"embeddable":true,"href":"https:\/\/mtp.global\/es\/wp-json\/wp\/v2\/comments?post=4555"}],"version-history":[{"count":0,"href":"https:\/\/mtp.global\/es\/wp-json\/wp\/v2\/pages\/4555\/revisions"}],"wp:attachment":[{"href":"https:\/\/mtp.global\/es\/wp-json\/wp\/v2\/media?parent=4555"}],"curies":[{"name":"wp","href":"https:\/\/api.w.org\/{rel}","templated":true}]}}