{"id":41092,"date":"2026-03-23T10:37:46","date_gmt":"2026-03-23T09:37:46","guid":{"rendered":"https:\/\/mtp.global\/es\/?page_id=41092"},"modified":"2026-03-23T10:37:46","modified_gmt":"2026-03-23T09:37:46","slug":"politica-de-igualdad","status":"publish","type":"page","link":"https:\/\/mtp.global\/es\/politica-corporativa\/politica-de-igualdad\/","title":{"rendered":"Pol\u00edtica de Igualdad"},"content":{"rendered":"<div id='layer_slider_1'  class='avia-layerslider main_color avia-shadow  avia-builder-el-0  el_before_av_section  avia-builder-el-first  container_wrap fullsize'  style='height: 701px; max-width: 1410px; margin: 0 auto;'  ><\/div>\n\n<style type=\"text\/css\" data-created_by=\"avia_inline_auto\" id=\"style-css-av-mdn0qapu-a2fa86cf431235df482abc9818bf5d2a\">\n.avia-section.av-mdn0qapu-a2fa86cf431235df482abc9818bf5d2a{\nmargin-top:40px;\nmargin-bottom:0;\n}\n<\/style>\n<div id='main-content'  class='avia-section av-mdn0qapu-a2fa86cf431235df482abc9818bf5d2a main_color avia-section-no-padding avia-no-border-styling  avia-builder-el-1  el_after_av_layerslider  avia-builder-el-last  avia-bg-style-scroll container_wrap fullsize'  ><div class='container av-section-cont-open' ><div class='template-page content  av-content-full alpha units'><div class='post-entry post-entry-type-page post-entry-41092'><div class='entry-content-wrapper clearfix'>\n<div  class='flex_column av-11qschw-970a44bd716aaa405b5c537c88bd1e2a av_four_fifth  avia-builder-el-2  el_before_av_one_fifth  avia-builder-el-first  first flex_column_div  '     ><style type=\"text\/css\" data-created_by=\"avia_inline_auto\" id=\"style-css-av-mdmzsj48-28d3c28860ce3a740bbe23e30d8a724b\">\n#top .av_textblock_section.av-mdmzsj48-28d3c28860ce3a740bbe23e30d8a724b .avia_textblock{\nfont-size:15px;\ncolor:#282b2e;\n}\n<\/style>\n<section  class='av_textblock_section av-mdmzsj48-28d3c28860ce3a740bbe23e30d8a724b '   itemscope=\"itemscope\" itemtype=\"https:\/\/schema.org\/CreativeWork\" ><div class='avia_textblock av_inherit_color'  itemprop=\"text\" ><p>En MTP entendemos la igualdad de oportunidades como eje de nuestra pol\u00edtica de gesti\u00f3n de personas y por eso contamos con un Plan de Igualdad dise\u00f1ado para toda la plantilla, con vocaci\u00f3n de mejorar la gesti\u00f3n de los recursos humanos, din\u00e1mico y abierto a las necesidades y los cambios que vayan surgiendo.<\/p>\n<p>Gracias a nuestras destacadas pol\u00edticas de igualdad, MTP recibi\u00f3 el distintivo \u2018Igualdad en la Empresa\u2019 2023, concedido por el Ministerio de Igualdad y pasamos a formar parte de la Red DIE, integrada por empresas y organizaciones que destacan de forma relevante y especialmente significativa en la aplicaci\u00f3n de pol\u00edticas de igualdad de trato y de oportunidades.<\/p>\n<p><a href=\"https:\/\/mtp.global\/es\/wp-content\/uploads\/2026\/03\/mtp_plan_de_igualdad_de_oportunidades_2022_publico.pdf\">Plan de Igualdad<\/a><\/p>\n<\/div><\/section><\/div><div  class='flex_column av-m7o6as-6297c54dcfe33126efed516fbcaffc7c av_one_fifth  avia-builder-el-4  el_after_av_four_fifth  el_before_av_hr  flex_column_div  '     ><style type=\"text\/css\" data-created_by=\"avia_inline_auto\" id=\"style-css-av-mmyurltj-abff3e913fac6d9d70a79e04b8bb0642\">\n.avia-image-container.av-mmyurltj-abff3e913fac6d9d70a79e04b8bb0642 img.avia_image{\nbox-shadow:none;\n}\n.avia-image-container.av-mmyurltj-abff3e913fac6d9d70a79e04b8bb0642 .av-image-caption-overlay-center{\ncolor:#ffffff;\n}\n<\/style>\n<div  class='avia-image-container av-mmyurltj-abff3e913fac6d9d70a79e04b8bb0642 av-styling- avia-align-center  avia-builder-el-5  avia-builder-el-no-sibling '   itemprop=\"image\" itemscope=\"itemscope\" itemtype=\"https:\/\/schema.org\/ImageObject\" ><div class=\"avia-image-container-inner\"><div class=\"avia-image-overlay-wrap\"><img decoding=\"async\" fetchpriority=\"high\" class='wp-image-35186 avia-img-lazy-loading-not-35186 avia_image ' src=\"https:\/\/mtp.global\/es\/wp-content\/uploads\/2025\/03\/mtp-distintivo-igualdad.jpg\" alt='' title='mtp-distintivo-igualdad'  height=\"544\" width=\"384\"  itemprop=\"thumbnailUrl\" srcset=\"https:\/\/mtp.global\/es\/wp-content\/uploads\/2025\/03\/mtp-distintivo-igualdad.jpg 384w, https:\/\/mtp.global\/es\/wp-content\/uploads\/2025\/03\/mtp-distintivo-igualdad-212x300.jpg 212w\" sizes=\"(max-width: 384px) 100vw, 384px\" \/><\/div><\/div><\/div><\/div>\n<style type=\"text\/css\" data-created_by=\"avia_inline_auto\" id=\"style-css-av-min3wtkm-9ebd66169d0b6ebd4b624388ac6a6b1c\">\n#top .hr.hr-invisible.av-min3wtkm-9ebd66169d0b6ebd4b624388ac6a6b1c{\nheight:60px;\n}\n<\/style>\n<div  class='hr av-min3wtkm-9ebd66169d0b6ebd4b624388ac6a6b1c hr-invisible  avia-builder-el-6  el_after_av_one_fifth  avia-builder-el-last '><span class='hr-inner '><span class=\"hr-inner-style\"><\/span><\/span><\/div>\n\n","protected":false},"excerpt":{"rendered":"","protected":false},"author":2,"featured_media":0,"parent":38189,"menu_order":5,"comment_status":"closed","ping_status":"closed","template":"","meta":{"_acf_changed":false,"footnotes":""},"class_list":["post-41092","page","type-page","status-publish","hentry"],"acf":[],"yoast_head":"<!-- This site is optimized with the Yoast SEO plugin v27.1.1 - https:\/\/yoast.com\/product\/yoast-seo-wordpress\/ -->\n<title>Pol\u00edtica de Igualdad | MTP<\/title>\n<meta name=\"description\" content=\"Marco t\u00e9cnico y organizativo que establece los criterios de calidad, metodolog\u00edas y est\u00e1ndares aplicados por MTP para ofrecer soluciones de desarrollo.\" \/>\n<meta name=\"robots\" content=\"index, follow, max-snippet:-1, max-image-preview:large, max-video-preview:-1\" \/>\n<link rel=\"canonical\" href=\"https:\/\/mtp.global\/es\/politica-corporativa\/politica-de-igualdad\/\" \/>\n<meta property=\"og:locale\" content=\"es_ES\" \/>\n<meta property=\"og:type\" content=\"article\" \/>\n<meta property=\"og:title\" content=\"Pol\u00edtica de Igualdad | MTP\" \/>\n<meta property=\"og:description\" content=\"Marco t\u00e9cnico y organizativo que establece los criterios de calidad, metodolog\u00edas y est\u00e1ndares aplicados por MTP para ofrecer soluciones de desarrollo.\" \/>\n<meta property=\"og:url\" content=\"https:\/\/mtp.global\/es\/politica-corporativa\/politica-de-igualdad\/\" \/>\n<meta property=\"og:site_name\" content=\"MTP Espa\u00f1a\" \/>\n<meta name=\"twitter:card\" content=\"summary_large_image\" \/>\n<meta name=\"twitter:label1\" content=\"Tiempo de lectura\" \/>\n\t<meta name=\"twitter:data1\" content=\"2 minutos\" \/>\n<!-- \/ Yoast SEO plugin. -->","yoast_head_json":{"title":"Pol\u00edtica de Igualdad | MTP","description":"Marco t\u00e9cnico y organizativo que establece los criterios de calidad, metodolog\u00edas y est\u00e1ndares aplicados por MTP para ofrecer soluciones de desarrollo.","robots":{"index":"index","follow":"follow","max-snippet":"max-snippet:-1","max-image-preview":"max-image-preview:large","max-video-preview":"max-video-preview:-1"},"canonical":"https:\/\/mtp.global\/es\/politica-corporativa\/politica-de-igualdad\/","og_locale":"es_ES","og_type":"article","og_title":"Pol\u00edtica de Igualdad | MTP","og_description":"Marco t\u00e9cnico y organizativo que establece los criterios de calidad, metodolog\u00edas y est\u00e1ndares aplicados por MTP para ofrecer soluciones de desarrollo.","og_url":"https:\/\/mtp.global\/es\/politica-corporativa\/politica-de-igualdad\/","og_site_name":"MTP Espa\u00f1a","twitter_card":"summary_large_image","twitter_misc":{"Tiempo de lectura":"2 minutos"},"schema":{"@context":"https:\/\/schema.org","@graph":[{"@type":"WebPage","@id":"https:\/\/mtp.global\/es\/politica-corporativa\/politica-de-igualdad\/","url":"https:\/\/mtp.global\/es\/politica-corporativa\/politica-de-igualdad\/","name":"Pol\u00edtica de Igualdad | MTP","isPartOf":{"@id":"https:\/\/mtp.global\/es\/#website"},"datePublished":"2026-03-23T09:37:46+00:00","description":"Marco t\u00e9cnico y organizativo que establece los criterios de calidad, metodolog\u00edas y est\u00e1ndares aplicados por MTP para ofrecer soluciones de desarrollo.","breadcrumb":{"@id":"https:\/\/mtp.global\/es\/politica-corporativa\/politica-de-igualdad\/#breadcrumb"},"inLanguage":"es","potentialAction":[{"@type":"ReadAction","target":["https:\/\/mtp.global\/es\/politica-corporativa\/politica-de-igualdad\/"]}]},{"@type":"BreadcrumbList","@id":"https:\/\/mtp.global\/es\/politica-corporativa\/politica-de-igualdad\/#breadcrumb","itemListElement":[{"@type":"ListItem","position":1,"name":"Home","item":"https:\/\/mtp.global\/es\/home\/"},{"@type":"ListItem","position":2,"name":"Pol\u00edtica corporativa","item":"https:\/\/mtp.global\/es\/politica-corporativa\/"},{"@type":"ListItem","position":3,"name":"Pol\u00edtica de Igualdad"}]},{"@type":"WebSite","@id":"https:\/\/mtp.global\/es\/#website","url":"https:\/\/mtp.global\/es\/","name":"MTP Global","description":"","publisher":{"@id":"https:\/\/mtp.global\/es\/#organization"},"potentialAction":[{"@type":"SearchAction","target":{"@type":"EntryPoint","urlTemplate":"https:\/\/mtp.global\/es\/?s={search_term_string}"},"query-input":{"@type":"PropertyValueSpecification","valueRequired":true,"valueName":"search_term_string"}}],"inLanguage":"es"},{"@type":"Organization","@id":"https:\/\/mtp.global\/es\/#organization","name":"MTP Global","url":"https:\/\/mtp.global\/es\/","logo":{"@type":"ImageObject","inLanguage":"es","@id":"https:\/\/mtp.global\/es\/#\/schema\/logo\/image\/","url":"https:\/\/mtp.global\/es\/wp-content\/uploads\/2024\/07\/MTP-global.png","contentUrl":"https:\/\/mtp.global\/es\/wp-content\/uploads\/2024\/07\/MTP-global.png","width":1200,"height":400,"caption":"MTP Global"},"image":{"@id":"https:\/\/mtp.global\/es\/#\/schema\/logo\/image\/"}}]}},"_links":{"self":[{"href":"https:\/\/mtp.global\/es\/wp-json\/wp\/v2\/pages\/41092","targetHints":{"allow":["GET"]}}],"collection":[{"href":"https:\/\/mtp.global\/es\/wp-json\/wp\/v2\/pages"}],"about":[{"href":"https:\/\/mtp.global\/es\/wp-json\/wp\/v2\/types\/page"}],"author":[{"embeddable":true,"href":"https:\/\/mtp.global\/es\/wp-json\/wp\/v2\/users\/2"}],"replies":[{"embeddable":true,"href":"https:\/\/mtp.global\/es\/wp-json\/wp\/v2\/comments?post=41092"}],"version-history":[{"count":0,"href":"https:\/\/mtp.global\/es\/wp-json\/wp\/v2\/pages\/41092\/revisions"}],"up":[{"embeddable":true,"href":"https:\/\/mtp.global\/es\/wp-json\/wp\/v2\/pages\/38189"}],"wp:attachment":[{"href":"https:\/\/mtp.global\/es\/wp-json\/wp\/v2\/media?parent=41092"}],"curies":[{"name":"wp","href":"https:\/\/api.w.org\/{rel}","templated":true}]}}