{"id":38775,"date":"2026-01-26T15:47:45","date_gmt":"2026-01-26T14:47:45","guid":{"rendered":"https:\/\/mtp.global\/es\/?page_id=38775"},"modified":"2026-03-18T15:24:22","modified_gmt":"2026-03-18T14:24:22","slug":"aseguramiento-de-la-ia","status":"publish","type":"page","link":"https:\/\/mtp.global\/es\/servicios\/quality-assurance\/aseguramiento-de-la-ia\/","title":{"rendered":"Aseguramiento de la IA"},"content":{"rendered":"<div id='layer_slider_1'  class='avia-layerslider main_color avia-shadow  avia-builder-el-0  el_before_av_section  avia-builder-el-first  container_wrap fullsize'  style='height: 701px; max-width: 1410px; margin: 0 auto;'  ><\/div>\n\n<style type=\"text\/css\" data-created_by=\"avia_inline_auto\" id=\"style-css-av-2hi4mnp-8a6eb82ccf6f396e680e03faaeedb42f\">\n.avia-section.av-2hi4mnp-8a6eb82ccf6f396e680e03faaeedb42f{\nbackground-color:#ecedef;\nbackground-image:unset;\n}\n<\/style>\n<div id='main-content'  class='avia-section av-2hi4mnp-8a6eb82ccf6f396e680e03faaeedb42f main_color avia-section-large avia-no-border-styling  avia-builder-el-1  el_after_av_layerslider  el_before_av_section  avia-bg-style-scroll container_wrap fullsize'  ><div class='container av-section-cont-open' ><div class='template-page content  av-content-full alpha units'><div class='post-entry post-entry-type-page post-entry-38775'><div class='entry-content-wrapper clearfix'>\n\n<style type=\"text\/css\" data-created_by=\"avia_inline_auto\" id=\"style-css-av-1xv4dsl-e0dbd5139e99e5bcb6817acd1f63249f\">\n.flex_column.av-1xv4dsl-e0dbd5139e99e5bcb6817acd1f63249f{\npadding:0 0 0 0;\n}\n<\/style>\n<div  class='flex_column av-1xv4dsl-e0dbd5139e99e5bcb6817acd1f63249f av_one_full  avia-builder-el-2  avia-builder-el-no-sibling  first flex_column_div av-zero-column-padding  '     ><p>\n<style type=\"text\/css\" data-created_by=\"avia_inline_auto\" id=\"style-css-av-1n75xrp-aeac67cf53460ea92530b400a76165ad\">\n#top .hr.hr-invisible.av-1n75xrp-aeac67cf53460ea92530b400a76165ad{\nheight:20px;\n}\n<\/style>\n<div  class='hr av-1n75xrp-aeac67cf53460ea92530b400a76165ad hr-invisible  avia-builder-el-3  el_before_av_textblock  avia-builder-el-first  av-medium-hide av-small-hide av-mini-hide'><span class='hr-inner '><span class=\"hr-inner-style\"><\/span><\/span><\/div><br \/>\n\n<style type=\"text\/css\" data-created_by=\"avia_inline_auto\" id=\"style-css-av-mkv3ojwm-a8a0619c8fbea66b894a8b268cb2c414\">\n#top .av_textblock_section.av-mkv3ojwm-a8a0619c8fbea66b894a8b268cb2c414 .avia_textblock{\nfont-size:16px;\ncolor:#282b2e;\n}\n<\/style>\n<section  class='av_textblock_section av-mkv3ojwm-a8a0619c8fbea66b894a8b268cb2c414 '   itemscope=\"itemscope\" itemtype=\"https:\/\/schema.org\/CreativeWork\" ><div class='avia_textblock av_inherit_color'  itemprop=\"text\" ><h2 style=\"text-align: center;\"><strong>Calidad, control y fiabilidad para sistemas de IA en entornos reales y regulados.<\/strong><\/h2>\n<p style=\"text-align: center;\">El aseguramiento de la IA es clave para que los sistemas inteligentes puedan operar con garant\u00edas en procesos cr\u00edticos de negocio. La IA introduce comportamientos probabil\u00edsticos, variabilidad en los resultados y nuevos riesgos t\u00e9cnicos y regulatorios que requieren enfoques espec\u00edficos de calidad y control.<\/p>\n<p style=\"text-align: center;\">Desde MTP ayudamos a las organizaciones a asegurar el funcionamiento correcto de sus soluciones de IA a lo largo de todo su ciclo de vida, combinando gobierno, testing especializado, m\u00e9tricas objetivas y control continuo para reducir riesgos y maximizar el valor en producci\u00f3n.<\/p>\n<\/div><\/section><\/p><\/div>\n\n<\/div><\/div><\/div><!-- close content main div --><\/div><\/div>\n<style type=\"text\/css\" data-created_by=\"avia_inline_auto\" id=\"style-css-av-1cr4k39-911ba6a7fb40bdfc4988219e91c06c93\">\n.avia-section.av-1cr4k39-911ba6a7fb40bdfc4988219e91c06c93{\nbackground-color:#ffffff;\nbackground-image:unset;\n}\n<\/style>\n<div id='resultados-tangibles'  class='avia-section av-1cr4k39-911ba6a7fb40bdfc4988219e91c06c93 main_color avia-section-large avia-no-border-styling  avia-builder-el-5  el_after_av_section  el_before_av_section  avia-bg-style-scroll container_wrap fullsize'  ><div class='container av-section-cont-open' ><div class='template-page content  av-content-full alpha units'><div class='post-entry post-entry-type-page post-entry-38775'><div class='entry-content-wrapper clearfix'>\n<div class='flex_column_table av-rt7cr9-b5e5ed086ffa593e1b773972516ed4f8 sc-av_one_half av-equal-height-column-flextable'>\n<style type=\"text\/css\" data-created_by=\"avia_inline_auto\" id=\"style-css-av-rt7cr9-b5e5ed086ffa593e1b773972516ed4f8\">\n.flex_column.av-rt7cr9-b5e5ed086ffa593e1b773972516ed4f8{\nbackground-color:#ffffff;\n}\n<\/style>\n<div  class='flex_column av-rt7cr9-b5e5ed086ffa593e1b773972516ed4f8 av_one_half  avia-builder-el-6  el_before_av_one_half  avia-builder-el-first  first flex_column_table_cell av-equal-height-column av-align-middle  '     ><style type=\"text\/css\" data-created_by=\"avia_inline_auto\" id=\"style-css-av-mkv3wtn8-0f9f927af44196fcfc44ef8dbd0a489d\">\n.avia-image-container.av-mkv3wtn8-0f9f927af44196fcfc44ef8dbd0a489d img.avia_image{\nbox-shadow:none;\n}\n.avia-image-container.av-mkv3wtn8-0f9f927af44196fcfc44ef8dbd0a489d .av-image-caption-overlay-center{\ncolor:#ffffff;\n}\n<\/style>\n<div  class='avia-image-container av-mkv3wtn8-0f9f927af44196fcfc44ef8dbd0a489d av-styling- avia-align-center  avia-builder-el-7  avia-builder-el-no-sibling '   itemprop=\"image\" itemscope=\"itemscope\" itemtype=\"https:\/\/schema.org\/ImageObject\" ><div class=\"avia-image-container-inner\"><div class=\"avia-image-overlay-wrap\"><img decoding=\"async\" fetchpriority=\"high\" class='wp-image-38045 avia-img-lazy-loading-not-38045 avia_image ' src=\"https:\/\/mtp.global\/es\/wp-content\/uploads\/2025\/11\/mtp_innovacion_mlsecops.jpg\" alt='' title='mtp_innovacion_mlsecops'  height=\"1080\" width=\"1920\"  itemprop=\"thumbnailUrl\" srcset=\"https:\/\/mtp.global\/es\/wp-content\/uploads\/2025\/11\/mtp_innovacion_mlsecops.jpg 1920w, https:\/\/mtp.global\/es\/wp-content\/uploads\/2025\/11\/mtp_innovacion_mlsecops-300x169.jpg 300w, https:\/\/mtp.global\/es\/wp-content\/uploads\/2025\/11\/mtp_innovacion_mlsecops-1030x579.jpg 1030w, https:\/\/mtp.global\/es\/wp-content\/uploads\/2025\/11\/mtp_innovacion_mlsecops-768x432.jpg 768w, https:\/\/mtp.global\/es\/wp-content\/uploads\/2025\/11\/mtp_innovacion_mlsecops-1536x864.jpg 1536w, https:\/\/mtp.global\/es\/wp-content\/uploads\/2025\/11\/mtp_innovacion_mlsecops-1500x844.jpg 1500w, https:\/\/mtp.global\/es\/wp-content\/uploads\/2025\/11\/mtp_innovacion_mlsecops-705x397.jpg 705w\" sizes=\"(max-width: 1920px) 100vw, 1920px\" \/><\/div><\/div><\/div><\/div><div class='av-flex-placeholder'><\/div>\n<style type=\"text\/css\" data-created_by=\"avia_inline_auto\" id=\"style-css-av-mkv3tsuj-980b6fc50a068bf95a0d7473b1814da9\">\n.flex_column.av-mkv3tsuj-980b6fc50a068bf95a0d7473b1814da9{\nbackground-color:#ffffff;\n}\n<\/style>\n<div  class='flex_column av-mkv3tsuj-980b6fc50a068bf95a0d7473b1814da9 av_one_half  avia-builder-el-8  el_after_av_one_half  avia-builder-el-last  txtimg-text-conten flex_column_table_cell av-equal-height-column av-align-middle  '     ><style type=\"text\/css\" data-created_by=\"avia_inline_auto\" id=\"style-css-av-mkv3t7wk-f5cb1fbe6adc45fae5be9c8f12280699\">\n#top .av_textblock_section.av-mkv3t7wk-f5cb1fbe6adc45fae5be9c8f12280699 .avia_textblock{\ncolor:#282b2e;\n}\n<\/style>\n<section  class='av_textblock_section av-mkv3t7wk-f5cb1fbe6adc45fae5be9c8f12280699 '   itemscope=\"itemscope\" itemtype=\"https:\/\/schema.org\/CreativeWork\" ><div class='avia_textblock av_inherit_color'  itemprop=\"text\" ><h2><strong>Resultados tangibles para tu negocio<\/strong><\/h2>\n<p><strong>Reducci\u00f3n del riesgo en producci\u00f3n<\/strong><\/p>\n<p>Identificaci\u00f3n temprana de errores, desviaciones y comportamientos no deseados antes de que impacten en el negocio.<\/p>\n<p><strong>Calidad medible y trazable<\/strong><\/p>\n<p>M\u00e9tricas objetivas que permiten evaluar el rendimiento y la fiabilidad de la IA de forma continua.<\/p>\n<p><strong>Mayor confianza en los sistemas inteligentes<\/strong><\/p>\n<p>Decisiones basadas en datos y evidencias, no en percepciones subjetivas.<\/p>\n<p><strong>Cumplimiento normativo y preparaci\u00f3n regulatoria<\/strong><\/p>\n<p>Alineaci\u00f3n con marcos de gobierno y exigencias regulatorias europeas.<\/p>\n<p><strong>Aceleraci\u00f3n del <span lang=\"en\">time-to-market<\/span><\/strong><\/p>\n<p>Menos retrabajo y validaciones tard\u00edas gracias a un aseguramiento estructurado desde el inicio.<\/p>\n<\/div><\/section><\/div><\/div><!--close column table wrapper. Autoclose: 1 -->\n\n<\/div><\/div><\/div><!-- close content main div --><\/div><\/div>\n<style type=\"text\/css\" data-created_by=\"avia_inline_auto\" id=\"style-css-av-mkvapgv4-d3bf45e9bc1235756c5ea1eaf8909083\">\n.avia-section.av-mkvapgv4-d3bf45e9bc1235756c5ea1eaf8909083{\nbackground-color:#ecedef;\nbackground-image:unset;\n}\n<\/style>\n<div id='nuestro-liderazgo'  class='avia-section av-mkvapgv4-d3bf45e9bc1235756c5ea1eaf8909083 main_color avia-section-large avia-no-border-styling  avia-builder-el-10  el_after_av_section  el_before_av_section  avia-bg-style-scroll container_wrap fullsize'  ><div class='container av-section-cont-open' ><div class='template-page content  av-content-full alpha units'><div class='post-entry post-entry-type-page post-entry-38775'><div class='entry-content-wrapper clearfix'>\n<div class='flex_column_table av-mkvbidlo-8ff88b7f7b4ac138b288d0750716bde2 sc-av_one_half av-equal-height-column-flextable'>\n<style type=\"text\/css\" data-created_by=\"avia_inline_auto\" id=\"style-css-av-mkvbidlo-8ff88b7f7b4ac138b288d0750716bde2\">\n.flex_column.av-mkvbidlo-8ff88b7f7b4ac138b288d0750716bde2{\nbackground-color:#ecedef;\n}\n<\/style>\n<div  class='flex_column av-mkvbidlo-8ff88b7f7b4ac138b288d0750716bde2 av_one_half  avia-builder-el-11  el_before_av_one_half  avia-builder-el-first  txtimg-text-conten first flex_column_table_cell av-equal-height-column av-align-middle  '     ><style type=\"text\/css\" data-created_by=\"avia_inline_auto\" id=\"style-css-av-mkvaaxsb-6eaf7b4f993c6d8e31c37712160dbe6c\">\n#top .av_textblock_section.av-mkvaaxsb-6eaf7b4f993c6d8e31c37712160dbe6c .avia_textblock{\ncolor:#282b2e;\n}\n<\/style>\n<section  class='av_textblock_section av-mkvaaxsb-6eaf7b4f993c6d8e31c37712160dbe6c '   itemscope=\"itemscope\" itemtype=\"https:\/\/schema.org\/CreativeWork\" ><div class='avia_textblock av_inherit_color'  itemprop=\"text\" ><h2><strong>El valor de nuestro liderazgo en el mercado<\/strong><\/h2>\n<ul>\n<li><strong>Gobierno de la IA<\/strong><br \/>\nDefinimos e implantamos marcos de gobierno que permiten controlar el uso de la IA de forma trazable, auditable y alineada con los objetivos del negocio y los requisitos regulatorios.<\/li>\n<li><strong>Expertos en IA y calidad<\/strong><br \/>\nContamos con equipos con experiencia real en IA aplicada, aseguramiento de la calidad y sistemas cr\u00edticos, capaces de evaluar de forma independiente modelos, datos y comportamientos, y de acompa\u00f1ar a la organizaci\u00f3n desde el dise\u00f1o hasta la operaci\u00f3n.<\/li>\n<li><strong>JanIA como plataforma de aseguramiento<\/strong><br \/>\nJanIA es nuestro ecosistema que permite industrializar el aseguramiento de la IA garantizando un gobierno centralizado, la observabilidad y trazabilidad y unas m\u00e9tricas comunes y auditables.<\/li>\n<li><strong>Soluciones especializadas<\/strong><br \/>\nDisponemos de m\u00f3dulos integrados en JanIA que abordan de forma espec\u00edfica los principales retos del ciclo de vida de la IA: calidad de requisitos, validaci\u00f3n sem\u00e1ntica, testing funcional y control en producci\u00f3n.<\/li>\n<li><strong>Capacitaci\u00f3n en IA<\/strong><br \/>\nOfrecemos programas de formaci\u00f3n y certificaci\u00f3n que preparan a los equipos para entender, gobernar y operar la IA de forma responsable, reduciendo dependencias externas y asegurando una adopci\u00f3n sostenible.<\/li>\n<\/ul>\n<\/div><\/section><\/div><div class='av-flex-placeholder'><\/div>\n<style type=\"text\/css\" data-created_by=\"avia_inline_auto\" id=\"style-css-av-mkvbik0j-ec1dbfa07c5e76c4f514738d922750b7\">\n.flex_column.av-mkvbik0j-ec1dbfa07c5e76c4f514738d922750b7{\nbackground-color:#ecedef;\n}\n<\/style>\n<div  class='flex_column av-mkvbik0j-ec1dbfa07c5e76c4f514738d922750b7 av_one_half  avia-builder-el-13  el_after_av_one_half  avia-builder-el-last  flex_column_table_cell av-equal-height-column av-align-middle  '     ><style type=\"text\/css\" data-created_by=\"avia_inline_auto\" id=\"style-css-av-mkvacges-9dfcd89e776aa811854ba948cc082aa5\">\n.avia-image-container.av-mkvacges-9dfcd89e776aa811854ba948cc082aa5 img.avia_image{\nbox-shadow:none;\n}\n.avia-image-container.av-mkvacges-9dfcd89e776aa811854ba948cc082aa5 .av-image-caption-overlay-center{\ncolor:#ffffff;\n}\n<\/style>\n<div  class='avia-image-container av-mkvacges-9dfcd89e776aa811854ba948cc082aa5 av-styling- avia-align-center  avia-builder-el-14  avia-builder-el-no-sibling '   itemprop=\"image\" itemscope=\"itemscope\" itemtype=\"https:\/\/schema.org\/ImageObject\" ><div class=\"avia-image-container-inner\"><div class=\"avia-image-overlay-wrap\"><img decoding=\"async\" fetchpriority=\"high\" class='wp-image-37652 avia-img-lazy-loading-not-37652 avia_image ' src=\"https:\/\/mtp.global\/es\/wp-content\/uploads\/2025\/10\/bg_calidad_de_codigo.jpg\" alt='' title='bg_calidad_de_codigo'  height=\"595\" width=\"1440\"  itemprop=\"thumbnailUrl\" srcset=\"https:\/\/mtp.global\/es\/wp-content\/uploads\/2025\/10\/bg_calidad_de_codigo.jpg 1440w, https:\/\/mtp.global\/es\/wp-content\/uploads\/2025\/10\/bg_calidad_de_codigo-300x124.jpg 300w, https:\/\/mtp.global\/es\/wp-content\/uploads\/2025\/10\/bg_calidad_de_codigo-1030x426.jpg 1030w, https:\/\/mtp.global\/es\/wp-content\/uploads\/2025\/10\/bg_calidad_de_codigo-768x317.jpg 768w, https:\/\/mtp.global\/es\/wp-content\/uploads\/2025\/10\/bg_calidad_de_codigo-705x291.jpg 705w\" sizes=\"(max-width: 1440px) 100vw, 1440px\" \/><\/div><\/div><\/div><\/div><\/div><!--close column table wrapper. Autoclose: 1 -->\n\n<\/div><\/div><\/div><!-- close content main div --><\/div><\/div>\n<style type=\"text\/css\" data-created_by=\"avia_inline_auto\" id=\"style-css-av-47m68k0-6cea4040143cbed7ed8558e01d9109a5\">\n.avia-section.av-47m68k0-6cea4040143cbed7ed8558e01d9109a5 .av-extra-border-element .av-extra-border-inner{\nbackground-color:#ffffff;\n}\n<\/style>\n<div id='formulario-contacto'  class='avia-section av-47m68k0-6cea4040143cbed7ed8558e01d9109a5 main_color avia-section-huge avia-no-border-styling  avia-builder-el-15  el_after_av_section  avia-builder-el-last  avia-bg-style-scroll av-arrow-down-section container_wrap fullsize'  ><div class='container av-section-cont-open' ><div class='template-page content  av-content-full alpha units'><div class='post-entry post-entry-type-page post-entry-38775'><div class='entry-content-wrapper clearfix'>\n\n<style type=\"text\/css\" data-created_by=\"avia_inline_auto\" id=\"style-css-av-1ra7yrs-ce9c73e0a3ec23f4765adfe07328a7f5\">\n#top .flex_column.av-1ra7yrs-ce9c73e0a3ec23f4765adfe07328a7f5{\nmargin-top:0;\nmargin-bottom:0;\n}\n.flex_column.av-1ra7yrs-ce9c73e0a3ec23f4765adfe07328a7f5{\nborder-radius:0px 0px 0px 0px;\npadding:0px 0px 0px 0px;\n}\n.responsive #top #wrap_all .flex_column.av-1ra7yrs-ce9c73e0a3ec23f4765adfe07328a7f5{\nmargin-top:0;\nmargin-bottom:0;\n}\n<\/style>\n<div  class='flex_column av-1ra7yrs-ce9c73e0a3ec23f4765adfe07328a7f5 av_one_full  avia-builder-el-16  el_before_av_one_fourth  avia-builder-el-first  first no_margin flex_column_div av-animated-generic left-to-right av-zero-column-padding  '     ><style type=\"text\/css\" data-created_by=\"avia_inline_auto\" id=\"style-css-av-198yrl4-202803e2993049971421c275a001a737\">\n#top .av_textblock_section.av-198yrl4-202803e2993049971421c275a001a737 .avia_textblock{\nfont-size:40px;\ncolor:#101246;\n}\n<\/style>\n<section  class='av_textblock_section av-198yrl4-202803e2993049971421c275a001a737 '   itemscope=\"itemscope\" itemtype=\"https:\/\/schema.org\/CreativeWork\" ><div class='avia_textblock av_inherit_color'  itemprop=\"text\" ><h2 style=\"text-align: center;\">\u00bfQuieres saber m\u00e1s?<\/h2>\n<\/div><\/section><br \/>\n\n<style type=\"text\/css\" data-created_by=\"avia_inline_auto\" id=\"style-css-av-u4oaco-f4505d47201965a8496924404f9dcc2f\">\n#top .av_textblock_section.av-u4oaco-f4505d47201965a8496924404f9dcc2f .avia_textblock{\nfont-size:17px;\ncolor:#0a0a0a;\n}\n<\/style>\n<section  class='av_textblock_section av-u4oaco-f4505d47201965a8496924404f9dcc2f '   itemscope=\"itemscope\" itemtype=\"https:\/\/schema.org\/CreativeWork\" ><div class='avia_textblock av_inherit_color'  itemprop=\"text\" ><p style=\"text-align: center;\">Si necesitas contactar con nosotros puedes rellenar el siguiente formulario.<br \/>\nNos pondremos en contacto contigo lo antes posible.<\/p>\n<\/div><\/section><\/p><\/div><div class='flex_column_table av-2or74nk-7becb9ad4ca634a004f944468d3837d8 sc-av_one_fourth av-equal-height-column-flextable'>\n<style type=\"text\/css\" data-created_by=\"avia_inline_auto\" id=\"style-css-av-2or74nk-7becb9ad4ca634a004f944468d3837d8\">\n#top .flex_column_table.av-equal-height-column-flextable.av-2or74nk-7becb9ad4ca634a004f944468d3837d8{\nmargin-top:30px;\nmargin-bottom:30px;\n}\n.flex_column.av-2or74nk-7becb9ad4ca634a004f944468d3837d8{\nborder-radius:0px 0px 0px 0px;\npadding:0px 0px 0px 0px;\n}\n<\/style>\n<div  class='flex_column av-2or74nk-7becb9ad4ca634a004f944468d3837d8 av_one_fourth  avia-builder-el-19  el_after_av_one_full  el_before_av_one_half  first no_margin flex_column_table_cell av-equal-height-column av-align-top av-animated-generic left-to-right av-zero-column-padding  column-top-margin'     ><\/div>\n<style type=\"text\/css\" data-created_by=\"avia_inline_auto\" id=\"style-css-av-27jevww-1209ac928353f2543866a2a46b5ced63\">\n#top .flex_column_table.av-equal-height-column-flextable.av-27jevww-1209ac928353f2543866a2a46b5ced63{\nmargin-top:30px;\nmargin-bottom:30px;\n}\n.flex_column.av-27jevww-1209ac928353f2543866a2a46b5ced63{\nborder-radius:0px 0px 0px 0px;\npadding:0px 0px 0px 0px;\n}\n<\/style>\n<div  class='flex_column av-27jevww-1209ac928353f2543866a2a46b5ced63 av_one_half  avia-builder-el-20  el_after_av_one_fourth  el_before_av_one_fourth  no_margin flex_column_table_cell av-equal-height-column av-align-top av-animated-generic left-to-right av-zero-column-padding  column-top-margin'     ><p>\n<style type=\"text\/css\" data-created_by=\"avia_inline_auto\" id=\"style-css-av-1tgxflc-61349c708910b71a51099a7442c66388\">\n#top .av_textblock_section.av-1tgxflc-61349c708910b71a51099a7442c66388 .avia_textblock{\nfont-size:17px;\ncolor:#0a0a0a;\n}\n<\/style>\n<section  class='av_textblock_section av-1tgxflc-61349c708910b71a51099a7442c66388 '   itemscope=\"itemscope\" itemtype=\"https:\/\/schema.org\/CreativeWork\" ><div class='avia_textblock av_inherit_color'  itemprop=\"text\" ><p>Los campos marcados con <span style=\"color: #b21532;\">*<\/span> son obligatorios<\/p>\n<\/div><\/section><br \/>\n<\/p><\/div>\n<style type=\"text\/css\" data-created_by=\"avia_inline_auto\" id=\"style-css-av-imeua8-fe9af07c4f62aab36b91e3d9b53fe423\">\n#top .flex_column_table.av-equal-height-column-flextable.av-imeua8-fe9af07c4f62aab36b91e3d9b53fe423{\nmargin-top:30px;\nmargin-bottom:30px;\n}\n.flex_column.av-imeua8-fe9af07c4f62aab36b91e3d9b53fe423{\nborder-radius:0px 0px 0px 0px;\npadding:0px 0px 0px 0px;\n}\n<\/style>\n<div  class='flex_column av-imeua8-fe9af07c4f62aab36b91e3d9b53fe423 av_one_fourth  avia-builder-el-23  el_after_av_one_half  avia-builder-el-last  no_margin flex_column_table_cell av-equal-height-column av-align-top av-animated-generic left-to-right av-zero-column-padding  column-top-margin'     ><\/div><\/div><!--close column table wrapper. Autoclose: 1 -->\n","protected":false},"excerpt":{"rendered":"","protected":false},"author":9,"featured_media":0,"parent":37278,"menu_order":1,"comment_status":"closed","ping_status":"closed","template":"","meta":{"_acf_changed":false,"footnotes":""},"class_list":["post-38775","page","type-page","status-publish","hentry"],"acf":[],"yoast_head":"<!-- This site is optimized with the Yoast SEO plugin v27.1.1 - https:\/\/yoast.com\/product\/yoast-seo-wordpress\/ -->\n<title>Aseguramiento de la IA: riesgo y cumplimiento | MTP<\/title>\n<meta name=\"description\" content=\"Aseguramiento integral de sistemas de IA: auditor\u00eda, control de riesgos, trazabilidad y cumplimiento normativo continuo.\" \/>\n<meta name=\"robots\" content=\"index, follow, max-snippet:-1, max-image-preview:large, max-video-preview:-1\" \/>\n<link rel=\"canonical\" href=\"https:\/\/mtp.global\/es\/servicios\/quality-assurance\/aseguramiento-de-la-ia\/\" \/>\n<meta property=\"og:locale\" content=\"es_ES\" \/>\n<meta property=\"og:type\" content=\"article\" \/>\n<meta property=\"og:title\" content=\"Aseguramiento de la IA: riesgo y cumplimiento | MTP\" \/>\n<meta property=\"og:description\" content=\"Aseguramiento integral de sistemas de IA: auditor\u00eda, control de riesgos, trazabilidad y cumplimiento normativo continuo.\" \/>\n<meta property=\"og:url\" content=\"https:\/\/mtp.global\/es\/servicios\/quality-assurance\/aseguramiento-de-la-ia\/\" \/>\n<meta property=\"og:site_name\" content=\"MTP Espa\u00f1a\" \/>\n<meta property=\"article:modified_time\" content=\"2026-03-18T14:24:22+00:00\" \/>\n<meta name=\"twitter:card\" content=\"summary_large_image\" \/>\n<meta name=\"twitter:label1\" content=\"Tiempo de lectura\" \/>\n\t<meta name=\"twitter:data1\" content=\"3 minutos\" \/>\n<!-- \/ Yoast SEO plugin. -->","yoast_head_json":{"title":"Aseguramiento de la IA: riesgo y cumplimiento | MTP","description":"Aseguramiento integral de sistemas de IA: auditor\u00eda, control de riesgos, trazabilidad y cumplimiento normativo continuo.","robots":{"index":"index","follow":"follow","max-snippet":"max-snippet:-1","max-image-preview":"max-image-preview:large","max-video-preview":"max-video-preview:-1"},"canonical":"https:\/\/mtp.global\/es\/servicios\/quality-assurance\/aseguramiento-de-la-ia\/","og_locale":"es_ES","og_type":"article","og_title":"Aseguramiento de la IA: riesgo y cumplimiento | MTP","og_description":"Aseguramiento integral de sistemas de IA: auditor\u00eda, control de riesgos, trazabilidad y cumplimiento normativo continuo.","og_url":"https:\/\/mtp.global\/es\/servicios\/quality-assurance\/aseguramiento-de-la-ia\/","og_site_name":"MTP Espa\u00f1a","article_modified_time":"2026-03-18T14:24:22+00:00","twitter_card":"summary_large_image","twitter_misc":{"Tiempo de lectura":"3 minutos"},"schema":{"@context":"https:\/\/schema.org","@graph":[{"@type":"WebPage","@id":"https:\/\/mtp.global\/es\/servicios\/quality-assurance\/aseguramiento-de-la-ia\/","url":"https:\/\/mtp.global\/es\/servicios\/quality-assurance\/aseguramiento-de-la-ia\/","name":"Aseguramiento de la IA: riesgo y cumplimiento | MTP","isPartOf":{"@id":"https:\/\/mtp.global\/es\/#website"},"datePublished":"2026-01-26T14:47:45+00:00","dateModified":"2026-03-18T14:24:22+00:00","description":"Aseguramiento integral de sistemas de IA: auditor\u00eda, control de riesgos, trazabilidad y cumplimiento normativo continuo.","breadcrumb":{"@id":"https:\/\/mtp.global\/es\/servicios\/quality-assurance\/aseguramiento-de-la-ia\/#breadcrumb"},"inLanguage":"es","potentialAction":[{"@type":"ReadAction","target":["https:\/\/mtp.global\/es\/servicios\/quality-assurance\/aseguramiento-de-la-ia\/"]}]},{"@type":"BreadcrumbList","@id":"https:\/\/mtp.global\/es\/servicios\/quality-assurance\/aseguramiento-de-la-ia\/#breadcrumb","itemListElement":[{"@type":"ListItem","position":1,"name":"Home","item":"https:\/\/mtp.global\/es\/home\/"},{"@type":"ListItem","position":2,"name":"Nuestros Servicios","item":"https:\/\/mtp.global\/es\/servicios\/"},{"@type":"ListItem","position":3,"name":"Quality Assurance","item":"https:\/\/mtp.global\/es\/servicios\/quality-assurance\/"},{"@type":"ListItem","position":4,"name":"Aseguramiento de la IA"}]},{"@type":"WebSite","@id":"https:\/\/mtp.global\/es\/#website","url":"https:\/\/mtp.global\/es\/","name":"MTP Global","description":"","publisher":{"@id":"https:\/\/mtp.global\/es\/#organization"},"potentialAction":[{"@type":"SearchAction","target":{"@type":"EntryPoint","urlTemplate":"https:\/\/mtp.global\/es\/?s={search_term_string}"},"query-input":{"@type":"PropertyValueSpecification","valueRequired":true,"valueName":"search_term_string"}}],"inLanguage":"es"},{"@type":"Organization","@id":"https:\/\/mtp.global\/es\/#organization","name":"MTP Global","url":"https:\/\/mtp.global\/es\/","logo":{"@type":"ImageObject","inLanguage":"es","@id":"https:\/\/mtp.global\/es\/#\/schema\/logo\/image\/","url":"https:\/\/mtp.global\/es\/wp-content\/uploads\/2024\/07\/MTP-global.png","contentUrl":"https:\/\/mtp.global\/es\/wp-content\/uploads\/2024\/07\/MTP-global.png","width":1200,"height":400,"caption":"MTP Global"},"image":{"@id":"https:\/\/mtp.global\/es\/#\/schema\/logo\/image\/"}}]}},"_links":{"self":[{"href":"https:\/\/mtp.global\/es\/wp-json\/wp\/v2\/pages\/38775","targetHints":{"allow":["GET"]}}],"collection":[{"href":"https:\/\/mtp.global\/es\/wp-json\/wp\/v2\/pages"}],"about":[{"href":"https:\/\/mtp.global\/es\/wp-json\/wp\/v2\/types\/page"}],"author":[{"embeddable":true,"href":"https:\/\/mtp.global\/es\/wp-json\/wp\/v2\/users\/9"}],"replies":[{"embeddable":true,"href":"https:\/\/mtp.global\/es\/wp-json\/wp\/v2\/comments?post=38775"}],"version-history":[{"count":0,"href":"https:\/\/mtp.global\/es\/wp-json\/wp\/v2\/pages\/38775\/revisions"}],"up":[{"embeddable":true,"href":"https:\/\/mtp.global\/es\/wp-json\/wp\/v2\/pages\/37278"}],"wp:attachment":[{"href":"https:\/\/mtp.global\/es\/wp-json\/wp\/v2\/media?parent=38775"}],"curies":[{"name":"wp","href":"https:\/\/api.w.org\/{rel}","templated":true}]}}