{"id":38711,"date":"2026-01-26T11:27:06","date_gmt":"2026-01-26T10:27:06","guid":{"rendered":"https:\/\/mtp.global\/es\/?page_id=38711"},"modified":"2026-03-18T13:56:52","modified_gmt":"2026-03-18T12:56:52","slug":"innovation-labs","status":"publish","type":"page","link":"https:\/\/mtp.global\/es\/innovacion\/innovation-labs\/","title":{"rendered":"Innovation Labs"},"content":{"rendered":"<div id='layer_slider_1'  class='avia-layerslider main_color avia-shadow  avia-builder-el-0  el_before_av_section  avia-builder-el-first  container_wrap fullsize'  style='height: 701px; max-width: 1410px; margin: 0 auto;'  ><\/div>\n\n<style type=\"text\/css\" data-created_by=\"avia_inline_auto\" id=\"style-css-av-81crxb-bbda45091acffb6efdd5ef80f2f8eb4c\">\n.avia-section.av-81crxb-bbda45091acffb6efdd5ef80f2f8eb4c{\nbackground-color:#ffffff;\nbackground-image:unset;\n}\n<\/style>\n<div id='main-content'  class='avia-section av-81crxb-bbda45091acffb6efdd5ef80f2f8eb4c main_color avia-section-large avia-no-border-styling  avia-builder-el-1  el_after_av_layerslider  el_before_av_section  avia-bg-style-scroll container_wrap fullsize'  ><div class='container av-section-cont-open' ><div class='template-page content  av-content-full alpha units'><div class='post-entry post-entry-type-page post-entry-38711'><div class='entry-content-wrapper clearfix'>\n\n<style type=\"text\/css\" data-created_by=\"avia_inline_auto\" id=\"style-css-av-61xtwv-441260742068e0e720715d0c6a1ff704\">\n.flex_column.av-61xtwv-441260742068e0e720715d0c6a1ff704{\npadding:0 0 0 0;\n}\n<\/style>\n<div  class='flex_column av-61xtwv-441260742068e0e720715d0c6a1ff704 av_one_full  avia-builder-el-2  avia-builder-el-no-sibling  first flex_column_div av-zero-column-padding  '     ><p>\n<style type=\"text\/css\" data-created_by=\"avia_inline_auto\" id=\"style-css-av-mdebkvvi-763ea87b8bb11f2e78c725d9f3955f21\">\n#top .hr.hr-invisible.av-mdebkvvi-763ea87b8bb11f2e78c725d9f3955f21{\nheight:20px;\n}\n<\/style>\n<div  class='hr av-mdebkvvi-763ea87b8bb11f2e78c725d9f3955f21 hr-invisible  avia-builder-el-3  el_before_av_textblock  avia-builder-el-first  av-medium-hide av-small-hide av-mini-hide'><span class='hr-inner '><span class=\"hr-inner-style\"><\/span><\/span><\/div><br \/>\n\n<style type=\"text\/css\" data-created_by=\"avia_inline_auto\" id=\"style-css-av-mb7tmq1d-8b04b27bd7effb00821dfbb867666fb1\">\n#top .av_textblock_section.av-mb7tmq1d-8b04b27bd7effb00821dfbb867666fb1 .avia_textblock{\nfont-size:16px;\ncolor:#282b2e;\n}\n<\/style>\n<section  class='av_textblock_section av-mb7tmq1d-8b04b27bd7effb00821dfbb867666fb1 '   itemscope=\"itemscope\" itemtype=\"https:\/\/schema.org\/CreativeWork\" ><div class='avia_textblock av_inherit_color'  itemprop=\"text\" ><h2><strong>Del laboratorio a la realidad<\/strong><\/h2>\n<p>En nuestros Innovation Labs probamos, validamos y maduramos nuevas tecnolog\u00edas antes de su adopci\u00f3n industrial. Trabajamos con modelos avanzados de IA, arquitecturas seguras y ecosistemas conectados para anticipar tendencias y generar conocimiento aplicable.<\/p>\n<p>Nuestro objetivo es reducir la incertidumbre tecnol\u00f3gica. Los Innovation Labs nos permite:<\/p>\n<ul>\n<li>Evaluar la viabilidad t\u00e9cnica y operativa de nuevas tecnolog\u00edas.<\/li>\n<li>Identificar riesgos y limitaciones antes del escalado.<\/li>\n<li>Acelerar la adopci\u00f3n con criterios de calidad y seguridad.<\/li>\n<\/ul>\n<\/div><\/section><\/p><\/div>\n\n<\/div><\/div><\/div><!-- close content main div --><\/div><\/div>\n<style type=\"text\/css\" data-created_by=\"avia_inline_auto\" id=\"style-css-av-mhvxdxmk-a96cab00b1cf24d95aa4a8598abb8165\">\n.avia-section.av-mhvxdxmk-a96cab00b1cf24d95aa4a8598abb8165{\nbackground-color:#eff0f2;\nbackground-image:unset;\n}\n<\/style>\n<div id='soluciones'  class='avia-section av-mhvxdxmk-a96cab00b1cf24d95aa4a8598abb8165 main_color avia-section-large avia-no-border-styling  avia-builder-el-5  el_after_av_section  el_before_av_section  avia-bg-style-scroll container_wrap fullsize'  ><div class='container av-section-cont-open' ><div class='template-page content  av-content-full alpha units'><div class='post-entry post-entry-type-page post-entry-38711'><div class='entry-content-wrapper clearfix'>\n\n<style type=\"text\/css\" data-created_by=\"avia_inline_auto\" id=\"style-css-av-3fhstqj-b9287d065a7059d402ed9562f8d612be\">\n#top .hr.hr-invisible.av-3fhstqj-b9287d065a7059d402ed9562f8d612be{\nheight:20px;\n}\n<\/style>\n<div  class='hr av-3fhstqj-b9287d065a7059d402ed9562f8d612be hr-invisible  avia-builder-el-6  el_before_av_one_third  avia-builder-el-first  av-medium-hide av-small-hide av-mini-hide'><span class='hr-inner '><span class=\"hr-inner-style\"><\/span><\/span><\/div>\n<div class='flex_column_table av-2v4jd3f-dd126054f41ec19115a988c1d1dee978 sc-av_one_third av-break-at-tablet-flextable av-equal-height-column-flextable'>\n<style type=\"text\/css\" data-created_by=\"avia_inline_auto\" id=\"style-css-av-2v4jd3f-dd126054f41ec19115a988c1d1dee978\">\n@keyframes av_boxShadowEffect_av-2v4jd3f-dd126054f41ec19115a988c1d1dee978-column {\n0%   { box-shadow:  0 0 0 0 rgba(0,0,0,0.15); opacity: 1; }\n100% { box-shadow:  0 0 10px 0 rgba(0,0,0,0.15); opacity: 1; }\n}\n#top .flex_column_table.av-equal-height-column-flextable.av-2v4jd3f-dd126054f41ec19115a988c1d1dee978{\nmargin-top:0;\nmargin-bottom:0;\n}\n.flex_column.av-2v4jd3f-dd126054f41ec19115a988c1d1dee978{\nwidth:32%;\nmargin-left:0;\nbox-shadow: 0 0 10px 0 rgba(0,0,0,0.15);\npadding:20px 20px 20px 20px;\nbackground-color:#ffffff;\n}\n#top .flex_column_table.av-equal-height-column-flextable.av-2v4jd3f-dd126054f41ec19115a988c1d1dee978 .av-flex-placeholder{\nwidth:2%;\n}\n\n@media only screen and (max-width: 479px){ \n#top .flex_column_table.av-equal-height-column-flextable.av-2v4jd3f-dd126054f41ec19115a988c1d1dee978{\nmargin-top:0;\nmargin-bottom:0;\n}\n}\n<\/style>\n<div  class='flex_column av-2v4jd3f-dd126054f41ec19115a988c1d1dee978 av_one_third  avia-builder-el-7  el_after_av_hr  el_before_av_one_third  first av-break-at-tablet flex_column_table_cell av-equal-height-column av-align-top shadow-not-animated  '     ><style type=\"text\/css\" data-created_by=\"avia_inline_auto\" id=\"style-css-av-mhvxa8e8-ca50b95b725f6b2c8419ab0858a830f0\">\n#top .av_textblock_section.av-mhvxa8e8-ca50b95b725f6b2c8419ab0858a830f0 .avia_textblock{\ncolor:#101246;\n}\n<\/style>\n<section  class='av_textblock_section av-mhvxa8e8-ca50b95b725f6b2c8419ab0858a830f0 '   itemscope=\"itemscope\" itemtype=\"https:\/\/schema.org\/CreativeWork\" ><div class='avia_textblock av_inherit_color'  itemprop=\"text\" ><h2><strong>Modelos ML\/DL\/LLM<\/strong><\/h2>\n<p>Desarrollamos, evaluamos y adaptamos modelos de Machine Learning, Deep Learning y Large Language Models), desde el prototipado hasta la puesta en producci\u00f3n. Garantizamos la compatibilidad con los requisitos de cada negocio.<\/p>\n<p><strong><a style=\"color: #b21532;\" href=\"https:\/\/mtp.global\/es\/innovacion\/innovation-labs\/modelos-ml-dl-llm\/\">Saber m\u00e1s<\/a><\/strong><\/p>\n<\/div><\/section><\/div><div class='av-flex-placeholder'><\/div>\n<style type=\"text\/css\" data-created_by=\"avia_inline_auto\" id=\"style-css-av-2indybv-faa964351dff10bce45747a70c12f343\">\n@keyframes av_boxShadowEffect_av-2indybv-faa964351dff10bce45747a70c12f343-column {\n0%   { box-shadow:  0 0 0 0 rgba(0,0,0,0.15); opacity: 1; }\n100% { box-shadow:  0 0 10px 0 rgba(0,0,0,0.15); opacity: 1; }\n}\n#top .flex_column_table.av-equal-height-column-flextable.av-2indybv-faa964351dff10bce45747a70c12f343{\nmargin-top:0;\nmargin-bottom:0;\n}\n.flex_column.av-2indybv-faa964351dff10bce45747a70c12f343{\nwidth:32%;\nmargin-left:0;\nbox-shadow: 0 0 10px 0 rgba(0,0,0,0.15);\npadding:20px 20px 20px 20px;\nbackground-color:#ffffff;\n}\n#top .flex_column_table.av-equal-height-column-flextable.av-2indybv-faa964351dff10bce45747a70c12f343 .av-flex-placeholder{\nwidth:2%;\n}\n\n@media only screen and (max-width: 479px){ \n#top .flex_column_table.av-equal-height-column-flextable.av-2indybv-faa964351dff10bce45747a70c12f343{\nmargin-top:0;\nmargin-bottom:0;\n}\n}\n<\/style>\n<div  class='flex_column av-2indybv-faa964351dff10bce45747a70c12f343 av_one_third  avia-builder-el-9  el_after_av_one_third  el_before_av_one_third  av-break-at-tablet flex_column_table_cell av-equal-height-column av-align-top shadow-not-animated  '     ><style type=\"text\/css\" data-created_by=\"avia_inline_auto\" id=\"style-css-av-mhvxaomt-d29931a5ed4309c307daaa7e9b8b4198\">\n#top .av_textblock_section.av-mhvxaomt-d29931a5ed4309c307daaa7e9b8b4198 .avia_textblock{\ncolor:#101246;\n}\n<\/style>\n<section  class='av_textblock_section av-mhvxaomt-d29931a5ed4309c307daaa7e9b8b4198 '   itemscope=\"itemscope\" itemtype=\"https:\/\/schema.org\/CreativeWork\" ><div class='avia_textblock av_inherit_color'  itemprop=\"text\" ><h2 style=\"line-height: 25px !important;\"><strong>ML SecOps<\/strong><\/h2>\n<p>Integramos seguridad y observabilidad en <span lang=\"en\">pipelines<\/span> de <span lang=\"en\">Machine Learning<\/span>, incluyendo control de accesos, trazabilidad, control de versiones de modelos y detecci\u00f3n de anomal\u00edas durante su uso.<\/p>\n<p><strong><a style=\"color: #b21532;\" href=\"https:\/\/mtp.global\/es\/innovacion\/innovation-labs\/ml-secops\/\">Saber m\u00e1s<\/a><\/strong><\/p>\n<\/div><\/section><\/div><div class='av-flex-placeholder'><\/div>\n<style type=\"text\/css\" data-created_by=\"avia_inline_auto\" id=\"style-css-av-23duuyz-b80a536ca223fd2721e9153184e63b78\">\n@keyframes av_boxShadowEffect_av-23duuyz-b80a536ca223fd2721e9153184e63b78-column {\n0%   { box-shadow:  0 0 0 0 rgba(0,0,0,0.15); opacity: 1; }\n100% { box-shadow:  0 0 10px 0 rgba(0,0,0,0.15); opacity: 1; }\n}\n#top .flex_column_table.av-equal-height-column-flextable.av-23duuyz-b80a536ca223fd2721e9153184e63b78{\nmargin-top:0;\nmargin-bottom:0;\n}\n.flex_column.av-23duuyz-b80a536ca223fd2721e9153184e63b78{\nwidth:32%;\nmargin-left:0;\nbox-shadow: 0 0 10px 0 rgba(0,0,0,0.15);\npadding:20px 20px 20px 20px;\nbackground-color:#ffffff;\n}\n#top .flex_column_table.av-equal-height-column-flextable.av-23duuyz-b80a536ca223fd2721e9153184e63b78 .av-flex-placeholder{\nwidth:2%;\n}\n\n@media only screen and (max-width: 479px){ \n#top .flex_column_table.av-equal-height-column-flextable.av-23duuyz-b80a536ca223fd2721e9153184e63b78{\nmargin-top:0;\nmargin-bottom:0;\n}\n}\n<\/style>\n<div  class='flex_column av-23duuyz-b80a536ca223fd2721e9153184e63b78 av_one_third  avia-builder-el-11  el_after_av_one_third  avia-builder-el-last  av-break-at-tablet flex_column_table_cell av-equal-height-column av-align-top shadow-not-animated  '     ><style type=\"text\/css\" data-created_by=\"avia_inline_auto\" id=\"style-css-av-mhvxb4f9-90d276c4622f18684fac641978ec5d60\">\n#top .av_textblock_section.av-mhvxb4f9-90d276c4622f18684fac641978ec5d60 .avia_textblock{\ncolor:#101246;\n}\n<\/style>\n<section  class='av_textblock_section av-mhvxb4f9-90d276c4622f18684fac641978ec5d60 '   itemscope=\"itemscope\" itemtype=\"https:\/\/schema.org\/CreativeWork\" ><div class='avia_textblock av_inherit_color'  itemprop=\"text\" ><h2><strong>IoT Lab<\/strong><\/h2>\n<p>Nuestro laboratorio IoT eval\u00faa dispositivos conectados en entornos reales. Dise\u00f1amos protocolos de pruebas para sensores, <span lang=\"en\">wearables<\/span>, <span lang=\"en\">edge computing<\/span> y redes 5G. Aseguramos interoperabilidad, rendimiento y seguridad desde el primer d\u00eda.<\/p>\n<p><strong><a style=\"color: #b21532;\" href=\"https:\/\/mtp.global\/es\/innovacion\/innovation-labs\/iot-lab\/\">Saber m\u00e1s<\/a><\/strong><\/p>\n<\/div><\/section><\/div><\/div><!--close column table wrapper. Autoclose: 1 -->\n\n<\/div><\/div><\/div><!-- close content main div --><\/div><\/div>\n<style type=\"text\/css\" data-created_by=\"avia_inline_auto\" id=\"style-css-av-3vx4ivm-c7032cd89982ba67aba0187bb970484c\">\n.avia-section.av-3vx4ivm-c7032cd89982ba67aba0187bb970484c .av-extra-border-element .av-extra-border-inner{\nbackground-color:#ffffff;\n}\n<\/style>\n<div id='formulario-contacto'  class='avia-section av-3vx4ivm-c7032cd89982ba67aba0187bb970484c main_color avia-section-huge avia-no-border-styling  avia-builder-el-13  el_after_av_section  avia-builder-el-last  avia-bg-style-scroll av-arrow-down-section container_wrap fullsize'  ><div class='container av-section-cont-open' ><div class='template-page content  av-content-full alpha units'><div class='post-entry post-entry-type-page post-entry-38711'><div class='entry-content-wrapper clearfix'>\n\n<style type=\"text\/css\" data-created_by=\"avia_inline_auto\" id=\"style-css-av-3j9q29e-eea05ad4417669183db844e97f95f6fd\">\n#top .flex_column.av-3j9q29e-eea05ad4417669183db844e97f95f6fd{\nmargin-top:0;\nmargin-bottom:0;\n}\n.flex_column.av-3j9q29e-eea05ad4417669183db844e97f95f6fd{\nborder-radius:0px 0px 0px 0px;\npadding:0px 0px 0px 0px;\n}\n.responsive #top #wrap_all .flex_column.av-3j9q29e-eea05ad4417669183db844e97f95f6fd{\nmargin-top:0;\nmargin-bottom:0;\n}\n<\/style>\n<div  class='flex_column av-3j9q29e-eea05ad4417669183db844e97f95f6fd av_one_full  avia-builder-el-14  el_before_av_one_fourth  avia-builder-el-first  first no_margin flex_column_div av-animated-generic left-to-right av-zero-column-padding  '     ><style type=\"text\/css\" data-created_by=\"avia_inline_auto\" id=\"style-css-av-pk67w2-3e1c4b54be7f3d484d2d8d281859662b\">\n#top .av_textblock_section.av-pk67w2-3e1c4b54be7f3d484d2d8d281859662b .avia_textblock{\nfont-size:40px;\ncolor:#101246;\n}\n<\/style>\n<section  class='av_textblock_section av-pk67w2-3e1c4b54be7f3d484d2d8d281859662b '   itemscope=\"itemscope\" itemtype=\"https:\/\/schema.org\/CreativeWork\" ><div class='avia_textblock av_inherit_color'  itemprop=\"text\" ><h2 style=\"text-align: center;\">\u00bfQuieres saber m\u00e1s?<\/h2>\n<\/div><\/section><br \/>\n\n<style type=\"text\/css\" data-created_by=\"avia_inline_auto\" id=\"style-css-av-2zzr7jm-eac7d829c99f99919c946ed3156ab61c\">\n#top .av_textblock_section.av-2zzr7jm-eac7d829c99f99919c946ed3156ab61c .avia_textblock{\nfont-size:17px;\ncolor:#0a0a0a;\n}\n<\/style>\n<section  class='av_textblock_section av-2zzr7jm-eac7d829c99f99919c946ed3156ab61c '   itemscope=\"itemscope\" itemtype=\"https:\/\/schema.org\/CreativeWork\" ><div class='avia_textblock av_inherit_color'  itemprop=\"text\" ><p style=\"text-align: center;\">Si necesitas contactar con nosotros puedes rellenar el siguiente formulario.<br \/>\nNos pondremos en contacto contigo lo antes posible.<\/p>\n<\/div><\/section><\/p><\/div><div class='flex_column_table av-2mqzab6-8a9157142fa6160bc803bbd375d91243 sc-av_one_fourth av-equal-height-column-flextable'>\n<style type=\"text\/css\" data-created_by=\"avia_inline_auto\" id=\"style-css-av-2mqzab6-8a9157142fa6160bc803bbd375d91243\">\n#top .flex_column_table.av-equal-height-column-flextable.av-2mqzab6-8a9157142fa6160bc803bbd375d91243{\nmargin-top:30px;\nmargin-bottom:30px;\n}\n.flex_column.av-2mqzab6-8a9157142fa6160bc803bbd375d91243{\nborder-radius:0px 0px 0px 0px;\npadding:0px 0px 0px 0px;\n}\n<\/style>\n<div  class='flex_column av-2mqzab6-8a9157142fa6160bc803bbd375d91243 av_one_fourth  avia-builder-el-17  el_after_av_one_full  el_before_av_one_half  first no_margin flex_column_table_cell av-equal-height-column av-align-top av-animated-generic left-to-right av-zero-column-padding  column-top-margin'     ><\/div>\n<style type=\"text\/css\" data-created_by=\"avia_inline_auto\" id=\"style-css-av-208k1o2-c611c705b15e3c9bfdd8be39aa6aa841\">\n#top .flex_column_table.av-equal-height-column-flextable.av-208k1o2-c611c705b15e3c9bfdd8be39aa6aa841{\nmargin-top:30px;\nmargin-bottom:30px;\n}\n.flex_column.av-208k1o2-c611c705b15e3c9bfdd8be39aa6aa841{\nborder-radius:0px 0px 0px 0px;\npadding:0px 0px 0px 0px;\n}\n<\/style>\n<div  class='flex_column av-208k1o2-c611c705b15e3c9bfdd8be39aa6aa841 av_one_half  avia-builder-el-18  el_after_av_one_fourth  el_before_av_one_fourth  no_margin flex_column_table_cell av-equal-height-column av-align-top av-animated-generic left-to-right av-zero-column-padding  column-top-margin'     ><p>\n<style type=\"text\/css\" data-created_by=\"avia_inline_auto\" id=\"style-css-av-1saljte-2274c094eb4d6bde922264e7c283f851\">\n#top .av_textblock_section.av-1saljte-2274c094eb4d6bde922264e7c283f851 .avia_textblock{\nfont-size:17px;\ncolor:#0a0a0a;\n}\n<\/style>\n<section  class='av_textblock_section av-1saljte-2274c094eb4d6bde922264e7c283f851 '   itemscope=\"itemscope\" itemtype=\"https:\/\/schema.org\/CreativeWork\" ><div class='avia_textblock av_inherit_color'  itemprop=\"text\" ><p>Los campos marcados con <span style=\"color: #b21532;\">*<\/span> son obligatorios<\/p>\n<\/div><\/section><br \/>\n<\/p><\/div>\n<style type=\"text\/css\" data-created_by=\"avia_inline_auto\" id=\"style-css-av-s3bolu-1a71de464253de9afcf0f65e19e2dcce\">\n#top .flex_column_table.av-equal-height-column-flextable.av-s3bolu-1a71de464253de9afcf0f65e19e2dcce{\nmargin-top:30px;\nmargin-bottom:30px;\n}\n.flex_column.av-s3bolu-1a71de464253de9afcf0f65e19e2dcce{\nborder-radius:0px 0px 0px 0px;\npadding:0px 0px 0px 0px;\n}\n<\/style>\n<div  class='flex_column av-s3bolu-1a71de464253de9afcf0f65e19e2dcce av_one_fourth  avia-builder-el-21  el_after_av_one_half  avia-builder-el-last  no_margin flex_column_table_cell av-equal-height-column av-align-top av-animated-generic left-to-right av-zero-column-padding  column-top-margin'     ><\/div><\/div><!--close column table wrapper. Autoclose: 1 -->\n","protected":false},"excerpt":{"rendered":"","protected":false},"author":9,"featured_media":0,"parent":36904,"menu_order":5,"comment_status":"closed","ping_status":"closed","template":"","meta":{"_acf_changed":false,"footnotes":""},"class_list":["post-38711","page","type-page","status-publish","hentry"],"acf":[],"yoast_head":"<!-- This site is optimized with the Yoast SEO plugin v27.1.1 - https:\/\/yoast.com\/product\/yoast-seo-wordpress\/ -->\n<title>Innovation Labs: innovaci\u00f3n y experimentaci\u00f3n | MTP<\/title>\n<meta name=\"description\" content=\"Espacio de innovaci\u00f3n aplicada para prototipar, validar y escalar soluciones tecnol\u00f3gicas y digitales.\" \/>\n<meta name=\"robots\" content=\"index, follow, max-snippet:-1, max-image-preview:large, max-video-preview:-1\" \/>\n<link rel=\"canonical\" href=\"https:\/\/mtp.global\/es\/innovacion\/innovation-labs\/\" \/>\n<meta property=\"og:locale\" content=\"es_ES\" \/>\n<meta property=\"og:type\" content=\"article\" \/>\n<meta property=\"og:title\" content=\"Innovation Labs: innovaci\u00f3n y experimentaci\u00f3n | MTP\" \/>\n<meta property=\"og:description\" content=\"Espacio de innovaci\u00f3n aplicada para prototipar, validar y escalar soluciones tecnol\u00f3gicas y digitales.\" \/>\n<meta property=\"og:url\" content=\"https:\/\/mtp.global\/es\/innovacion\/innovation-labs\/\" \/>\n<meta property=\"og:site_name\" content=\"MTP Espa\u00f1a\" \/>\n<meta property=\"article:modified_time\" content=\"2026-03-18T12:56:52+00:00\" \/>\n<meta name=\"twitter:card\" content=\"summary_large_image\" \/>\n<meta name=\"twitter:label1\" content=\"Tiempo de lectura\" \/>\n\t<meta name=\"twitter:data1\" content=\"2 minutos\" \/>\n<!-- \/ Yoast SEO plugin. -->","yoast_head_json":{"title":"Innovation Labs: innovaci\u00f3n y experimentaci\u00f3n | MTP","description":"Espacio de innovaci\u00f3n aplicada para prototipar, validar y escalar soluciones tecnol\u00f3gicas y digitales.","robots":{"index":"index","follow":"follow","max-snippet":"max-snippet:-1","max-image-preview":"max-image-preview:large","max-video-preview":"max-video-preview:-1"},"canonical":"https:\/\/mtp.global\/es\/innovacion\/innovation-labs\/","og_locale":"es_ES","og_type":"article","og_title":"Innovation Labs: innovaci\u00f3n y experimentaci\u00f3n | MTP","og_description":"Espacio de innovaci\u00f3n aplicada para prototipar, validar y escalar soluciones tecnol\u00f3gicas y digitales.","og_url":"https:\/\/mtp.global\/es\/innovacion\/innovation-labs\/","og_site_name":"MTP Espa\u00f1a","article_modified_time":"2026-03-18T12:56:52+00:00","twitter_card":"summary_large_image","twitter_misc":{"Tiempo de lectura":"2 minutos"},"schema":{"@context":"https:\/\/schema.org","@graph":[{"@type":"WebPage","@id":"https:\/\/mtp.global\/es\/innovacion\/innovation-labs\/","url":"https:\/\/mtp.global\/es\/innovacion\/innovation-labs\/","name":"Innovation Labs: innovaci\u00f3n y experimentaci\u00f3n | MTP","isPartOf":{"@id":"https:\/\/mtp.global\/es\/#website"},"datePublished":"2026-01-26T10:27:06+00:00","dateModified":"2026-03-18T12:56:52+00:00","description":"Espacio de innovaci\u00f3n aplicada para prototipar, validar y escalar soluciones tecnol\u00f3gicas y digitales.","breadcrumb":{"@id":"https:\/\/mtp.global\/es\/innovacion\/innovation-labs\/#breadcrumb"},"inLanguage":"es","potentialAction":[{"@type":"ReadAction","target":["https:\/\/mtp.global\/es\/innovacion\/innovation-labs\/"]}]},{"@type":"BreadcrumbList","@id":"https:\/\/mtp.global\/es\/innovacion\/innovation-labs\/#breadcrumb","itemListElement":[{"@type":"ListItem","position":1,"name":"Home","item":"https:\/\/mtp.global\/es\/home\/"},{"@type":"ListItem","position":2,"name":"Innovaci\u00f3n","item":"https:\/\/mtp.global\/es\/innovacion\/"},{"@type":"ListItem","position":3,"name":"Innovation Labs"}]},{"@type":"WebSite","@id":"https:\/\/mtp.global\/es\/#website","url":"https:\/\/mtp.global\/es\/","name":"MTP Global","description":"","publisher":{"@id":"https:\/\/mtp.global\/es\/#organization"},"potentialAction":[{"@type":"SearchAction","target":{"@type":"EntryPoint","urlTemplate":"https:\/\/mtp.global\/es\/?s={search_term_string}"},"query-input":{"@type":"PropertyValueSpecification","valueRequired":true,"valueName":"search_term_string"}}],"inLanguage":"es"},{"@type":"Organization","@id":"https:\/\/mtp.global\/es\/#organization","name":"MTP Global","url":"https:\/\/mtp.global\/es\/","logo":{"@type":"ImageObject","inLanguage":"es","@id":"https:\/\/mtp.global\/es\/#\/schema\/logo\/image\/","url":"https:\/\/mtp.global\/es\/wp-content\/uploads\/2024\/07\/MTP-global.png","contentUrl":"https:\/\/mtp.global\/es\/wp-content\/uploads\/2024\/07\/MTP-global.png","width":1200,"height":400,"caption":"MTP Global"},"image":{"@id":"https:\/\/mtp.global\/es\/#\/schema\/logo\/image\/"}}]}},"_links":{"self":[{"href":"https:\/\/mtp.global\/es\/wp-json\/wp\/v2\/pages\/38711","targetHints":{"allow":["GET"]}}],"collection":[{"href":"https:\/\/mtp.global\/es\/wp-json\/wp\/v2\/pages"}],"about":[{"href":"https:\/\/mtp.global\/es\/wp-json\/wp\/v2\/types\/page"}],"author":[{"embeddable":true,"href":"https:\/\/mtp.global\/es\/wp-json\/wp\/v2\/users\/9"}],"replies":[{"embeddable":true,"href":"https:\/\/mtp.global\/es\/wp-json\/wp\/v2\/comments?post=38711"}],"version-history":[{"count":0,"href":"https:\/\/mtp.global\/es\/wp-json\/wp\/v2\/pages\/38711\/revisions"}],"up":[{"embeddable":true,"href":"https:\/\/mtp.global\/es\/wp-json\/wp\/v2\/pages\/36904"}],"wp:attachment":[{"href":"https:\/\/mtp.global\/es\/wp-json\/wp\/v2\/media?parent=38711"}],"curies":[{"name":"wp","href":"https:\/\/api.w.org\/{rel}","templated":true}]}}