{"id":38220,"date":"2025-11-17T13:55:00","date_gmt":"2025-11-17T12:55:00","guid":{"rendered":"https:\/\/mtp.global\/es\/?page_id=38220"},"modified":"2026-04-06T12:12:04","modified_gmt":"2026-04-06T10:12:04","slug":"estado-de-informacion-no-financiera","status":"publish","type":"page","link":"https:\/\/mtp.global\/es\/politica-corporativa\/estado-de-informacion-no-financiera\/","title":{"rendered":"Estado de Informaci\u00f3n no financiera"},"content":{"rendered":"<div id='layer_slider_1'  class='avia-layerslider main_color avia-shadow  avia-builder-el-0  el_before_av_section  avia-builder-el-first  container_wrap fullsize'  style='height: 701px; max-width: 1410px; margin: 0 auto;'  ><\/div>\n\n<style type=\"text\/css\" data-created_by=\"avia_inline_auto\" id=\"style-css-av-mdn0qapu-a2fa86cf431235df482abc9818bf5d2a\">\n.avia-section.av-mdn0qapu-a2fa86cf431235df482abc9818bf5d2a{\nmargin-top:40px;\nmargin-bottom:0;\n}\n<\/style>\n<div id='main-content'  class='avia-section av-mdn0qapu-a2fa86cf431235df482abc9818bf5d2a main_color avia-section-no-padding avia-no-border-styling  avia-builder-el-1  el_after_av_layerslider  avia-builder-el-last  avia-bg-style-scroll container_wrap fullsize'  ><div class='container av-section-cont-open' ><div class='template-page content  av-content-full alpha units'><div class='post-entry post-entry-type-page post-entry-38220'><div class='entry-content-wrapper clearfix'>\n\n<style type=\"text\/css\" data-created_by=\"avia_inline_auto\" id=\"style-css-av-mdmzsj48-28d3c28860ce3a740bbe23e30d8a724b\">\n#top .av_textblock_section.av-mdmzsj48-28d3c28860ce3a740bbe23e30d8a724b .avia_textblock{\nfont-size:15px;\ncolor:#282b2e;\n}\n<\/style>\n<section  class='av_textblock_section av-mdmzsj48-28d3c28860ce3a740bbe23e30d8a724b '   itemscope=\"itemscope\" itemtype=\"https:\/\/schema.org\/CreativeWork\" ><div class='avia_textblock av_inherit_color'  itemprop=\"text\" ><p>En MTP creemos en una forma de hacer empresa que va m\u00e1s all\u00e1 de los resultados econ\u00f3micos. Por ello, ponemos a disposici\u00f3n de nuestros grupos de inter\u00e9s nuestros Estados de Informaci\u00f3n No Financiera (EINF), donde damos cuenta de nuestro desempe\u00f1o en \u00e1reas clave como la sostenibilidad ambiental, el compromiso social, la igualdad, la \u00e9tica corporativa, la gesti\u00f3n del talento y la gobernanza.<\/p>\n<p>Estos informes reflejan con transparencia c\u00f3mo integramos los valores ESG (ambientales, sociales y de buen gobierno) en nuestra actividad diaria y c\u00f3mo contribuimos de forma responsable al entorno que nos rodea.<\/p>\n<ul>\n<li><a href=\"https:\/\/mtp.global\/es\/wp-content\/uploads\/2026\/04\/Mtp24-Estado-de-Informacion-No-Financiera-junto-con-informe-de-verificacion-firmado-a-31.12.24.pdf\" target=\"_blank\" rel=\"noopener\">MTP_EINF_2024<\/a><\/li>\n<li><a href=\"https:\/\/mtp.global\/es\/wp-content\/uploads\/2026\/04\/Mtp23-Estado-de-Informacion-no-Financiera-junto-con-informe-de-verificacion-firmado.pdf\" target=\"_blank\" rel=\"noopener\">MTP_EINF_2023<\/a><\/li>\n<li><a href=\"https:\/\/mtp.global\/es\/wp-content\/uploads\/2026\/04\/MTP-EINF-2022-validado-2.pdf\" target=\"_blank\" rel=\"noopener\">MTP_EINF_2022<\/a><\/li>\n<\/ul>\n<\/div><\/section>\n\n<style type=\"text\/css\" data-created_by=\"avia_inline_auto\" id=\"style-css-av-min3z9y6-ac034c45aa6cc3a7139a321e04d5ebe1\">\n#top .hr.hr-invisible.av-min3z9y6-ac034c45aa6cc3a7139a321e04d5ebe1{\nheight:60px;\n}\n<\/style>\n<div  class='hr av-min3z9y6-ac034c45aa6cc3a7139a321e04d5ebe1 hr-invisible  avia-builder-el-3  el_after_av_textblock  avia-builder-el-last '><span class='hr-inner '><span class=\"hr-inner-style\"><\/span><\/span><\/div>\n\n","protected":false},"excerpt":{"rendered":"","protected":false},"author":9,"featured_media":0,"parent":38189,"menu_order":5,"comment_status":"closed","ping_status":"closed","template":"","meta":{"_acf_changed":false,"footnotes":""},"class_list":["post-38220","page","type-page","status-publish","hentry"],"acf":[],"yoast_head":"<!-- This site is optimized with the Yoast SEO plugin v27.1.1 - https:\/\/yoast.com\/product\/yoast-seo-wordpress\/ -->\n<title>Estado de informaci\u00f3n no financiera | MTP<\/title>\n<meta name=\"description\" content=\"Un informe que re\u00fane datos sobre sostenibilidad, impacto ambiental, desempe\u00f1o social y pr\u00e1cticas \u00e9ticas de MTP, reforzando transparencia y responsabilidad.\" \/>\n<meta name=\"robots\" content=\"index, follow, max-snippet:-1, max-image-preview:large, max-video-preview:-1\" \/>\n<link rel=\"canonical\" href=\"https:\/\/mtp.global\/es\/politica-corporativa\/estado-de-informacion-no-financiera\/\" \/>\n<meta property=\"og:locale\" content=\"es_ES\" \/>\n<meta property=\"og:type\" content=\"article\" \/>\n<meta property=\"og:title\" content=\"Estado de informaci\u00f3n no financiera | MTP\" \/>\n<meta property=\"og:description\" content=\"Un informe que re\u00fane datos sobre sostenibilidad, impacto ambiental, desempe\u00f1o social y pr\u00e1cticas \u00e9ticas de MTP, reforzando transparencia y responsabilidad.\" \/>\n<meta property=\"og:url\" content=\"https:\/\/mtp.global\/es\/politica-corporativa\/estado-de-informacion-no-financiera\/\" \/>\n<meta property=\"og:site_name\" content=\"MTP Espa\u00f1a\" \/>\n<meta property=\"article:modified_time\" content=\"2026-04-06T10:12:04+00:00\" \/>\n<meta name=\"twitter:card\" content=\"summary_large_image\" \/>\n<meta name=\"twitter:label1\" content=\"Tiempo de lectura\" \/>\n\t<meta name=\"twitter:data1\" content=\"1 minuto\" \/>\n<!-- \/ Yoast SEO plugin. -->","yoast_head_json":{"title":"Estado de informaci\u00f3n no financiera | MTP","description":"Un informe que re\u00fane datos sobre sostenibilidad, impacto ambiental, desempe\u00f1o social y pr\u00e1cticas \u00e9ticas de MTP, reforzando transparencia y responsabilidad.","robots":{"index":"index","follow":"follow","max-snippet":"max-snippet:-1","max-image-preview":"max-image-preview:large","max-video-preview":"max-video-preview:-1"},"canonical":"https:\/\/mtp.global\/es\/politica-corporativa\/estado-de-informacion-no-financiera\/","og_locale":"es_ES","og_type":"article","og_title":"Estado de informaci\u00f3n no financiera | MTP","og_description":"Un informe que re\u00fane datos sobre sostenibilidad, impacto ambiental, desempe\u00f1o social y pr\u00e1cticas \u00e9ticas de MTP, reforzando transparencia y responsabilidad.","og_url":"https:\/\/mtp.global\/es\/politica-corporativa\/estado-de-informacion-no-financiera\/","og_site_name":"MTP Espa\u00f1a","article_modified_time":"2026-04-06T10:12:04+00:00","twitter_card":"summary_large_image","twitter_misc":{"Tiempo de lectura":"1 minuto"},"schema":{"@context":"https:\/\/schema.org","@graph":[{"@type":"WebPage","@id":"https:\/\/mtp.global\/es\/politica-corporativa\/estado-de-informacion-no-financiera\/","url":"https:\/\/mtp.global\/es\/politica-corporativa\/estado-de-informacion-no-financiera\/","name":"Estado de informaci\u00f3n no financiera | MTP","isPartOf":{"@id":"https:\/\/mtp.global\/es\/#website"},"datePublished":"2025-11-17T12:55:00+00:00","dateModified":"2026-04-06T10:12:04+00:00","description":"Un informe que re\u00fane datos sobre sostenibilidad, impacto ambiental, desempe\u00f1o social y pr\u00e1cticas \u00e9ticas de MTP, reforzando transparencia y responsabilidad.","breadcrumb":{"@id":"https:\/\/mtp.global\/es\/politica-corporativa\/estado-de-informacion-no-financiera\/#breadcrumb"},"inLanguage":"es","potentialAction":[{"@type":"ReadAction","target":["https:\/\/mtp.global\/es\/politica-corporativa\/estado-de-informacion-no-financiera\/"]}]},{"@type":"BreadcrumbList","@id":"https:\/\/mtp.global\/es\/politica-corporativa\/estado-de-informacion-no-financiera\/#breadcrumb","itemListElement":[{"@type":"ListItem","position":1,"name":"Home","item":"https:\/\/mtp.global\/es\/home\/"},{"@type":"ListItem","position":2,"name":"Pol\u00edtica corporativa","item":"https:\/\/mtp.global\/es\/politica-corporativa\/"},{"@type":"ListItem","position":3,"name":"Estado de Informaci\u00f3n no financiera"}]},{"@type":"WebSite","@id":"https:\/\/mtp.global\/es\/#website","url":"https:\/\/mtp.global\/es\/","name":"MTP Global","description":"","publisher":{"@id":"https:\/\/mtp.global\/es\/#organization"},"potentialAction":[{"@type":"SearchAction","target":{"@type":"EntryPoint","urlTemplate":"https:\/\/mtp.global\/es\/?s={search_term_string}"},"query-input":{"@type":"PropertyValueSpecification","valueRequired":true,"valueName":"search_term_string"}}],"inLanguage":"es"},{"@type":"Organization","@id":"https:\/\/mtp.global\/es\/#organization","name":"MTP Global","url":"https:\/\/mtp.global\/es\/","logo":{"@type":"ImageObject","inLanguage":"es","@id":"https:\/\/mtp.global\/es\/#\/schema\/logo\/image\/","url":"https:\/\/mtp.global\/es\/wp-content\/uploads\/2024\/07\/MTP-global.png","contentUrl":"https:\/\/mtp.global\/es\/wp-content\/uploads\/2024\/07\/MTP-global.png","width":1200,"height":400,"caption":"MTP Global"},"image":{"@id":"https:\/\/mtp.global\/es\/#\/schema\/logo\/image\/"}}]}},"_links":{"self":[{"href":"https:\/\/mtp.global\/es\/wp-json\/wp\/v2\/pages\/38220","targetHints":{"allow":["GET"]}}],"collection":[{"href":"https:\/\/mtp.global\/es\/wp-json\/wp\/v2\/pages"}],"about":[{"href":"https:\/\/mtp.global\/es\/wp-json\/wp\/v2\/types\/page"}],"author":[{"embeddable":true,"href":"https:\/\/mtp.global\/es\/wp-json\/wp\/v2\/users\/9"}],"replies":[{"embeddable":true,"href":"https:\/\/mtp.global\/es\/wp-json\/wp\/v2\/comments?post=38220"}],"version-history":[{"count":0,"href":"https:\/\/mtp.global\/es\/wp-json\/wp\/v2\/pages\/38220\/revisions"}],"up":[{"embeddable":true,"href":"https:\/\/mtp.global\/es\/wp-json\/wp\/v2\/pages\/38189"}],"wp:attachment":[{"href":"https:\/\/mtp.global\/es\/wp-json\/wp\/v2\/media?parent=38220"}],"curies":[{"name":"wp","href":"https:\/\/api.w.org\/{rel}","templated":true}]}}