{"id":38217,"date":"2025-11-17T13:53:33","date_gmt":"2025-11-17T12:53:33","guid":{"rendered":"https:\/\/mtp.global\/es\/?page_id=38217"},"modified":"2026-03-18T15:26:09","modified_gmt":"2026-03-18T14:26:09","slug":"politica-de-servicios-de-desarrollo","status":"publish","type":"page","link":"https:\/\/mtp.global\/es\/politica-corporativa\/politica-de-servicios-de-desarrollo\/","title":{"rendered":"Pol\u00edtica de Servicios de Desarrollo"},"content":{"rendered":"<div id='layer_slider_1'  class='avia-layerslider main_color avia-shadow  avia-builder-el-0  el_before_av_section  avia-builder-el-first  container_wrap fullsize'  style='height: 701px; max-width: 1410px; margin: 0 auto;'  ><\/div>\n\n<style type=\"text\/css\" data-created_by=\"avia_inline_auto\" id=\"style-css-av-mdn0qapu-a2fa86cf431235df482abc9818bf5d2a\">\n.avia-section.av-mdn0qapu-a2fa86cf431235df482abc9818bf5d2a{\nmargin-top:40px;\nmargin-bottom:0;\n}\n<\/style>\n<div id='main-content'  class='avia-section av-mdn0qapu-a2fa86cf431235df482abc9818bf5d2a main_color avia-section-no-padding avia-no-border-styling  avia-builder-el-1  el_after_av_layerslider  avia-builder-el-last  avia-bg-style-scroll container_wrap fullsize'  ><div class='container av-section-cont-open' ><div class='template-page content  av-content-full alpha units'><div class='post-entry post-entry-type-page post-entry-38217'><div class='entry-content-wrapper clearfix'>\n\n<style type=\"text\/css\" data-created_by=\"avia_inline_auto\" id=\"style-css-av-mdmzsj48-28d3c28860ce3a740bbe23e30d8a724b\">\n#top .av_textblock_section.av-mdmzsj48-28d3c28860ce3a740bbe23e30d8a724b .avia_textblock{\nfont-size:15px;\ncolor:#282b2e;\n}\n<\/style>\n<section  class='av_textblock_section av-mdmzsj48-28d3c28860ce3a740bbe23e30d8a724b '   itemscope=\"itemscope\" itemtype=\"https:\/\/schema.org\/CreativeWork\" ><div class='avia_textblock av_inherit_color'  itemprop=\"text\" ><p><strong>En MTP, abordamos el desarrollo de <span lang=\"en\">software<\/span> como una actividad estrat\u00e9gica y gestionada por procesos, alineada con los principios definidos en el marco ISO\/IEC 33000.<\/strong><\/p>\n<p>Nuestra pol\u00edtica tiene como objetivo garantizar que cada proyecto contribuya de forma predecible, segura y eficiente a los objetivos del negocio y de nuestros clientes. As\u00ed, nuestros servicios de desarrollo se apoyan en los siguientes principios fundamentales:<\/p>\n<ol>\n<li><strong> Procesos definidos, medibles y mejorables<\/strong><\/li>\n<\/ol>\n<p>Todas las actividades de desarrollo siguen procesos institucionalizados, normalizados y adaptados al contexto de cada proyecto. Estos procesos est\u00e1n documentados, son repetibles, y est\u00e1n sujetos a evaluaci\u00f3n peri\u00f3dica y mejora continua. Esto garantiza la consistencia de los resultados, la trazabilidad de decisiones y el control de calidad a lo largo del ciclo de vida.<\/p>\n<ol start=\"2\">\n<li><strong> Enfoque en la capacidad del proceso<\/strong><\/li>\n<\/ol>\n<p>Adoptamos un enfoque estructurado para gestionar la capacidad y madurez de nuestros procesos, identificando oportunidades de mejora y asegurando que los procesos cumplan sus objetivos definidos. Este principio nos permite anticiparnos a desviaciones, gestionar riesgos y garantizar resultados fiables.<\/p>\n<ol start=\"3\">\n<li><strong> Seguridad integrada desde el dise\u00f1o<\/strong><\/li>\n<\/ol>\n<p>El desarrollo seguro es parte esencial de nuestra metodolog\u00eda. Aplicamos principios de <span lang=\"en\">security-by-design<\/span>, controles proactivos y evaluaciones de riesgos para garantizar que las soluciones desarrolladas sean seguras por defecto, protejan los datos tratados y cumplan con la normativa vigente en materia de ciberseguridad.<\/p>\n<ol start=\"4\">\n<li><strong> Gesti\u00f3n orientada a objetivos y resultados<\/strong><\/li>\n<\/ol>\n<p>Cada desarrollo se gestiona con enfoque en la consecuci\u00f3n de resultados medibles, tanto desde el punto de vista t\u00e9cnico como funcional. Las m\u00e9tricas, evaluaciones y revisiones permiten controlar el desempe\u00f1o del proceso y mejorar la eficacia global de cada entrega.<\/p>\n<ol start=\"5\">\n<li><strong> Mejora continua y aprendizaje organizativo<\/strong><\/li>\n<\/ol>\n<p>El modelo de desarrollo de MTP incorpora mecanismos sistem\u00e1ticos de <span lang=\"en\">feedback<\/span>, an\u00e1lisis de incidencias, evaluaci\u00f3n de desempe\u00f1o y lecciones aprendidas, permitiendo evolucionar nuestros procesos y capacidades con cada iteraci\u00f3n. Esta mejora es parte estructural de nuestra cultura organizativa.<\/p>\n<ol start=\"6\">\n<li><strong> Adaptabilidad a diferentes niveles de madurez del cliente<\/strong><\/li>\n<\/ol>\n<p>Nuestros procesos est\u00e1n dise\u00f1ados para integrarse con entornos tecnol\u00f3gicos y organizativos diversos, adapt\u00e1ndonos al grado de madurez del cliente, su metodolog\u00eda (\u00e1gil, tradicional o h\u00edbrida) y sus necesidades espec\u00edficas. Esta flexibilidad garantiza una colaboraci\u00f3n fluida y resultados sostenibles.<\/p>\n<\/div><\/section>\n\n<style type=\"text\/css\" data-created_by=\"avia_inline_auto\" id=\"style-css-av-min3wtkm-9ebd66169d0b6ebd4b624388ac6a6b1c\">\n#top .hr.hr-invisible.av-min3wtkm-9ebd66169d0b6ebd4b624388ac6a6b1c{\nheight:60px;\n}\n<\/style>\n<div  class='hr av-min3wtkm-9ebd66169d0b6ebd4b624388ac6a6b1c hr-invisible  avia-builder-el-3  el_after_av_textblock  avia-builder-el-last '><span class='hr-inner '><span class=\"hr-inner-style\"><\/span><\/span><\/div>\n\n","protected":false},"excerpt":{"rendered":"","protected":false},"author":9,"featured_media":0,"parent":38189,"menu_order":5,"comment_status":"closed","ping_status":"closed","template":"","meta":{"_acf_changed":false,"footnotes":""},"class_list":["post-38217","page","type-page","status-publish","hentry"],"acf":[],"yoast_head":"<!-- This site is optimized with the Yoast SEO plugin v27.1.1 - https:\/\/yoast.com\/product\/yoast-seo-wordpress\/ -->\n<title>Pol\u00edtica de servicios de desarrollo | MTP<\/title>\n<meta name=\"description\" content=\"Marco t\u00e9cnico y organizativo que establece los criterios de calidad, metodolog\u00edas y est\u00e1ndares aplicados por MTP para ofrecer soluciones de desarrollo.\" \/>\n<meta name=\"robots\" content=\"index, follow, max-snippet:-1, max-image-preview:large, max-video-preview:-1\" \/>\n<link rel=\"canonical\" href=\"https:\/\/mtp.global\/es\/politica-corporativa\/politica-de-servicios-de-desarrollo\/\" \/>\n<meta property=\"og:locale\" content=\"es_ES\" \/>\n<meta property=\"og:type\" content=\"article\" \/>\n<meta property=\"og:title\" content=\"Pol\u00edtica de servicios de desarrollo | MTP\" \/>\n<meta property=\"og:description\" content=\"Marco t\u00e9cnico y organizativo que establece los criterios de calidad, metodolog\u00edas y est\u00e1ndares aplicados por MTP para ofrecer soluciones de desarrollo.\" \/>\n<meta property=\"og:url\" content=\"https:\/\/mtp.global\/es\/politica-corporativa\/politica-de-servicios-de-desarrollo\/\" \/>\n<meta property=\"og:site_name\" content=\"MTP Espa\u00f1a\" \/>\n<meta property=\"article:modified_time\" content=\"2026-03-18T14:26:09+00:00\" \/>\n<meta name=\"twitter:card\" content=\"summary_large_image\" \/>\n<meta name=\"twitter:label1\" content=\"Tiempo de lectura\" \/>\n\t<meta name=\"twitter:data1\" content=\"3 minutos\" \/>\n<!-- \/ Yoast SEO plugin. -->","yoast_head_json":{"title":"Pol\u00edtica de servicios de desarrollo | MTP","description":"Marco t\u00e9cnico y organizativo que establece los criterios de calidad, metodolog\u00edas y est\u00e1ndares aplicados por MTP para ofrecer soluciones de desarrollo.","robots":{"index":"index","follow":"follow","max-snippet":"max-snippet:-1","max-image-preview":"max-image-preview:large","max-video-preview":"max-video-preview:-1"},"canonical":"https:\/\/mtp.global\/es\/politica-corporativa\/politica-de-servicios-de-desarrollo\/","og_locale":"es_ES","og_type":"article","og_title":"Pol\u00edtica de servicios de desarrollo | MTP","og_description":"Marco t\u00e9cnico y organizativo que establece los criterios de calidad, metodolog\u00edas y est\u00e1ndares aplicados por MTP para ofrecer soluciones de desarrollo.","og_url":"https:\/\/mtp.global\/es\/politica-corporativa\/politica-de-servicios-de-desarrollo\/","og_site_name":"MTP Espa\u00f1a","article_modified_time":"2026-03-18T14:26:09+00:00","twitter_card":"summary_large_image","twitter_misc":{"Tiempo de lectura":"3 minutos"},"schema":{"@context":"https:\/\/schema.org","@graph":[{"@type":"WebPage","@id":"https:\/\/mtp.global\/es\/politica-corporativa\/politica-de-servicios-de-desarrollo\/","url":"https:\/\/mtp.global\/es\/politica-corporativa\/politica-de-servicios-de-desarrollo\/","name":"Pol\u00edtica de servicios de desarrollo | MTP","isPartOf":{"@id":"https:\/\/mtp.global\/es\/#website"},"datePublished":"2025-11-17T12:53:33+00:00","dateModified":"2026-03-18T14:26:09+00:00","description":"Marco t\u00e9cnico y organizativo que establece los criterios de calidad, metodolog\u00edas y est\u00e1ndares aplicados por MTP para ofrecer soluciones de desarrollo.","breadcrumb":{"@id":"https:\/\/mtp.global\/es\/politica-corporativa\/politica-de-servicios-de-desarrollo\/#breadcrumb"},"inLanguage":"es","potentialAction":[{"@type":"ReadAction","target":["https:\/\/mtp.global\/es\/politica-corporativa\/politica-de-servicios-de-desarrollo\/"]}]},{"@type":"BreadcrumbList","@id":"https:\/\/mtp.global\/es\/politica-corporativa\/politica-de-servicios-de-desarrollo\/#breadcrumb","itemListElement":[{"@type":"ListItem","position":1,"name":"Home","item":"https:\/\/mtp.global\/es\/home\/"},{"@type":"ListItem","position":2,"name":"Pol\u00edtica corporativa","item":"https:\/\/mtp.global\/es\/politica-corporativa\/"},{"@type":"ListItem","position":3,"name":"Pol\u00edtica de Servicios de Desarrollo"}]},{"@type":"WebSite","@id":"https:\/\/mtp.global\/es\/#website","url":"https:\/\/mtp.global\/es\/","name":"MTP Global","description":"","publisher":{"@id":"https:\/\/mtp.global\/es\/#organization"},"potentialAction":[{"@type":"SearchAction","target":{"@type":"EntryPoint","urlTemplate":"https:\/\/mtp.global\/es\/?s={search_term_string}"},"query-input":{"@type":"PropertyValueSpecification","valueRequired":true,"valueName":"search_term_string"}}],"inLanguage":"es"},{"@type":"Organization","@id":"https:\/\/mtp.global\/es\/#organization","name":"MTP Global","url":"https:\/\/mtp.global\/es\/","logo":{"@type":"ImageObject","inLanguage":"es","@id":"https:\/\/mtp.global\/es\/#\/schema\/logo\/image\/","url":"https:\/\/mtp.global\/es\/wp-content\/uploads\/2024\/07\/MTP-global.png","contentUrl":"https:\/\/mtp.global\/es\/wp-content\/uploads\/2024\/07\/MTP-global.png","width":1200,"height":400,"caption":"MTP Global"},"image":{"@id":"https:\/\/mtp.global\/es\/#\/schema\/logo\/image\/"}}]}},"_links":{"self":[{"href":"https:\/\/mtp.global\/es\/wp-json\/wp\/v2\/pages\/38217","targetHints":{"allow":["GET"]}}],"collection":[{"href":"https:\/\/mtp.global\/es\/wp-json\/wp\/v2\/pages"}],"about":[{"href":"https:\/\/mtp.global\/es\/wp-json\/wp\/v2\/types\/page"}],"author":[{"embeddable":true,"href":"https:\/\/mtp.global\/es\/wp-json\/wp\/v2\/users\/9"}],"replies":[{"embeddable":true,"href":"https:\/\/mtp.global\/es\/wp-json\/wp\/v2\/comments?post=38217"}],"version-history":[{"count":0,"href":"https:\/\/mtp.global\/es\/wp-json\/wp\/v2\/pages\/38217\/revisions"}],"up":[{"embeddable":true,"href":"https:\/\/mtp.global\/es\/wp-json\/wp\/v2\/pages\/38189"}],"wp:attachment":[{"href":"https:\/\/mtp.global\/es\/wp-json\/wp\/v2\/media?parent=38217"}],"curies":[{"name":"wp","href":"https:\/\/api.w.org\/{rel}","templated":true}]}}