{"id":38214,"date":"2025-11-17T13:51:52","date_gmt":"2025-11-17T12:51:52","guid":{"rendered":"https:\/\/mtp.global\/es\/?page_id=38214"},"modified":"2026-03-18T15:26:12","modified_gmt":"2026-03-18T14:26:12","slug":"politica-de-servicios-de-pruebas","status":"publish","type":"page","link":"https:\/\/mtp.global\/es\/politica-corporativa\/politica-de-servicios-de-pruebas\/","title":{"rendered":"Pol\u00edtica de servicios de pruebas"},"content":{"rendered":"<div id='layer_slider_1'  class='avia-layerslider main_color avia-shadow  avia-builder-el-0  el_before_av_section  avia-builder-el-first  container_wrap fullsize'  style='height: 701px; max-width: 1410px; margin: 0 auto;'  ><\/div>\n\n<style type=\"text\/css\" data-created_by=\"avia_inline_auto\" id=\"style-css-av-mdn0qapu-a2fa86cf431235df482abc9818bf5d2a\">\n.avia-section.av-mdn0qapu-a2fa86cf431235df482abc9818bf5d2a{\nmargin-top:40px;\nmargin-bottom:0;\n}\n<\/style>\n<div id='main-content'  class='avia-section av-mdn0qapu-a2fa86cf431235df482abc9818bf5d2a main_color avia-section-no-padding avia-no-border-styling  avia-builder-el-1  el_after_av_layerslider  avia-builder-el-last  avia-bg-style-scroll container_wrap fullsize'  ><div class='container av-section-cont-open' ><div class='template-page content  av-content-full alpha units'><div class='post-entry post-entry-type-page post-entry-38214'><div class='entry-content-wrapper clearfix'>\n\n<style type=\"text\/css\" data-created_by=\"avia_inline_auto\" id=\"style-css-av-mdmzsj48-28d3c28860ce3a740bbe23e30d8a724b\">\n#top .av_textblock_section.av-mdmzsj48-28d3c28860ce3a740bbe23e30d8a724b .avia_textblock{\nfont-size:15px;\ncolor:#282b2e;\n}\n<\/style>\n<section  class='av_textblock_section av-mdmzsj48-28d3c28860ce3a740bbe23e30d8a724b '   itemscope=\"itemscope\" itemtype=\"https:\/\/schema.org\/CreativeWork\" ><div class='avia_textblock av_inherit_color'  itemprop=\"text\" ><p><strong>En MTP, contamos con unos principios s\u00f3lidos que definen nuestra Pol\u00edtica de Servicios de Pruebas, garant\u00eda de una oferta robusta y diferenciadora de Digital Business Assurance.<\/strong><\/p>\n<p>Nuestro enfoque se centra en ofrecer un modelo de pruebas eficaz, alineado con los objetivos del cliente, que reduce costes de correcci\u00f3n, anticipa riesgos y mejora la calidad final del producto o servicio.<\/p>\n<p>Entendemos que un servicio de pruebas de calidad no se limita a identificar errores: a\u00f1ade valor estrat\u00e9gico, potencia la toma de decisiones y fortalece la fiabilidad del sistema en entornos complejos y cambiantes.<\/p>\n<p>Nuestra pol\u00edtica se basa en los siguientes principios fundamentales:<\/p>\n<ol>\n<li><strong> Pruebas orientadas al riesgo<\/strong><\/li>\n<\/ol>\n<p>Todas nuestras actividades de validaci\u00f3n siguen un enfoque estructurado basado en an\u00e1lisis de riesgos. Esto nos permite concentrar el esfuerzo de prueba en las \u00e1reas de mayor criticidad para el negocio, reduciendo la exposici\u00f3n a fallos en componentes clave.<\/p>\n<ol start=\"2\">\n<li><strong> Pruebas fundamentadas en m\u00e9todos estad\u00edsticos<\/strong><\/li>\n<\/ol>\n<p>Utilizamos m\u00e9todos estad\u00edsticos y t\u00e9cnicas de muestreo para seleccionar casos representativos que predicen con fiabilidad la calidad global del software. Este enfoque nos permite optimizar tiempos y recursos, sin sacrificar cobertura ni profundidad.<\/p>\n<ol start=\"3\">\n<li><strong> Prevenci\u00f3n proactiva de defectos<\/strong><\/li>\n<\/ol>\n<p>Adoptamos una cultura de prevenci\u00f3n por encima de detecci\u00f3n. Analizamos causas ra\u00edz, detectamos patrones recurrentes y definimos acciones correctivas tempranas para evitar que los errores se reproduzcan a lo largo del ciclo de vida del desarrollo.<\/p>\n<ol start=\"4\">\n<li><strong> Automatizaci\u00f3n como catalizador de eficiencia<\/strong><\/li>\n<\/ol>\n<p>Integramos herramientas y marcos de automatizaci\u00f3n de pruebas funcionales, de rendimiento y regresi\u00f3n para aumentar la cobertura, reducir tiempos de ejecuci\u00f3n y mejorar la fiabilidad en entornos CI\/CD (Integraci\u00f3n y Despliegue Continuos).<\/p>\n<ol start=\"5\">\n<li><strong> Visibilidad y trazabilidad del proceso de pruebas<\/strong><\/li>\n<\/ol>\n<p>Aseguramos la trazabilidad completa desde los requisitos hasta los resultados de prueba, permitiendo a nuestros clientes tomar decisiones basadas en datos y evidencias objetivas sobre el estado de calidad del software.<\/p>\n<ol start=\"6\">\n<li><strong> Adaptabilidad al contexto del cliente<\/strong><\/li>\n<\/ol>\n<p>Nuestros servicios se adaptan a las particularidades de cada cliente: su sector, tecnolog\u00eda, metodolog\u00eda y madurez organizativa. La estrategia de pruebas puede personalizarse para ajustarse a modelos \u00e1giles, h\u00edbridos o tradicionales, sin comprometer la consistencia ni los principios de calidad.<\/p>\n<ol start=\"7\">\n<li><strong> Uso responsable de la IA<\/strong><\/li>\n<\/ol>\n<p>Incorporamos la inteligencia artificial en nuestros procesos de pruebas de forma \u00e9tica, segura y transparente. Evaluamos la fiabilidad de los modelos utilizados, supervisamos los resultados generados y aseguramos que el uso de IA no comprometa la equidad, la trazabilidad ni la protecci\u00f3n de datos en ning\u00fan entorno de prueba.<\/p>\n<\/div><\/section>\n\n<style type=\"text\/css\" data-created_by=\"avia_inline_auto\" id=\"style-css-av-min3ux1x-168a2a8a9076f355af237b6bad0e3f19\">\n#top .hr.hr-invisible.av-min3ux1x-168a2a8a9076f355af237b6bad0e3f19{\nheight:60px;\n}\n<\/style>\n<div  class='hr av-min3ux1x-168a2a8a9076f355af237b6bad0e3f19 hr-invisible  avia-builder-el-3  el_after_av_textblock  avia-builder-el-last '><span class='hr-inner '><span class=\"hr-inner-style\"><\/span><\/span><\/div>\n\n","protected":false},"excerpt":{"rendered":"","protected":false},"author":9,"featured_media":0,"parent":38189,"menu_order":5,"comment_status":"closed","ping_status":"closed","template":"","meta":{"_acf_changed":false,"footnotes":""},"class_list":["post-38214","page","type-page","status-publish","hentry"],"acf":[],"yoast_head":"<!-- This site is optimized with the Yoast SEO plugin v27.1.1 - https:\/\/yoast.com\/product\/yoast-seo-wordpress\/ -->\n<title>Pol\u00edtica de servicios de pruebas de MTP | MTP<\/title>\n<meta name=\"description\" content=\"Una base metodol\u00f3gica que define la calidad y el rigor de los servicios de pruebas ofrecidos por MTP, asegurando precisi\u00f3n, eficiencia y resultados.\" \/>\n<meta name=\"robots\" content=\"index, follow, max-snippet:-1, max-image-preview:large, max-video-preview:-1\" \/>\n<link rel=\"canonical\" href=\"https:\/\/mtp.global\/es\/politica-corporativa\/politica-de-servicios-de-pruebas\/\" \/>\n<meta property=\"og:locale\" content=\"es_ES\" \/>\n<meta property=\"og:type\" content=\"article\" \/>\n<meta property=\"og:title\" content=\"Pol\u00edtica de servicios de pruebas de MTP | MTP\" \/>\n<meta property=\"og:description\" content=\"Una base metodol\u00f3gica que define la calidad y el rigor de los servicios de pruebas ofrecidos por MTP, asegurando precisi\u00f3n, eficiencia y resultados.\" \/>\n<meta property=\"og:url\" content=\"https:\/\/mtp.global\/es\/politica-corporativa\/politica-de-servicios-de-pruebas\/\" \/>\n<meta property=\"og:site_name\" content=\"MTP Espa\u00f1a\" \/>\n<meta property=\"article:modified_time\" content=\"2026-03-18T14:26:12+00:00\" \/>\n<meta name=\"twitter:card\" content=\"summary_large_image\" \/>\n<meta name=\"twitter:label1\" content=\"Tiempo de lectura\" \/>\n\t<meta name=\"twitter:data1\" content=\"3 minutos\" \/>\n<!-- \/ Yoast SEO plugin. -->","yoast_head_json":{"title":"Pol\u00edtica de servicios de pruebas de MTP | MTP","description":"Una base metodol\u00f3gica que define la calidad y el rigor de los servicios de pruebas ofrecidos por MTP, asegurando precisi\u00f3n, eficiencia y resultados.","robots":{"index":"index","follow":"follow","max-snippet":"max-snippet:-1","max-image-preview":"max-image-preview:large","max-video-preview":"max-video-preview:-1"},"canonical":"https:\/\/mtp.global\/es\/politica-corporativa\/politica-de-servicios-de-pruebas\/","og_locale":"es_ES","og_type":"article","og_title":"Pol\u00edtica de servicios de pruebas de MTP | MTP","og_description":"Una base metodol\u00f3gica que define la calidad y el rigor de los servicios de pruebas ofrecidos por MTP, asegurando precisi\u00f3n, eficiencia y resultados.","og_url":"https:\/\/mtp.global\/es\/politica-corporativa\/politica-de-servicios-de-pruebas\/","og_site_name":"MTP Espa\u00f1a","article_modified_time":"2026-03-18T14:26:12+00:00","twitter_card":"summary_large_image","twitter_misc":{"Tiempo de lectura":"3 minutos"},"schema":{"@context":"https:\/\/schema.org","@graph":[{"@type":"WebPage","@id":"https:\/\/mtp.global\/es\/politica-corporativa\/politica-de-servicios-de-pruebas\/","url":"https:\/\/mtp.global\/es\/politica-corporativa\/politica-de-servicios-de-pruebas\/","name":"Pol\u00edtica de servicios de pruebas de MTP | MTP","isPartOf":{"@id":"https:\/\/mtp.global\/es\/#website"},"datePublished":"2025-11-17T12:51:52+00:00","dateModified":"2026-03-18T14:26:12+00:00","description":"Una base metodol\u00f3gica que define la calidad y el rigor de los servicios de pruebas ofrecidos por MTP, asegurando precisi\u00f3n, eficiencia y resultados.","breadcrumb":{"@id":"https:\/\/mtp.global\/es\/politica-corporativa\/politica-de-servicios-de-pruebas\/#breadcrumb"},"inLanguage":"es","potentialAction":[{"@type":"ReadAction","target":["https:\/\/mtp.global\/es\/politica-corporativa\/politica-de-servicios-de-pruebas\/"]}]},{"@type":"BreadcrumbList","@id":"https:\/\/mtp.global\/es\/politica-corporativa\/politica-de-servicios-de-pruebas\/#breadcrumb","itemListElement":[{"@type":"ListItem","position":1,"name":"Home","item":"https:\/\/mtp.global\/es\/home\/"},{"@type":"ListItem","position":2,"name":"Pol\u00edtica corporativa","item":"https:\/\/mtp.global\/es\/politica-corporativa\/"},{"@type":"ListItem","position":3,"name":"Pol\u00edtica de servicios de pruebas"}]},{"@type":"WebSite","@id":"https:\/\/mtp.global\/es\/#website","url":"https:\/\/mtp.global\/es\/","name":"MTP Global","description":"","publisher":{"@id":"https:\/\/mtp.global\/es\/#organization"},"potentialAction":[{"@type":"SearchAction","target":{"@type":"EntryPoint","urlTemplate":"https:\/\/mtp.global\/es\/?s={search_term_string}"},"query-input":{"@type":"PropertyValueSpecification","valueRequired":true,"valueName":"search_term_string"}}],"inLanguage":"es"},{"@type":"Organization","@id":"https:\/\/mtp.global\/es\/#organization","name":"MTP Global","url":"https:\/\/mtp.global\/es\/","logo":{"@type":"ImageObject","inLanguage":"es","@id":"https:\/\/mtp.global\/es\/#\/schema\/logo\/image\/","url":"https:\/\/mtp.global\/es\/wp-content\/uploads\/2024\/07\/MTP-global.png","contentUrl":"https:\/\/mtp.global\/es\/wp-content\/uploads\/2024\/07\/MTP-global.png","width":1200,"height":400,"caption":"MTP Global"},"image":{"@id":"https:\/\/mtp.global\/es\/#\/schema\/logo\/image\/"}}]}},"_links":{"self":[{"href":"https:\/\/mtp.global\/es\/wp-json\/wp\/v2\/pages\/38214","targetHints":{"allow":["GET"]}}],"collection":[{"href":"https:\/\/mtp.global\/es\/wp-json\/wp\/v2\/pages"}],"about":[{"href":"https:\/\/mtp.global\/es\/wp-json\/wp\/v2\/types\/page"}],"author":[{"embeddable":true,"href":"https:\/\/mtp.global\/es\/wp-json\/wp\/v2\/users\/9"}],"replies":[{"embeddable":true,"href":"https:\/\/mtp.global\/es\/wp-json\/wp\/v2\/comments?post=38214"}],"version-history":[{"count":0,"href":"https:\/\/mtp.global\/es\/wp-json\/wp\/v2\/pages\/38214\/revisions"}],"up":[{"embeddable":true,"href":"https:\/\/mtp.global\/es\/wp-json\/wp\/v2\/pages\/38189"}],"wp:attachment":[{"href":"https:\/\/mtp.global\/es\/wp-json\/wp\/v2\/media?parent=38214"}],"curies":[{"name":"wp","href":"https:\/\/api.w.org\/{rel}","templated":true}]}}