{"id":38206,"date":"2025-11-17T13:47:03","date_gmt":"2025-11-17T12:47:03","guid":{"rendered":"https:\/\/mtp.global\/es\/?page_id=38206"},"modified":"2026-03-18T15:26:04","modified_gmt":"2026-03-18T14:26:04","slug":"politica-de-seguridad-de-la-informacion","status":"publish","type":"page","link":"https:\/\/mtp.global\/es\/politica-corporativa\/politica-de-seguridad-de-la-informacion\/","title":{"rendered":"Pol\u00edtica de seguridad de la informaci\u00f3n"},"content":{"rendered":"<div id='layer_slider_1'  class='avia-layerslider main_color avia-shadow  avia-builder-el-0  el_before_av_section  avia-builder-el-first  container_wrap fullsize'  style='height: 701px; max-width: 1410px; margin: 0 auto;'  ><\/div>\n\n<style type=\"text\/css\" data-created_by=\"avia_inline_auto\" id=\"style-css-av-mdn0qapu-a2fa86cf431235df482abc9818bf5d2a\">\n.avia-section.av-mdn0qapu-a2fa86cf431235df482abc9818bf5d2a{\nmargin-top:40px;\nmargin-bottom:0;\n}\n<\/style>\n<div id='main-content'  class='avia-section av-mdn0qapu-a2fa86cf431235df482abc9818bf5d2a main_color avia-section-no-padding avia-no-border-styling  avia-builder-el-1  el_after_av_layerslider  avia-builder-el-last  avia-bg-style-scroll container_wrap fullsize'  ><div class='container av-section-cont-open' ><div class='template-page content  av-content-full alpha units'><div class='post-entry post-entry-type-page post-entry-38206'><div class='entry-content-wrapper clearfix'>\n\n<style type=\"text\/css\" data-created_by=\"avia_inline_auto\" id=\"style-css-av-mdmzsj48-28d3c28860ce3a740bbe23e30d8a724b\">\n#top .av_textblock_section.av-mdmzsj48-28d3c28860ce3a740bbe23e30d8a724b .avia_textblock{\nfont-size:15px;\ncolor:#282b2e;\n}\n<\/style>\n<section  class='av_textblock_section av-mdmzsj48-28d3c28860ce3a740bbe23e30d8a724b '   itemscope=\"itemscope\" itemtype=\"https:\/\/schema.org\/CreativeWork\" ><div class='avia_textblock av_inherit_color'  itemprop=\"text\" ><p>En MTP, la seguridad de la informaci\u00f3n no es un complemento, sino un requisito estrat\u00e9gico que sustenta la confianza de nuestros clientes, la continuidad de nuestros servicios y el cumplimiento de nuestras obligaciones legales y \u00e9ticas.<\/p>\n<p>La naturaleza de nuestra actividad, la estructura organizativa, la legislaci\u00f3n vigente y nuestro compromiso con la excelencia nos llevan a situar la seguridad como un pilar clave de nuestra operaci\u00f3n. En ese contexto, los principios que rigen nuestra pol\u00edtica son:<\/p>\n<ol>\n<li><strong> Visi\u00f3n global y estrat\u00e9gica<\/strong><\/li>\n<\/ol>\n<p>Entendemos la seguridad de la informaci\u00f3n como un elemento estructural para la sostenibilidad y mejora continua de nuestros servicios, y como una responsabilidad directa en nuestra contribuci\u00f3n al entorno social y empresarial.<\/p>\n<ol start=\"2\">\n<li><strong> Confidencialidad, integridad, disponibilidad y trazabilidad<\/strong><\/li>\n<\/ol>\n<p>Nos comprometemos a garantizar los principios fundamentales de la seguridad de la informaci\u00f3n:<\/p>\n<ul>\n<li>Confidencialidad: solo quienes deben acceder, acceden.<\/li>\n<li>Integridad: la informaci\u00f3n no se altera sin control.<\/li>\n<li>Disponibilidad: los datos y servicios est\u00e1n accesibles cuando se necesitan.<\/li>\n<li>Autenticidad y trazabilidad: cada acci\u00f3n es identificable y verificable.<\/li>\n<\/ul>\n<ol start=\"3\">\n<li><strong> Gesti\u00f3n basada en riesgos<\/strong><\/li>\n<\/ol>\n<p>El dise\u00f1o y evoluci\u00f3n de nuestro Sistema de Gesti\u00f3n de Seguridad de la Informaci\u00f3n (SGSI) se basa en la identificaci\u00f3n, evaluaci\u00f3n y gesti\u00f3n de riesgos. Implantamos controles proporcionales a la criticidad de los activos y a las amenazas detectadas.<\/p>\n<ol start=\"4\">\n<li><strong> Continuidad del negocio<\/strong><\/li>\n<\/ol>\n<p>Disponemos de un plan de continuidad operativa que nos permite afrontar situaciones de crisis o desastre con el menor impacto posible, asegurando la r\u00e1pida recuperaci\u00f3n de los servicios esenciales.<\/p>\n<ol start=\"5\">\n<li><strong> Prevenci\u00f3n y aprendizaje continuo<\/strong><\/li>\n<\/ol>\n<p>Priorizamos la prevenci\u00f3n de amenazas a trav\u00e9s de controles proactivos y promovemos una cultura de mejora continua, donde cada incidencia es analizada, gestionada y documentada para aprender de ella y reforzar nuestras capacidades.<\/p>\n<\/div><\/section>\n\n<style type=\"text\/css\" data-created_by=\"avia_inline_auto\" id=\"style-css-av-min3r83d-f57fa919b09dad9beae72817ce9cf2d2\">\n#top .hr.hr-invisible.av-min3r83d-f57fa919b09dad9beae72817ce9cf2d2{\nheight:60px;\n}\n<\/style>\n<div  class='hr av-min3r83d-f57fa919b09dad9beae72817ce9cf2d2 hr-invisible  avia-builder-el-3  el_after_av_textblock  avia-builder-el-last '><span class='hr-inner '><span class=\"hr-inner-style\"><\/span><\/span><\/div>\n\n","protected":false},"excerpt":{"rendered":"","protected":false},"author":9,"featured_media":0,"parent":38189,"menu_order":5,"comment_status":"closed","ping_status":"closed","template":"","meta":{"_acf_changed":false,"footnotes":""},"class_list":["post-38206","page","type-page","status-publish","hentry"],"acf":[],"yoast_head":"<!-- This site is optimized with the Yoast SEO plugin v27.1.1 - https:\/\/yoast.com\/product\/yoast-seo-wordpress\/ -->\n<title>Pol\u00edtica de seguridad de la informaci\u00f3n | MTP<\/title>\n<meta name=\"description\" content=\"Medidas y controles dise\u00f1ado para proteger la informaci\u00f3n gestionada por MTP, asegurando confidencialidad, integridad y disponibilidad constante.\" \/>\n<meta name=\"robots\" content=\"index, follow, max-snippet:-1, max-image-preview:large, max-video-preview:-1\" \/>\n<link rel=\"canonical\" href=\"https:\/\/mtp.global\/es\/politica-corporativa\/politica-de-seguridad-de-la-informacion\/\" \/>\n<meta property=\"og:locale\" content=\"es_ES\" \/>\n<meta property=\"og:type\" content=\"article\" \/>\n<meta property=\"og:title\" content=\"Pol\u00edtica de seguridad de la informaci\u00f3n | MTP\" \/>\n<meta property=\"og:description\" content=\"Medidas y controles dise\u00f1ado para proteger la informaci\u00f3n gestionada por MTP, asegurando confidencialidad, integridad y disponibilidad constante.\" \/>\n<meta property=\"og:url\" content=\"https:\/\/mtp.global\/es\/politica-corporativa\/politica-de-seguridad-de-la-informacion\/\" \/>\n<meta property=\"og:site_name\" content=\"MTP Espa\u00f1a\" \/>\n<meta property=\"article:modified_time\" content=\"2026-03-18T14:26:04+00:00\" \/>\n<meta name=\"twitter:card\" content=\"summary_large_image\" \/>\n<meta name=\"twitter:label1\" content=\"Tiempo de lectura\" \/>\n\t<meta name=\"twitter:data1\" content=\"2 minutos\" \/>\n<!-- \/ Yoast SEO plugin. -->","yoast_head_json":{"title":"Pol\u00edtica de seguridad de la informaci\u00f3n | MTP","description":"Medidas y controles dise\u00f1ado para proteger la informaci\u00f3n gestionada por MTP, asegurando confidencialidad, integridad y disponibilidad constante.","robots":{"index":"index","follow":"follow","max-snippet":"max-snippet:-1","max-image-preview":"max-image-preview:large","max-video-preview":"max-video-preview:-1"},"canonical":"https:\/\/mtp.global\/es\/politica-corporativa\/politica-de-seguridad-de-la-informacion\/","og_locale":"es_ES","og_type":"article","og_title":"Pol\u00edtica de seguridad de la informaci\u00f3n | MTP","og_description":"Medidas y controles dise\u00f1ado para proteger la informaci\u00f3n gestionada por MTP, asegurando confidencialidad, integridad y disponibilidad constante.","og_url":"https:\/\/mtp.global\/es\/politica-corporativa\/politica-de-seguridad-de-la-informacion\/","og_site_name":"MTP Espa\u00f1a","article_modified_time":"2026-03-18T14:26:04+00:00","twitter_card":"summary_large_image","twitter_misc":{"Tiempo de lectura":"2 minutos"},"schema":{"@context":"https:\/\/schema.org","@graph":[{"@type":"WebPage","@id":"https:\/\/mtp.global\/es\/politica-corporativa\/politica-de-seguridad-de-la-informacion\/","url":"https:\/\/mtp.global\/es\/politica-corporativa\/politica-de-seguridad-de-la-informacion\/","name":"Pol\u00edtica de seguridad de la informaci\u00f3n | MTP","isPartOf":{"@id":"https:\/\/mtp.global\/es\/#website"},"datePublished":"2025-11-17T12:47:03+00:00","dateModified":"2026-03-18T14:26:04+00:00","description":"Medidas y controles dise\u00f1ado para proteger la informaci\u00f3n gestionada por MTP, asegurando confidencialidad, integridad y disponibilidad constante.","breadcrumb":{"@id":"https:\/\/mtp.global\/es\/politica-corporativa\/politica-de-seguridad-de-la-informacion\/#breadcrumb"},"inLanguage":"es","potentialAction":[{"@type":"ReadAction","target":["https:\/\/mtp.global\/es\/politica-corporativa\/politica-de-seguridad-de-la-informacion\/"]}]},{"@type":"BreadcrumbList","@id":"https:\/\/mtp.global\/es\/politica-corporativa\/politica-de-seguridad-de-la-informacion\/#breadcrumb","itemListElement":[{"@type":"ListItem","position":1,"name":"Home","item":"https:\/\/mtp.global\/es\/home\/"},{"@type":"ListItem","position":2,"name":"Pol\u00edtica corporativa","item":"https:\/\/mtp.global\/es\/politica-corporativa\/"},{"@type":"ListItem","position":3,"name":"Pol\u00edtica de seguridad de la informaci\u00f3n"}]},{"@type":"WebSite","@id":"https:\/\/mtp.global\/es\/#website","url":"https:\/\/mtp.global\/es\/","name":"MTP Global","description":"","publisher":{"@id":"https:\/\/mtp.global\/es\/#organization"},"potentialAction":[{"@type":"SearchAction","target":{"@type":"EntryPoint","urlTemplate":"https:\/\/mtp.global\/es\/?s={search_term_string}"},"query-input":{"@type":"PropertyValueSpecification","valueRequired":true,"valueName":"search_term_string"}}],"inLanguage":"es"},{"@type":"Organization","@id":"https:\/\/mtp.global\/es\/#organization","name":"MTP Global","url":"https:\/\/mtp.global\/es\/","logo":{"@type":"ImageObject","inLanguage":"es","@id":"https:\/\/mtp.global\/es\/#\/schema\/logo\/image\/","url":"https:\/\/mtp.global\/es\/wp-content\/uploads\/2024\/07\/MTP-global.png","contentUrl":"https:\/\/mtp.global\/es\/wp-content\/uploads\/2024\/07\/MTP-global.png","width":1200,"height":400,"caption":"MTP Global"},"image":{"@id":"https:\/\/mtp.global\/es\/#\/schema\/logo\/image\/"}}]}},"_links":{"self":[{"href":"https:\/\/mtp.global\/es\/wp-json\/wp\/v2\/pages\/38206","targetHints":{"allow":["GET"]}}],"collection":[{"href":"https:\/\/mtp.global\/es\/wp-json\/wp\/v2\/pages"}],"about":[{"href":"https:\/\/mtp.global\/es\/wp-json\/wp\/v2\/types\/page"}],"author":[{"embeddable":true,"href":"https:\/\/mtp.global\/es\/wp-json\/wp\/v2\/users\/9"}],"replies":[{"embeddable":true,"href":"https:\/\/mtp.global\/es\/wp-json\/wp\/v2\/comments?post=38206"}],"version-history":[{"count":0,"href":"https:\/\/mtp.global\/es\/wp-json\/wp\/v2\/pages\/38206\/revisions"}],"up":[{"embeddable":true,"href":"https:\/\/mtp.global\/es\/wp-json\/wp\/v2\/pages\/38189"}],"wp:attachment":[{"href":"https:\/\/mtp.global\/es\/wp-json\/wp\/v2\/media?parent=38206"}],"curies":[{"name":"wp","href":"https:\/\/api.w.org\/{rel}","templated":true}]}}