{"id":38189,"date":"2025-11-17T13:34:54","date_gmt":"2025-11-17T12:34:54","guid":{"rendered":"https:\/\/mtp.global\/es\/?page_id=38189"},"modified":"2026-03-26T13:08:12","modified_gmt":"2026-03-26T12:08:12","slug":"politica-corporativa","status":"publish","type":"page","link":"https:\/\/mtp.global\/es\/politica-corporativa\/","title":{"rendered":"Pol\u00edtica corporativa"},"content":{"rendered":"<div id='layer_slider_1'  class='avia-layerslider main_color avia-shadow  avia-builder-el-0  el_before_av_section  avia-builder-el-first  container_wrap fullsize'  style='height: 701px; max-width: 1410px; margin: 0 auto;'  ><\/div>\n\n<style type=\"text\/css\" data-created_by=\"avia_inline_auto\" id=\"style-css-av-mdn0qapu-a2fa86cf431235df482abc9818bf5d2a\">\n.avia-section.av-mdn0qapu-a2fa86cf431235df482abc9818bf5d2a{\nmargin-top:40px;\nmargin-bottom:0;\n}\n<\/style>\n<div id='main-content'  class='avia-section av-mdn0qapu-a2fa86cf431235df482abc9818bf5d2a main_color avia-section-no-padding avia-no-border-styling  avia-builder-el-1  el_after_av_layerslider  avia-builder-el-last  avia-bg-style-scroll container_wrap fullsize'  ><div class='container av-section-cont-open' ><div class='template-page content  av-content-full alpha units'><div class='post-entry post-entry-type-page post-entry-38189'><div class='entry-content-wrapper clearfix'>\n\n<style type=\"text\/css\" data-created_by=\"avia_inline_auto\" id=\"style-css-av-mdmzsj48-28d3c28860ce3a740bbe23e30d8a724b\">\n#top .av_textblock_section.av-mdmzsj48-28d3c28860ce3a740bbe23e30d8a724b .avia_textblock{\nfont-size:15px;\ncolor:#282b2e;\n}\n<\/style>\n<section  class='av_textblock_section av-mdmzsj48-28d3c28860ce3a740bbe23e30d8a724b '   itemscope=\"itemscope\" itemtype=\"https:\/\/schema.org\/CreativeWork\" ><div class='avia_textblock av_inherit_color'  itemprop=\"text\" ><p>\u00daltima actualizaci\u00f3n: 14\/03\/2023<\/p>\n<p>En MTP, como especialistas en Aseguramiento de la Calidad y l\u00edderes en <span lang=\"en\">Digital Business Assurance<\/span>, nos comprometemos a aportar valor a nuestros clientes y nuestra <strong>misi\u00f3n<\/strong> es ofrecer servicios y soluciones innovadoras y eficientes mediante el uso \u00f3ptimo de las tecnolog\u00edas de la informaci\u00f3n.<\/p>\n<p>Nuestra <strong>visi\u00f3n<\/strong> es ser la primera opci\u00f3n de contrataci\u00f3n de servicios especializados en Calidad de los Sistemas de Informaci\u00f3n para empresas l\u00edderes en todos los sectores, y aportar rentabilidad, crecimiento y rendimiento asegurados a todos nuestros clientes.<\/p>\n<h2><strong>Principios rectores<\/strong><\/h2>\n<p>Las pol\u00edticas y criterios de comportamiento espec\u00edficos que rigen en MTP se enfocan en:<\/p>\n<ol>\n<li>La calidad y la excelencia en el servicio para obtener la m\u00e1xima satisfacci\u00f3n y fidelidad de nuestros clientes.<\/li>\n<li>La reputaci\u00f3n y prestigio que debemos transmitir a nuestros proveedores y colaboradores de negocio.<\/li>\n<li>El fomento y protecci\u00f3n de nuestros trabajadores.<\/li>\n<li>El cumplimiento de la legalidad m\u00e1s estricta frente a los organismos p\u00fablicos.<\/li>\n<li>El respeto y compromiso con la comunidad y el entorno.<\/li>\n<li>La transparencia de nuestras actividades respecto a los mercados organizados en los que participamos.<\/li>\n<\/ol>\n<h2><strong>Compromiso con la transparencia y la excelencia operativa<\/strong><\/h2>\n<p>En MTP entendemos que la confianza se construye con hechos. Por eso, ponemos a disposici\u00f3n de nuestros clientes, colaboradores y grupos de inter\u00e9s el conjunto de nuestras pol\u00edticas corporativas y documentaci\u00f3n clave, que rigen nuestra actividad diaria y garantizan un modelo de gesti\u00f3n s\u00f3lido, seguro y responsable.<\/p>\n<p>Cada uno de estos contenidos ha sido dise\u00f1ado y actualizado para cumplir con los m\u00e1s altos est\u00e1ndares sectoriales, y son aplicables a todas las unidades de negocio de MTP, tanto a nivel nacional como internacional.<\/p>\n<ul>\n<li><a href=\"https:\/\/mtp.global\/es\/politica-corporativa\/sistema-de-gestion-integrado\/\">Sistema de Gesti\u00f3n Integrado<\/a><\/li>\n<li><a href=\"https:\/\/mtp.global\/es\/politica-corporativa\/politica-de-gestion-de-proveedores\/\">Pol\u00edtica de gesti\u00f3n de proveedores<\/a><\/li>\n<li><a href=\"https:\/\/mtp.global\/es\/politica-corporativa\/politica-de-gestion-ambiental\/\">Pol\u00edtica de gesti\u00f3n ambiental<\/a><\/li>\n<li><a href=\"https:\/\/mtp.global\/es\/politica-corporativa\/politica-de-seguridad-de-la-informacion\/\">Pol\u00edtica de seguridad de la informaci\u00f3n<\/a><\/li>\n<li><a href=\"https:\/\/mtp.global\/es\/politica-corporativa\/codigo-etico\/\">C\u00f3digo \u00c9tico<\/a><\/li>\n<li><a href=\"https:\/\/mtp.global\/es\/politica-corporativa\/politica-de-servicios-de-pruebas\/\">Pol\u00edtica de servicios de pruebas<\/a><\/li>\n<li><a href=\"https:\/\/mtp.global\/es\/politica-corporativa\/politica-de-servicios-de-desarrollo\/\">Pol\u00edtica de servicios de desarrollo<\/a><\/li>\n<li><a href=\"https:\/\/mtp.global\/es\/politica-corporativa\/estado-de-informacion-no-financiera\/\">EINF. Estado de Informaci\u00f3n No Financiera<\/a><\/li>\n<li><a href=\"https:\/\/mtp.global\/es\/politica-corporativa\/politica-de-igualdad\/\">Pol\u00edtica de Igualdad<\/a><\/li>\n<\/ul>\n<\/div><\/section>\n\n<style type=\"text\/css\" data-created_by=\"avia_inline_auto\" id=\"style-css-av-min3fog0-800840bf11b438751df3f6eb6a40b195\">\n#top .hr.hr-invisible.av-min3fog0-800840bf11b438751df3f6eb6a40b195{\nheight:60px;\n}\n<\/style>\n<div  class='hr av-min3fog0-800840bf11b438751df3f6eb6a40b195 hr-invisible  avia-builder-el-3  el_after_av_textblock  avia-builder-el-last '><span class='hr-inner '><span class=\"hr-inner-style\"><\/span><\/span><\/div>\n\n","protected":false},"excerpt":{"rendered":"","protected":false},"author":9,"featured_media":0,"parent":0,"menu_order":5,"comment_status":"closed","ping_status":"closed","template":"","meta":{"_acf_changed":false,"footnotes":""},"class_list":["post-38189","page","type-page","status-publish","hentry"],"acf":[],"yoast_head":"<!-- This site is optimized with the Yoast SEO plugin v27.1.1 - https:\/\/yoast.com\/product\/yoast-seo-wordpress\/ -->\n<title>Pol\u00edtica corporativa y valores empresariales | MTP<\/title>\n<meta name=\"description\" content=\"Principios y valores que orientan la actuaci\u00f3n de MTP, con especial atenci\u00f3n a la responsabilidad, la mejora continua y la relaci\u00f3n con clientes.\" \/>\n<meta name=\"robots\" content=\"index, follow, max-snippet:-1, max-image-preview:large, max-video-preview:-1\" \/>\n<link rel=\"canonical\" href=\"https:\/\/mtp.global\/es\/politica-corporativa\/\" \/>\n<meta property=\"og:locale\" content=\"es_ES\" \/>\n<meta property=\"og:type\" content=\"article\" \/>\n<meta property=\"og:title\" content=\"Pol\u00edtica corporativa y valores empresariales | MTP\" \/>\n<meta property=\"og:description\" content=\"Principios y valores que orientan la actuaci\u00f3n de MTP, con especial atenci\u00f3n a la responsabilidad, la mejora continua y la relaci\u00f3n con clientes.\" \/>\n<meta property=\"og:url\" content=\"https:\/\/mtp.global\/es\/politica-corporativa\/\" \/>\n<meta property=\"og:site_name\" content=\"MTP Espa\u00f1a\" \/>\n<meta property=\"article:modified_time\" content=\"2026-03-26T12:08:12+00:00\" \/>\n<meta name=\"twitter:card\" content=\"summary_large_image\" \/>\n<meta name=\"twitter:label1\" content=\"Tiempo de lectura\" \/>\n\t<meta name=\"twitter:data1\" content=\"2 minutos\" \/>\n<!-- \/ Yoast SEO plugin. -->","yoast_head_json":{"title":"Pol\u00edtica corporativa y valores empresariales | MTP","description":"Principios y valores que orientan la actuaci\u00f3n de MTP, con especial atenci\u00f3n a la responsabilidad, la mejora continua y la relaci\u00f3n con clientes.","robots":{"index":"index","follow":"follow","max-snippet":"max-snippet:-1","max-image-preview":"max-image-preview:large","max-video-preview":"max-video-preview:-1"},"canonical":"https:\/\/mtp.global\/es\/politica-corporativa\/","og_locale":"es_ES","og_type":"article","og_title":"Pol\u00edtica corporativa y valores empresariales | MTP","og_description":"Principios y valores que orientan la actuaci\u00f3n de MTP, con especial atenci\u00f3n a la responsabilidad, la mejora continua y la relaci\u00f3n con clientes.","og_url":"https:\/\/mtp.global\/es\/politica-corporativa\/","og_site_name":"MTP Espa\u00f1a","article_modified_time":"2026-03-26T12:08:12+00:00","twitter_card":"summary_large_image","twitter_misc":{"Tiempo de lectura":"2 minutos"},"schema":{"@context":"https:\/\/schema.org","@graph":[{"@type":"WebPage","@id":"https:\/\/mtp.global\/es\/politica-corporativa\/","url":"https:\/\/mtp.global\/es\/politica-corporativa\/","name":"Pol\u00edtica corporativa y valores empresariales | MTP","isPartOf":{"@id":"https:\/\/mtp.global\/es\/#website"},"datePublished":"2025-11-17T12:34:54+00:00","dateModified":"2026-03-26T12:08:12+00:00","description":"Principios y valores que orientan la actuaci\u00f3n de MTP, con especial atenci\u00f3n a la responsabilidad, la mejora continua y la relaci\u00f3n con clientes.","breadcrumb":{"@id":"https:\/\/mtp.global\/es\/politica-corporativa\/#breadcrumb"},"inLanguage":"es","potentialAction":[{"@type":"ReadAction","target":["https:\/\/mtp.global\/es\/politica-corporativa\/"]}]},{"@type":"BreadcrumbList","@id":"https:\/\/mtp.global\/es\/politica-corporativa\/#breadcrumb","itemListElement":[{"@type":"ListItem","position":1,"name":"Home","item":"https:\/\/mtp.global\/es\/home\/"},{"@type":"ListItem","position":2,"name":"Pol\u00edtica corporativa"}]},{"@type":"WebSite","@id":"https:\/\/mtp.global\/es\/#website","url":"https:\/\/mtp.global\/es\/","name":"MTP Global","description":"","publisher":{"@id":"https:\/\/mtp.global\/es\/#organization"},"potentialAction":[{"@type":"SearchAction","target":{"@type":"EntryPoint","urlTemplate":"https:\/\/mtp.global\/es\/?s={search_term_string}"},"query-input":{"@type":"PropertyValueSpecification","valueRequired":true,"valueName":"search_term_string"}}],"inLanguage":"es"},{"@type":"Organization","@id":"https:\/\/mtp.global\/es\/#organization","name":"MTP Global","url":"https:\/\/mtp.global\/es\/","logo":{"@type":"ImageObject","inLanguage":"es","@id":"https:\/\/mtp.global\/es\/#\/schema\/logo\/image\/","url":"https:\/\/mtp.global\/es\/wp-content\/uploads\/2024\/07\/MTP-global.png","contentUrl":"https:\/\/mtp.global\/es\/wp-content\/uploads\/2024\/07\/MTP-global.png","width":1200,"height":400,"caption":"MTP Global"},"image":{"@id":"https:\/\/mtp.global\/es\/#\/schema\/logo\/image\/"}}]}},"_links":{"self":[{"href":"https:\/\/mtp.global\/es\/wp-json\/wp\/v2\/pages\/38189","targetHints":{"allow":["GET"]}}],"collection":[{"href":"https:\/\/mtp.global\/es\/wp-json\/wp\/v2\/pages"}],"about":[{"href":"https:\/\/mtp.global\/es\/wp-json\/wp\/v2\/types\/page"}],"author":[{"embeddable":true,"href":"https:\/\/mtp.global\/es\/wp-json\/wp\/v2\/users\/9"}],"replies":[{"embeddable":true,"href":"https:\/\/mtp.global\/es\/wp-json\/wp\/v2\/comments?post=38189"}],"version-history":[{"count":0,"href":"https:\/\/mtp.global\/es\/wp-json\/wp\/v2\/pages\/38189\/revisions"}],"wp:attachment":[{"href":"https:\/\/mtp.global\/es\/wp-json\/wp\/v2\/media?parent=38189"}],"curies":[{"name":"wp","href":"https:\/\/api.w.org\/{rel}","templated":true}]}}