{"id":38184,"date":"2025-11-17T13:31:41","date_gmt":"2025-11-17T12:31:41","guid":{"rendered":"https:\/\/mtp.global\/es\/?page_id=38184"},"modified":"2026-03-18T15:25:30","modified_gmt":"2026-03-18T14:25:30","slug":"etica-y-uso-de-la-ia","status":"publish","type":"page","link":"https:\/\/mtp.global\/es\/etica-y-uso-de-la-ia\/","title":{"rendered":"\u00c9tica y uso de la IA"},"content":{"rendered":"<div id='layer_slider_1'  class='avia-layerslider main_color avia-shadow  avia-builder-el-0  el_before_av_section  avia-builder-el-first  container_wrap fullsize'  style='height: 701px; max-width: 1410px; margin: 0 auto;'  ><\/div>\n\n<style type=\"text\/css\" data-created_by=\"avia_inline_auto\" id=\"style-css-av-mdn0qapu-a2fa86cf431235df482abc9818bf5d2a\">\n.avia-section.av-mdn0qapu-a2fa86cf431235df482abc9818bf5d2a{\nmargin-top:40px;\nmargin-bottom:0;\n}\n<\/style>\n<div id='main-content'  class='avia-section av-mdn0qapu-a2fa86cf431235df482abc9818bf5d2a main_color avia-section-no-padding avia-no-border-styling  avia-builder-el-1  el_after_av_layerslider  avia-builder-el-last  avia-bg-style-scroll container_wrap fullsize'  ><div class='container av-section-cont-open' ><div class='template-page content  av-content-full alpha units'><div class='post-entry post-entry-type-page post-entry-38184'><div class='entry-content-wrapper clearfix'>\n\n<style type=\"text\/css\" data-created_by=\"avia_inline_auto\" id=\"style-css-av-mdmzsj48-28d3c28860ce3a740bbe23e30d8a724b\">\n#top .av_textblock_section.av-mdmzsj48-28d3c28860ce3a740bbe23e30d8a724b .avia_textblock{\nfont-size:15px;\ncolor:#282b2e;\n}\n<\/style>\n<section  class='av_textblock_section av-mdmzsj48-28d3c28860ce3a740bbe23e30d8a724b '   itemscope=\"itemscope\" itemtype=\"https:\/\/schema.org\/CreativeWork\" ><div class='avia_textblock av_inherit_color'  itemprop=\"text\" ><h2><strong>Uso de Inteligencia Artificial en MTP<\/strong><\/h2>\n<p>En MTP utilizamos sistemas de inteligencia artificial (IA) de alto rendimiento para ofrecer mejora de procesos, automatizaciones y an\u00e1lisis relacionados con el rendimiento y la seguridad de los sistemas de IT de nuestro entorno y el de nuestros clientes.<\/p>\n<p>Estos sistemas se desarrollan conforme al Reglamento de IA (UE) 2024\/1684, y est\u00e1n sujetos a evaluaci\u00f3n y supervisi\u00f3n interna para garantizar su transparencia, equidad, trazabilidad y seguridad.<\/p>\n<p>Aplicamos la IA para ayudar a nuestros clientes a optimizar calidad de sus productos y servicios y a gestionar enormes vol\u00famenes de datos. Esta tecnolog\u00eda implica una gran responsabilidad, y por eso nos regimos por los m\u00e1s altos est\u00e1ndares \u00e9ticos, en l\u00ednea con el mencionado Reglamento.<\/p>\n<ul>\n<li><strong>Equidad<br \/>\n<\/strong>Nuestra IA sirve a todos los clientes por igual, sin favorecer ni discriminar por tipolog\u00eda u otros factores. Nos aseguramos de que los modelos se entrenen con datos diversos y representativos para evitar sesgos que puedan poner en desventaja a cualquier usuario o cliente.<\/li>\n<li><strong>Confiabilidad y Seguridad<br \/>\n<\/strong>Los resultados de nuestro trabajo con IA aplicada pasan por controles rigurosos. Trabajamos con metodolog\u00edas robustas y actualizamos constantemente nuestros modelos para que sean fiables, seguros y \u00fatiles en escenarios reales de alta exigencia.<\/li>\n<li><strong>Transparencia y Explicabilidad<br \/>\n<\/strong>Los clientes y sus usuarios deben entender por qu\u00e9 el sistema recomienda determinadas acciones. Por eso siempre ofrecemos explicaciones claras sobre las fuentes y variables que influyen en cada resultado, fomentando la confianza y el uso responsable de la informaci\u00f3n.<\/li>\n<li><strong>Responsabilidad<br \/>\n<\/strong>Detr\u00e1s de cada decisi\u00f3n automatizada hay un equipo humano que supervisa, valida y responde. MTP no reemplaza la experiencia de los usuarios expertos: la complementa. Nuestro rol es ofrecer apoyo basado en datos, no dictar decisiones.<\/li>\n<li><strong>Privacidad<br \/>\n<\/strong>Tratamos los datos personales de los usuarios con m\u00e1xima confidencialidad. Cumplimos estrictamente con el RGPD y aplicamos principios de protecci\u00f3n de datos desde el dise\u00f1o. Ning\u00fan dato se usa sin consentimiento expreso y sin el contrato de tratamiento de datos personales correspondiente.<\/li>\n<li><strong>Humanidad<br \/>\n<\/strong>Creemos que la tecnolog\u00eda debe potenciar el rendimiento y el bienestar humano, no deshumanizarlo. MTP analiza y anticipa los m\u00faltiples riesgos sin reducirlos a un simple conjunto de m\u00e9tricas.<\/li>\n<li><strong>Beneficio Social y Ambiental<br \/>\n<\/strong>Nuestra misi\u00f3n es asegurar y garantizar que nuestros clientes se transforman digitalmente en un entorno seguro, robusto y confiable. Contribuimos as\u00ed a un ecosistema m\u00e1s sostenible, humano y orientado al bienestar de todos sus protagonistas.<\/li>\n<\/ul>\n<\/div><\/section>\n\n<style type=\"text\/css\" data-created_by=\"avia_inline_auto\" id=\"style-css-av-min2q41a-ff3b259e1e25d077218eb2f63bda75cd\">\n#top .hr.hr-invisible.av-min2q41a-ff3b259e1e25d077218eb2f63bda75cd{\nheight:60px;\n}\n<\/style>\n<div  class='hr av-min2q41a-ff3b259e1e25d077218eb2f63bda75cd hr-invisible  avia-builder-el-3  el_after_av_textblock  avia-builder-el-last '><span class='hr-inner '><span class=\"hr-inner-style\"><\/span><\/span><\/div>\n\n","protected":false},"excerpt":{"rendered":"","protected":false},"author":9,"featured_media":0,"parent":0,"menu_order":5,"comment_status":"closed","ping_status":"closed","template":"","meta":{"_acf_changed":false,"footnotes":""},"class_list":["post-38184","page","type-page","status-publish","hentry"],"acf":[],"yoast_head":"<!-- This site is optimized with the Yoast SEO plugin v27.1.1 - https:\/\/yoast.com\/product\/yoast-seo-wordpress\/ -->\n<title>\u00c9tica y buenas pr\u00e1cticas en IA | MTP<\/title>\n<meta name=\"description\" content=\"Marco \u00e9tico que gu\u00eda el empleo responsable de la inteligencia artificial en MTP, priorizando transparencia, equidad, seguridad y respeto por las personas.\" \/>\n<meta name=\"robots\" content=\"index, follow, max-snippet:-1, max-image-preview:large, max-video-preview:-1\" \/>\n<link rel=\"canonical\" href=\"https:\/\/mtp.global\/es\/etica-y-uso-de-la-ia\/\" \/>\n<meta property=\"og:locale\" content=\"es_ES\" \/>\n<meta property=\"og:type\" content=\"article\" \/>\n<meta property=\"og:title\" content=\"\u00c9tica y buenas pr\u00e1cticas en IA | MTP\" \/>\n<meta property=\"og:description\" content=\"Marco \u00e9tico que gu\u00eda el empleo responsable de la inteligencia artificial en MTP, priorizando transparencia, equidad, seguridad y respeto por las personas.\" \/>\n<meta property=\"og:url\" content=\"https:\/\/mtp.global\/es\/etica-y-uso-de-la-ia\/\" \/>\n<meta property=\"og:site_name\" content=\"MTP Espa\u00f1a\" \/>\n<meta property=\"article:modified_time\" content=\"2026-03-18T14:25:30+00:00\" \/>\n<meta name=\"twitter:card\" content=\"summary_large_image\" \/>\n<meta name=\"twitter:label1\" content=\"Tiempo de lectura\" \/>\n\t<meta name=\"twitter:data1\" content=\"3 minutos\" \/>\n<!-- \/ Yoast SEO plugin. -->","yoast_head_json":{"title":"\u00c9tica y buenas pr\u00e1cticas en IA | MTP","description":"Marco \u00e9tico que gu\u00eda el empleo responsable de la inteligencia artificial en MTP, priorizando transparencia, equidad, seguridad y respeto por las personas.","robots":{"index":"index","follow":"follow","max-snippet":"max-snippet:-1","max-image-preview":"max-image-preview:large","max-video-preview":"max-video-preview:-1"},"canonical":"https:\/\/mtp.global\/es\/etica-y-uso-de-la-ia\/","og_locale":"es_ES","og_type":"article","og_title":"\u00c9tica y buenas pr\u00e1cticas en IA | MTP","og_description":"Marco \u00e9tico que gu\u00eda el empleo responsable de la inteligencia artificial en MTP, priorizando transparencia, equidad, seguridad y respeto por las personas.","og_url":"https:\/\/mtp.global\/es\/etica-y-uso-de-la-ia\/","og_site_name":"MTP Espa\u00f1a","article_modified_time":"2026-03-18T14:25:30+00:00","twitter_card":"summary_large_image","twitter_misc":{"Tiempo de lectura":"3 minutos"},"schema":{"@context":"https:\/\/schema.org","@graph":[{"@type":"WebPage","@id":"https:\/\/mtp.global\/es\/etica-y-uso-de-la-ia\/","url":"https:\/\/mtp.global\/es\/etica-y-uso-de-la-ia\/","name":"\u00c9tica y buenas pr\u00e1cticas en IA | MTP","isPartOf":{"@id":"https:\/\/mtp.global\/es\/#website"},"datePublished":"2025-11-17T12:31:41+00:00","dateModified":"2026-03-18T14:25:30+00:00","description":"Marco \u00e9tico que gu\u00eda el empleo responsable de la inteligencia artificial en MTP, priorizando transparencia, equidad, seguridad y respeto por las personas.","breadcrumb":{"@id":"https:\/\/mtp.global\/es\/etica-y-uso-de-la-ia\/#breadcrumb"},"inLanguage":"es","potentialAction":[{"@type":"ReadAction","target":["https:\/\/mtp.global\/es\/etica-y-uso-de-la-ia\/"]}]},{"@type":"BreadcrumbList","@id":"https:\/\/mtp.global\/es\/etica-y-uso-de-la-ia\/#breadcrumb","itemListElement":[{"@type":"ListItem","position":1,"name":"Home","item":"https:\/\/mtp.global\/es\/home\/"},{"@type":"ListItem","position":2,"name":"\u00c9tica y uso de la IA"}]},{"@type":"WebSite","@id":"https:\/\/mtp.global\/es\/#website","url":"https:\/\/mtp.global\/es\/","name":"MTP Global","description":"","publisher":{"@id":"https:\/\/mtp.global\/es\/#organization"},"potentialAction":[{"@type":"SearchAction","target":{"@type":"EntryPoint","urlTemplate":"https:\/\/mtp.global\/es\/?s={search_term_string}"},"query-input":{"@type":"PropertyValueSpecification","valueRequired":true,"valueName":"search_term_string"}}],"inLanguage":"es"},{"@type":"Organization","@id":"https:\/\/mtp.global\/es\/#organization","name":"MTP Global","url":"https:\/\/mtp.global\/es\/","logo":{"@type":"ImageObject","inLanguage":"es","@id":"https:\/\/mtp.global\/es\/#\/schema\/logo\/image\/","url":"https:\/\/mtp.global\/es\/wp-content\/uploads\/2024\/07\/MTP-global.png","contentUrl":"https:\/\/mtp.global\/es\/wp-content\/uploads\/2024\/07\/MTP-global.png","width":1200,"height":400,"caption":"MTP Global"},"image":{"@id":"https:\/\/mtp.global\/es\/#\/schema\/logo\/image\/"}}]}},"_links":{"self":[{"href":"https:\/\/mtp.global\/es\/wp-json\/wp\/v2\/pages\/38184","targetHints":{"allow":["GET"]}}],"collection":[{"href":"https:\/\/mtp.global\/es\/wp-json\/wp\/v2\/pages"}],"about":[{"href":"https:\/\/mtp.global\/es\/wp-json\/wp\/v2\/types\/page"}],"author":[{"embeddable":true,"href":"https:\/\/mtp.global\/es\/wp-json\/wp\/v2\/users\/9"}],"replies":[{"embeddable":true,"href":"https:\/\/mtp.global\/es\/wp-json\/wp\/v2\/comments?post=38184"}],"version-history":[{"count":0,"href":"https:\/\/mtp.global\/es\/wp-json\/wp\/v2\/pages\/38184\/revisions"}],"wp:attachment":[{"href":"https:\/\/mtp.global\/es\/wp-json\/wp\/v2\/media?parent=38184"}],"curies":[{"name":"wp","href":"https:\/\/api.w.org\/{rel}","templated":true}]}}