{"id":38180,"date":"2025-11-17T13:30:08","date_gmt":"2025-11-17T12:30:08","guid":{"rendered":"https:\/\/mtp.global\/es\/?page_id=38180"},"modified":"2026-03-18T15:25:26","modified_gmt":"2026-03-18T14:25:26","slug":"declaracion-de-accesibilidad","status":"publish","type":"page","link":"https:\/\/mtp.global\/es\/declaracion-de-accesibilidad\/","title":{"rendered":"Declaraci\u00f3n de Accesibilidad"},"content":{"rendered":"<div id='layer_slider_1'  class='avia-layerslider main_color avia-shadow  avia-builder-el-0  el_before_av_section  avia-builder-el-first  container_wrap fullsize'  style='height: 701px; max-width: 1410px; margin: 0 auto;'  ><\/div>\n\n<style type=\"text\/css\" data-created_by=\"avia_inline_auto\" id=\"style-css-av-mdn0qapu-a2fa86cf431235df482abc9818bf5d2a\">\n.avia-section.av-mdn0qapu-a2fa86cf431235df482abc9818bf5d2a{\nmargin-top:40px;\nmargin-bottom:0;\n}\n<\/style>\n<div id='main-content'  class='avia-section av-mdn0qapu-a2fa86cf431235df482abc9818bf5d2a main_color avia-section-no-padding avia-no-border-styling  avia-builder-el-1  el_after_av_layerslider  avia-builder-el-last  avia-bg-style-scroll container_wrap fullsize'  ><div class='container av-section-cont-open' ><div class='template-page content  av-content-full alpha units'><div class='post-entry post-entry-type-page post-entry-38180'><div class='entry-content-wrapper clearfix'>\n\n<style type=\"text\/css\" data-created_by=\"avia_inline_auto\" id=\"style-css-av-mdmzsj48-28d3c28860ce3a740bbe23e30d8a724b\">\n#top .av_textblock_section.av-mdmzsj48-28d3c28860ce3a740bbe23e30d8a724b .avia_textblock{\nfont-size:15px;\ncolor:#282b2e;\n}\n<\/style>\n<section  class='av_textblock_section av-mdmzsj48-28d3c28860ce3a740bbe23e30d8a724b '   itemscope=\"itemscope\" itemtype=\"https:\/\/schema.org\/CreativeWork\" ><div class='avia_textblock av_inherit_color'  itemprop=\"text\" ><p>MTP se ha comprometido a hacer accesible su sitio web de conformidad con la UNE-EN 301549:2020: Requisitos de accesibilidad para productos y servicios TIC, y est\u00e1 trabajando activamente para alcanzar el nivel \u00f3ptimo de accesibilidad seg\u00fan las pautas WCAG 2.1 (<span lang=\"en\">Web Content Accesibility Guidelines<\/span>), nivel AA, definidas por el grupo de trabajo WAI (<span lang=\"en\">Web Accesibility Initiative<\/span>) del W3C (<span lang=\"en\">World Wide Web Consortium<\/span>).<\/p>\n<p>La presente declaraci\u00f3n de accesibilidad se aplica a los sitios web mtp.es y mtp.global\/es.<\/p>\n<\/div><\/section>\n\n<style type=\"text\/css\" data-created_by=\"avia_inline_auto\" id=\"style-css-av-min2kue2-7c4678bfccfee9e916abf28f373a3086\">\n#top .hr.hr-invisible.av-min2kue2-7c4678bfccfee9e916abf28f373a3086{\nheight:60px;\n}\n<\/style>\n<div  class='hr av-min2kue2-7c4678bfccfee9e916abf28f373a3086 hr-invisible  avia-builder-el-3  el_after_av_textblock  avia-builder-el-last '><span class='hr-inner '><span class=\"hr-inner-style\"><\/span><\/span><\/div>\n\n","protected":false},"excerpt":{"rendered":"","protected":false},"author":9,"featured_media":0,"parent":0,"menu_order":5,"comment_status":"closed","ping_status":"closed","template":"","meta":{"_acf_changed":false,"footnotes":""},"class_list":["post-38180","page","type-page","status-publish","hentry"],"acf":[],"yoast_head":"<!-- This site is optimized with the Yoast SEO plugin v27.1.1 - https:\/\/yoast.com\/product\/yoast-seo-wordpress\/ -->\n<title>Declaraci\u00f3n de accesibilidad del portal | MTP<\/title>\n<meta name=\"description\" content=\"Un compromiso firme con la accesibilidad digital que incorpora est\u00e1ndares reconocidos y medidas destinadas a ofrecer una experiencia inclusiva para todos.\" \/>\n<meta name=\"robots\" content=\"index, follow, max-snippet:-1, max-image-preview:large, max-video-preview:-1\" \/>\n<link rel=\"canonical\" href=\"https:\/\/mtp.global\/es\/declaracion-de-accesibilidad\/\" \/>\n<meta property=\"og:locale\" content=\"es_ES\" \/>\n<meta property=\"og:type\" content=\"article\" \/>\n<meta property=\"og:title\" content=\"Declaraci\u00f3n de accesibilidad del portal | MTP\" \/>\n<meta property=\"og:description\" content=\"Un compromiso firme con la accesibilidad digital que incorpora est\u00e1ndares reconocidos y medidas destinadas a ofrecer una experiencia inclusiva para todos.\" \/>\n<meta property=\"og:url\" content=\"https:\/\/mtp.global\/es\/declaracion-de-accesibilidad\/\" \/>\n<meta property=\"og:site_name\" content=\"MTP Espa\u00f1a\" \/>\n<meta property=\"article:modified_time\" content=\"2026-03-18T14:25:26+00:00\" \/>\n<meta name=\"twitter:card\" content=\"summary_large_image\" \/>\n<meta name=\"twitter:label1\" content=\"Tiempo de lectura\" \/>\n\t<meta name=\"twitter:data1\" content=\"1 minuto\" \/>\n<!-- \/ Yoast SEO plugin. -->","yoast_head_json":{"title":"Declaraci\u00f3n de accesibilidad del portal | MTP","description":"Un compromiso firme con la accesibilidad digital que incorpora est\u00e1ndares reconocidos y medidas destinadas a ofrecer una experiencia inclusiva para todos.","robots":{"index":"index","follow":"follow","max-snippet":"max-snippet:-1","max-image-preview":"max-image-preview:large","max-video-preview":"max-video-preview:-1"},"canonical":"https:\/\/mtp.global\/es\/declaracion-de-accesibilidad\/","og_locale":"es_ES","og_type":"article","og_title":"Declaraci\u00f3n de accesibilidad del portal | MTP","og_description":"Un compromiso firme con la accesibilidad digital que incorpora est\u00e1ndares reconocidos y medidas destinadas a ofrecer una experiencia inclusiva para todos.","og_url":"https:\/\/mtp.global\/es\/declaracion-de-accesibilidad\/","og_site_name":"MTP Espa\u00f1a","article_modified_time":"2026-03-18T14:25:26+00:00","twitter_card":"summary_large_image","twitter_misc":{"Tiempo de lectura":"1 minuto"},"schema":{"@context":"https:\/\/schema.org","@graph":[{"@type":"WebPage","@id":"https:\/\/mtp.global\/es\/declaracion-de-accesibilidad\/","url":"https:\/\/mtp.global\/es\/declaracion-de-accesibilidad\/","name":"Declaraci\u00f3n de accesibilidad del portal | MTP","isPartOf":{"@id":"https:\/\/mtp.global\/es\/#website"},"datePublished":"2025-11-17T12:30:08+00:00","dateModified":"2026-03-18T14:25:26+00:00","description":"Un compromiso firme con la accesibilidad digital que incorpora est\u00e1ndares reconocidos y medidas destinadas a ofrecer una experiencia inclusiva para todos.","breadcrumb":{"@id":"https:\/\/mtp.global\/es\/declaracion-de-accesibilidad\/#breadcrumb"},"inLanguage":"es","potentialAction":[{"@type":"ReadAction","target":["https:\/\/mtp.global\/es\/declaracion-de-accesibilidad\/"]}]},{"@type":"BreadcrumbList","@id":"https:\/\/mtp.global\/es\/declaracion-de-accesibilidad\/#breadcrumb","itemListElement":[{"@type":"ListItem","position":1,"name":"Home","item":"https:\/\/mtp.global\/es\/home\/"},{"@type":"ListItem","position":2,"name":"Declaraci\u00f3n de Accesibilidad"}]},{"@type":"WebSite","@id":"https:\/\/mtp.global\/es\/#website","url":"https:\/\/mtp.global\/es\/","name":"MTP Global","description":"","publisher":{"@id":"https:\/\/mtp.global\/es\/#organization"},"potentialAction":[{"@type":"SearchAction","target":{"@type":"EntryPoint","urlTemplate":"https:\/\/mtp.global\/es\/?s={search_term_string}"},"query-input":{"@type":"PropertyValueSpecification","valueRequired":true,"valueName":"search_term_string"}}],"inLanguage":"es"},{"@type":"Organization","@id":"https:\/\/mtp.global\/es\/#organization","name":"MTP Global","url":"https:\/\/mtp.global\/es\/","logo":{"@type":"ImageObject","inLanguage":"es","@id":"https:\/\/mtp.global\/es\/#\/schema\/logo\/image\/","url":"https:\/\/mtp.global\/es\/wp-content\/uploads\/2024\/07\/MTP-global.png","contentUrl":"https:\/\/mtp.global\/es\/wp-content\/uploads\/2024\/07\/MTP-global.png","width":1200,"height":400,"caption":"MTP Global"},"image":{"@id":"https:\/\/mtp.global\/es\/#\/schema\/logo\/image\/"}}]}},"_links":{"self":[{"href":"https:\/\/mtp.global\/es\/wp-json\/wp\/v2\/pages\/38180","targetHints":{"allow":["GET"]}}],"collection":[{"href":"https:\/\/mtp.global\/es\/wp-json\/wp\/v2\/pages"}],"about":[{"href":"https:\/\/mtp.global\/es\/wp-json\/wp\/v2\/types\/page"}],"author":[{"embeddable":true,"href":"https:\/\/mtp.global\/es\/wp-json\/wp\/v2\/users\/9"}],"replies":[{"embeddable":true,"href":"https:\/\/mtp.global\/es\/wp-json\/wp\/v2\/comments?post=38180"}],"version-history":[{"count":0,"href":"https:\/\/mtp.global\/es\/wp-json\/wp\/v2\/pages\/38180\/revisions"}],"wp:attachment":[{"href":"https:\/\/mtp.global\/es\/wp-json\/wp\/v2\/media?parent=38180"}],"curies":[{"name":"wp","href":"https:\/\/api.w.org\/{rel}","templated":true}]}}