{"id":38174,"date":"2025-11-17T13:23:57","date_gmt":"2025-11-17T12:23:57","guid":{"rendered":"https:\/\/mtp.global\/es\/?page_id=38174"},"modified":"2026-04-22T10:17:23","modified_gmt":"2026-04-22T08:17:23","slug":"politica-de-privacidad","status":"publish","type":"page","link":"https:\/\/mtp.global\/es\/politica-de-privacidad\/","title":{"rendered":"Pol\u00edtica de privacidad"},"content":{"rendered":"<div id='layer_slider_1'  class='avia-layerslider main_color avia-shadow  avia-builder-el-0  el_before_av_section  avia-builder-el-first  container_wrap fullsize'  style='height: 701px; max-width: 1410px; margin: 0 auto;'  ><\/div>\n\n<style type=\"text\/css\" data-created_by=\"avia_inline_auto\" id=\"style-css-av-mdn0qapu-a2fa86cf431235df482abc9818bf5d2a\">\n.avia-section.av-mdn0qapu-a2fa86cf431235df482abc9818bf5d2a{\nmargin-top:40px;\nmargin-bottom:0;\n}\n<\/style>\n<div id='main-content'  class='avia-section av-mdn0qapu-a2fa86cf431235df482abc9818bf5d2a main_color avia-section-no-padding avia-no-border-styling  avia-builder-el-1  el_after_av_layerslider  avia-builder-el-last  avia-bg-style-scroll container_wrap fullsize'  ><div class='container av-section-cont-open' ><div class='template-page content  av-content-full alpha units'><div class='post-entry post-entry-type-page post-entry-38174'><div class='entry-content-wrapper clearfix'>\n\n<style type=\"text\/css\" data-created_by=\"avia_inline_auto\" id=\"style-css-av-mdmzsj48-28d3c28860ce3a740bbe23e30d8a724b\">\n#top .av_textblock_section.av-mdmzsj48-28d3c28860ce3a740bbe23e30d8a724b .avia_textblock{\nfont-size:15px;\ncolor:#282b2e;\n}\n<\/style>\n<section  class='av_textblock_section av-mdmzsj48-28d3c28860ce3a740bbe23e30d8a724b '   itemscope=\"itemscope\" itemtype=\"https:\/\/schema.org\/CreativeWork\" ><div class='avia_textblock av_inherit_color'  itemprop=\"text\" ><p><strong>\u00daltima actualizaci\u00f3n: 31 de Marzo de 2026<\/strong><\/p>\n<h3>Pol\u00edtica de privacidad<\/h3>\n<p>Mediante este texto, M\u00e9todos y Tecnolog\u00eda de Sistemas y Procesos S.L. (en adelante, \u201cMTP\u201d), con domicilio en Calle Santa Leonor 65, Edificio C Planta 4 Madrid-28037, le informa sobre su Pol\u00edtica de Gesti\u00f3n de Privacidad de tus Datos de Car\u00e1cter Personal, asumiendo la responsabilidad de cumplir con lo establecido en la legislaci\u00f3n vigente en dicha materia, tanto Nacional como Europea.<\/p>\n<p>A trav\u00e9s de este sitio web no se recabar\u00e1n tus datos de car\u00e1cter personal ni se ceder\u00e1n a terceros sin tu conocimiento. Con car\u00e1cter general, si navega por internet usted puede aceptar o rechazar las cookies de terceros desde las opciones de configuraci\u00f3n de su navegador. Los datos de car\u00e1cter personal que pudi\u00e9ramos recabar ser\u00e1n siempre directamente de ti ser\u00e1n tratados de forma confidencial y quedar\u00e1n incorporados a la correspondiente actividad de tratamiento titularidad de la Agencia Espa\u00f1ola de Protecci\u00f3n de Datos (AEPD).<\/p>\n<p>En cualquier momento puedes comunicarte con nuestro Delegado de Protecci\u00f3n de Datos (DPD) a trav\u00e9s del correo electr\u00f3nico <a href=\"mailto:misdatos@mtp.es\">misdatos@mtp.es<\/a>, quien atender\u00e1 cualquier duda que puedas tener respecto al tratamiento de tus datos.<\/p>\n<p>Como usuario debes garantizar que los Datos Personales que nos facilitas son veraces y propios, en el caso de ser de un tercero, debes tener la autorizaci\u00f3n de este para representarlo frente a nosotros. En cualquier caso, t\u00fa eres el responsable de comunicar a MTP cualquier modificaci\u00f3n en los mismos a trav\u00e9s de nuestros canales de comunicaci\u00f3n.<\/p>\n<p>Esta web puede contener enlaces a sitios web de terceros, cuyas pol\u00edticas de privacidad son ajenas a MTP. Al acceder a tales sitios web usted puede decidir si acepta sus pol\u00edticas de privacidad y de cookies.<\/p>\n<p>En la web de MTP \u00fanicamente se utilizan cookies propias, de sesi\u00f3n, con finalidad t\u00e9cnica (aquellas que permiten la navegaci\u00f3n a trav\u00e9s del sitio web y la utilizaci\u00f3n de las diferentes opciones y servicios que en ella existen).<\/p>\n<h3>Datos tratados en la web<\/h3>\n<p>Dependiendo de c\u00f3mo interact\u00faes con nuestra web, podemos tratar diferentes categor\u00edas de datos, que ser\u00e1n los recabados en los formularios:<\/p>\n<ul>\n<li><strong>Datos Identificativos<\/strong>: Nombre, apellidos, DNI\/Pasaporte (si aplica).<\/li>\n<li><strong>Datos de Contacto<\/strong>: Email, tel\u00e9fono, direcci\u00f3n postal.<\/li>\n<li><strong>Datos Profesionales<\/strong>: Empresa donde trabajas, cargo o departamento.<\/li>\n<li><strong>Datos de formaci\u00f3n y experiencia<\/strong>: En caso de env\u00edo de CV, formaci\u00f3n acad\u00e9mica y experiencia profesional.<\/li>\n<li><strong>Datos de Navegaci\u00f3n<\/strong>: Direcci\u00f3n IP, tipo de dispositivo, comportamiento en la web (a trav\u00e9s de cookies).<\/li>\n<\/ul>\n<p>En el caso de los datos facilitados por correo electr\u00f3nico decidir\u00e1s t\u00fa, los datos a facilitar, aunque nosotros s\u00f3lo trataremos los necesarios para atender tu solicitud.<\/p>\n<h3>Finalidad<\/h3>\n<p>Cada uno de los formularios facilitados en la web incluye una finalidad de tratamiento que se corresponde a cada una de las actividades que MTP realiza.<\/p>\n<ul>\n<li><strong>Solicitudes de contacto:<\/strong> Gestionar las solicitudes de informaci\u00f3n realizadas y gestionar tu relaci\u00f3n con nosotros.<\/li>\n<li><strong>Solicitudes de informaci\u00f3n sobre productos:<\/strong> Atender la solicitud, gestionar tu relaci\u00f3n con nosotros y el env\u00edo de comunicaciones con contenido que pueda ser de inter\u00e9s para ti.<\/li>\n<li><strong>Procesos de Selecci\u00f3n (Inscripci\u00f3n en una oferta):<\/strong> Evaluar candidaturas para vacantes actuales o futuras, incorporando tus datos a nuestra bolsa de empleo, inform\u00e1ndote de posibles vacantes que puedan encajar con tu formaci\u00f3n, experiencia y objetivos.<\/li>\n<li><strong>An\u00e1lisis Web y Mejora del Servicio:<\/strong> Estad\u00edsticas de uso para optimizar la experiencia de usuario.<\/li>\n<\/ul>\n<h3>Legitimaci\u00f3n<\/h3>\n<p>La legitimaci\u00f3n de los tratamientos realizados a trav\u00e9s de la web es tu consentimiento, al completar los formularios aceptas esta pol\u00edtica y nos das tu aprobaci\u00f3n para tratar los datos para las finalidades recogidas en cada uno de los formularios.<\/p>\n<p>En cualquier momento puedes retirar el consentimiento prestado para el tratamiento de tus datos a trav\u00e9s del correo <a href=\"mailto:misdatos@mtp.es\">misdatos@mtp.es<\/a> teniendo en cuenta que, al retirarlo, no podremos atender tu solicitud.<\/p>\n<p>\u00danicamente los datos de navegaci\u00f3n para el an\u00e1lisis web y mejora del servicio se basa est\u00e1 en el inter\u00e9s leg\u00edtimo que tenemos para mejorar la oferta digital y mejorar tu experiencia en nuestra web. Puedes configurar que datos nos dejas tratar a trav\u00e9s de la gesti\u00f3n de cookies de tu navegador.<\/p>\n<h3>Conservaci\u00f3n de datos<\/h3>\n<p>MTP conservar\u00e1 los datos personales proporcionados durante el tiempo necesario para cumplir con la finalidad para la que nos los has facilitado, as\u00ed como para determinar las posibles responsabilidades que se pudieran derivar de la finalidad, adem\u00e1s de los per\u00edodos establecidos en la normativa de archivos y documentaci\u00f3n.<\/p>\n<h3>Comunicaci\u00f3n de datos<\/h3>\n<p>Con car\u00e1cter general no se comunicar\u00e1n los datos personales recabados a terceros, salvo obligaci\u00f3n legal, entre las que pueden estar las comunicaciones al Defensor del Pueblo, Jueces y Tribunales, Fuerzas de seguridad del estado u otras personas interesadas en los procedimientos relacionados con las reclamaciones presentadas.<\/p>\n<h3>Seguridad de tus datos<\/h3>\n<p>MTP aplica medidas de seguridad necesarias para garantizar la seguridad de tus Datos Personales. Este hecho se garantiza a trav\u00e9s de sus certificaciones en Esquema Nacional de Seguridad e ISO 27001 entre otras.<\/p>\n<p>En esta p\u00e1gina web se han adoptado los niveles de seguridad de protecci\u00f3n de los Datos Personales legalmente requeridos, y se han instalado aquellos otros medios y medidas t\u00e9cnicas adicionales al alcance de MTP para evitar la p\u00e9rdida, mal uso, alteraci\u00f3n, acceso no autorizado y robo de los Datos Personales facilitados. En particular, MTP utiliza sistemas de seguridad SSL (Secure Socket Layer) que, a trav\u00e9s de sistemas de certificados y cifrados, permiten comprobar la autenticidad de la web desde donde se recaban sus Datos Personales, as\u00ed como la integridad y confidencialidad de sus Datos Personales durante su transmisi\u00f3n (puedes comprobar la implementaci\u00f3n del SSL al registrarte dado que la p\u00e1gina de registro comienza con \u201chttps\u201d, en lugar del \u201chttp\u201d, y te aparecer\u00e1 un peque\u00f1o candado cerrado en la parte inferior de su navegador). No obstante, debes ser consciente de que las medidas de seguridad en Internet no son inexpugnables.<\/p>\n<h3>Tus derechos<\/h3>\n<p>En cualquier momento podr\u00e1s solicitar acceso, la rectificaci\u00f3n, supresi\u00f3n o limitaci\u00f3n del tratamiento de los datos personales u oponerte al tratamiento realizado por MTP, en el caso de se den los requisitos establecidos en el Reglamento General de Protecci\u00f3n de Datos, as\u00ed como en la Ley Org\u00e1nica 3\/2018, de 5 de diciembre, de Protecci\u00f3n de Datos Personal y garant\u00eda de los derechos digitales, puedes dirigirte a nuestro DPD a trav\u00e9s del correo <a href=\"mailto:misdatos@mtp.es\">misdatos@mtp.es<\/a>, en el caso de no ser atendido puedes dirigirte a la Agencia Espa\u00f1ola de Protecci\u00f3n de Datos, situada en la C\/ Jorge Juan, 6, 28001 de Madrid o a trav\u00e9s de su sede electr\u00f3nica.<\/p>\n<h3>Propiedad intelectual e industrial de la web<\/h3>\n<p>El dise\u00f1o del portal y sus c\u00f3digos fuente, as\u00ed como los logos, marcas y dem\u00e1s signos distintivos que aparecen en el mismo pertenecen a MTP y est\u00e1n protegidos por los correspondientes derechos de propiedad intelectual e industrial.<\/p>\n<h3>Responsabilidad de los contenidos publicados<\/h3>\n<p>MTP no se hace responsable de la legalidad de otros sitios web de terceros desde los que pueda accederse al portal. MTP tampoco responde por la legalidad de otros sitios web de terceros, que pudieran estar vinculados o enlazados desde este portal.<\/p>\n<p>MTP se reserva el derecho a realizar cambios en el sitio web sin previo aviso, al objeto de mantener actualizada su informaci\u00f3n, a\u00f1adiendo, modificando, corrigiendo o eliminando los contenidos publicados o el dise\u00f1o del portal.<\/p>\n<p>MTP no ser\u00e1 responsable del uso que terceros hagan de la informaci\u00f3n publicada en esta web, ni tampoco de los da\u00f1os sufridos o p\u00e9rdidas econ\u00f3micas que, de forma directa o indirecta, produzcan o puedan producir perjuicios econ\u00f3micos, materiales o sobre datos, provocados por el uso de dicha informaci\u00f3n por terceros malintencionados.<\/p>\n<h3>Legislaci\u00f3n aplicable<\/h3>\n<p>La legislaci\u00f3n aplicable en caso de disputa o conflicto de interpretaci\u00f3n de los t\u00e9rminos que conforman este aviso legal, as\u00ed como cualquier cuesti\u00f3n relacionada con los servicios del presente portal, ser\u00e1 la ley espa\u00f1ola.<\/p>\n<\/div><\/section>\n\n<style type=\"text\/css\" data-created_by=\"avia_inline_auto\" id=\"style-css-av-min1cubh-302ccd9cd52df0177ea003241baf2f45\">\n#top .hr.hr-invisible.av-min1cubh-302ccd9cd52df0177ea003241baf2f45{\nheight:60px;\n}\n<\/style>\n<div  class='hr av-min1cubh-302ccd9cd52df0177ea003241baf2f45 hr-invisible  avia-builder-el-3  el_after_av_textblock  avia-builder-el-last '><span class='hr-inner '><span class=\"hr-inner-style\"><\/span><\/span><\/div>\n\n","protected":false},"excerpt":{"rendered":"","protected":false},"author":9,"featured_media":0,"parent":0,"menu_order":5,"comment_status":"closed","ping_status":"closed","template":"","meta":{"_acf_changed":false,"footnotes":""},"class_list":["post-38174","page","type-page","status-publish","hentry"],"acf":[],"yoast_head":"<!-- This site is optimized with the Yoast SEO plugin v27.1.1 - https:\/\/yoast.com\/product\/yoast-seo-wordpress\/ -->\n<title>Pol\u00edtica de privacidad y protecci\u00f3n de datos | MTP<\/title>\n<meta name=\"description\" content=\"Una explicaci\u00f3n detallada sobre c\u00f3mo MTP trata los datos personales, asegurando confidencialidad, control del usuario y cumplimiento de la normativa vigente.\" \/>\n<meta name=\"robots\" content=\"index, follow, max-snippet:-1, max-image-preview:large, max-video-preview:-1\" \/>\n<link rel=\"canonical\" href=\"https:\/\/mtp.global\/es\/politica-de-privacidad\/\" \/>\n<meta property=\"og:locale\" content=\"es_ES\" \/>\n<meta property=\"og:type\" content=\"article\" \/>\n<meta property=\"og:title\" content=\"Pol\u00edtica de privacidad y protecci\u00f3n de datos | MTP\" \/>\n<meta property=\"og:description\" content=\"Una explicaci\u00f3n detallada sobre c\u00f3mo MTP trata los datos personales, asegurando confidencialidad, control del usuario y cumplimiento de la normativa vigente.\" \/>\n<meta property=\"og:url\" content=\"https:\/\/mtp.global\/es\/politica-de-privacidad\/\" \/>\n<meta property=\"og:site_name\" content=\"MTP Espa\u00f1a\" \/>\n<meta property=\"article:modified_time\" content=\"2026-04-22T08:17:23+00:00\" \/>\n<meta name=\"twitter:card\" content=\"summary_large_image\" \/>\n<meta name=\"twitter:label1\" content=\"Tiempo de lectura\" \/>\n\t<meta name=\"twitter:data1\" content=\"7 minutos\" \/>\n<!-- \/ Yoast SEO plugin. -->","yoast_head_json":{"title":"Pol\u00edtica de privacidad y protecci\u00f3n de datos | MTP","description":"Una explicaci\u00f3n detallada sobre c\u00f3mo MTP trata los datos personales, asegurando confidencialidad, control del usuario y cumplimiento de la normativa vigente.","robots":{"index":"index","follow":"follow","max-snippet":"max-snippet:-1","max-image-preview":"max-image-preview:large","max-video-preview":"max-video-preview:-1"},"canonical":"https:\/\/mtp.global\/es\/politica-de-privacidad\/","og_locale":"es_ES","og_type":"article","og_title":"Pol\u00edtica de privacidad y protecci\u00f3n de datos | MTP","og_description":"Una explicaci\u00f3n detallada sobre c\u00f3mo MTP trata los datos personales, asegurando confidencialidad, control del usuario y cumplimiento de la normativa vigente.","og_url":"https:\/\/mtp.global\/es\/politica-de-privacidad\/","og_site_name":"MTP Espa\u00f1a","article_modified_time":"2026-04-22T08:17:23+00:00","twitter_card":"summary_large_image","twitter_misc":{"Tiempo de lectura":"7 minutos"},"schema":{"@context":"https:\/\/schema.org","@graph":[{"@type":"WebPage","@id":"https:\/\/mtp.global\/es\/politica-de-privacidad\/","url":"https:\/\/mtp.global\/es\/politica-de-privacidad\/","name":"Pol\u00edtica de privacidad y protecci\u00f3n de datos | MTP","isPartOf":{"@id":"https:\/\/mtp.global\/es\/#website"},"datePublished":"2025-11-17T12:23:57+00:00","dateModified":"2026-04-22T08:17:23+00:00","description":"Una explicaci\u00f3n detallada sobre c\u00f3mo MTP trata los datos personales, asegurando confidencialidad, control del usuario y cumplimiento de la normativa vigente.","breadcrumb":{"@id":"https:\/\/mtp.global\/es\/politica-de-privacidad\/#breadcrumb"},"inLanguage":"es","potentialAction":[{"@type":"ReadAction","target":["https:\/\/mtp.global\/es\/politica-de-privacidad\/"]}]},{"@type":"BreadcrumbList","@id":"https:\/\/mtp.global\/es\/politica-de-privacidad\/#breadcrumb","itemListElement":[{"@type":"ListItem","position":1,"name":"Home","item":"https:\/\/mtp.global\/es\/home\/"},{"@type":"ListItem","position":2,"name":"Pol\u00edtica de privacidad"}]},{"@type":"WebSite","@id":"https:\/\/mtp.global\/es\/#website","url":"https:\/\/mtp.global\/es\/","name":"MTP Global","description":"","publisher":{"@id":"https:\/\/mtp.global\/es\/#organization"},"potentialAction":[{"@type":"SearchAction","target":{"@type":"EntryPoint","urlTemplate":"https:\/\/mtp.global\/es\/?s={search_term_string}"},"query-input":{"@type":"PropertyValueSpecification","valueRequired":true,"valueName":"search_term_string"}}],"inLanguage":"es"},{"@type":"Organization","@id":"https:\/\/mtp.global\/es\/#organization","name":"MTP Global","url":"https:\/\/mtp.global\/es\/","logo":{"@type":"ImageObject","inLanguage":"es","@id":"https:\/\/mtp.global\/es\/#\/schema\/logo\/image\/","url":"https:\/\/mtp.global\/es\/wp-content\/uploads\/2024\/07\/MTP-global.png","contentUrl":"https:\/\/mtp.global\/es\/wp-content\/uploads\/2024\/07\/MTP-global.png","width":1200,"height":400,"caption":"MTP Global"},"image":{"@id":"https:\/\/mtp.global\/es\/#\/schema\/logo\/image\/"}}]}},"_links":{"self":[{"href":"https:\/\/mtp.global\/es\/wp-json\/wp\/v2\/pages\/38174","targetHints":{"allow":["GET"]}}],"collection":[{"href":"https:\/\/mtp.global\/es\/wp-json\/wp\/v2\/pages"}],"about":[{"href":"https:\/\/mtp.global\/es\/wp-json\/wp\/v2\/types\/page"}],"author":[{"embeddable":true,"href":"https:\/\/mtp.global\/es\/wp-json\/wp\/v2\/users\/9"}],"replies":[{"embeddable":true,"href":"https:\/\/mtp.global\/es\/wp-json\/wp\/v2\/comments?post=38174"}],"version-history":[{"count":0,"href":"https:\/\/mtp.global\/es\/wp-json\/wp\/v2\/pages\/38174\/revisions"}],"wp:attachment":[{"href":"https:\/\/mtp.global\/es\/wp-json\/wp\/v2\/media?parent=38174"}],"curies":[{"name":"wp","href":"https:\/\/api.w.org\/{rel}","templated":true}]}}