{"id":38169,"date":"2025-11-17T13:18:59","date_gmt":"2025-11-17T12:18:59","guid":{"rendered":"https:\/\/mtp.global\/es\/?page_id=38169"},"modified":"2026-03-18T15:25:22","modified_gmt":"2026-03-18T14:25:22","slug":"condiciones-de-uso","status":"publish","type":"page","link":"https:\/\/mtp.global\/es\/condiciones-de-uso\/","title":{"rendered":"Condiciones de uso"},"content":{"rendered":"<div id='layer_slider_1'  class='avia-layerslider main_color avia-shadow  avia-builder-el-0  el_before_av_section  avia-builder-el-first  container_wrap fullsize'  style='height: 701px; max-width: 1410px; margin: 0 auto;'  ><\/div>\n\n<style type=\"text\/css\" data-created_by=\"avia_inline_auto\" id=\"style-css-av-mdn0qapu-a2fa86cf431235df482abc9818bf5d2a\">\n.avia-section.av-mdn0qapu-a2fa86cf431235df482abc9818bf5d2a{\nmargin-top:40px;\nmargin-bottom:0;\n}\n<\/style>\n<div id='main-content'  class='avia-section av-mdn0qapu-a2fa86cf431235df482abc9818bf5d2a main_color avia-section-no-padding avia-no-border-styling  avia-builder-el-1  el_after_av_layerslider  avia-builder-el-last  avia-bg-style-scroll container_wrap fullsize'  ><div class='container av-section-cont-open' ><div class='template-page content  av-content-full alpha units'><div class='post-entry post-entry-type-page post-entry-38169'><div class='entry-content-wrapper clearfix'>\n\n<style type=\"text\/css\" data-created_by=\"avia_inline_auto\" id=\"style-css-av-mdmzsj48-28d3c28860ce3a740bbe23e30d8a724b\">\n#top .av_textblock_section.av-mdmzsj48-28d3c28860ce3a740bbe23e30d8a724b .avia_textblock{\nfont-size:15px;\ncolor:#282b2e;\n}\n<\/style>\n<section  class='av_textblock_section av-mdmzsj48-28d3c28860ce3a740bbe23e30d8a724b '   itemscope=\"itemscope\" itemtype=\"https:\/\/schema.org\/CreativeWork\" ><div class='avia_textblock av_inherit_color'  itemprop=\"text\" ><p>\u00daltima actualizaci\u00f3n: 25\/09\/2025<\/p>\n<h2><strong>Cuestiones generales<\/strong><\/h2>\n<p>Los sitios web mtp.es y mtp.global\/es son titularidad de M\u00e9todos y Tecnolog\u00eda de Sistemas y Procesos S.L. (en adelante, MTP), con B81758344 y con domicilio en la Calle de Santa Leonor 65, Edificio C, Planta 4, 28037 Madrid, Espa\u00f1a.<\/p>\n<p>Estas condiciones de uso regulan el uso (incluyendo el mero acceso) a los sitios web mtp.es y mtp.global\/es, incluidos todos los contenidos y servicios en \u00e9l disponibles. Toda persona que acceda al presente sitio web ser\u00e1 considerada su \u00abusuario\u00bb y acepta de forma expresa, autom\u00e1tica y voluntaria las condiciones generales en vigor en el momento en que accede al mismo, as\u00ed como las condiciones particulares que puedan ser de aplicaci\u00f3n.<\/p>\n<p>En cualquier caso, MTP se reserva el derecho de cambiar la estructura y el dise\u00f1o de los sitios web, y de modificar o eliminar servicios, contenidos o las condiciones de acceso y\/o uso de los sitios web de forma unilateral, en cualquier momento y sin previo aviso.<\/p>\n<p>Cualquier informaci\u00f3n relacionada con MTP que pueda encontrarse o distribuirse en otros sitios web, correos electr\u00f3nicos, foros o similares, \u00fanicamente se considerar\u00e1 veraz y vinculante si MTP ha confirmado dicha informaci\u00f3n de forma expresa.<\/p>\n<p>El usuario reconoce y acepta voluntaria y expresamente que el uso de los sitios web se realiza bajo su \u00fanica y exclusiva responsabilidad en todo momento.<\/p>\n<p>El usuario se compromete a utilizar los sitios web, as\u00ed como sus servicios y contenidos, sin contravenir la legislaci\u00f3n vigente, la buena fe, los usos generalmente aceptados y el orden p\u00fablico. Asimismo, est\u00e1 prohibido utilizar los sitios web con fines il\u00edcitos o perjudiciales para MTP o cualquier tercero.<\/p>\n<p>Al utilizar los sitios web, el usuario se compromete a no actuar de ning\u00fan modo que pueda perjudicar la imagen, los intereses o los derechos de MTP o de terceros; que pueda da\u00f1ar, inutilizar o sobrecargar los sitios web de MTP, o que pueda dificultar de alg\u00fan modo la utilizaci\u00f3n normal de los sitios web.<\/p>\n<p>MTP adopta medidas de seguridad razonablemente suficientes para detectar la existencia de virus. No obstante, el usuario debe ser consciente de que las medidas de seguridad de los sistemas inform\u00e1ticos en Internet no son enteramente fiables y que, por lo tanto, MTP no puede garantizar la inexistencia de virus u otros elementos que puedan producir alteraciones en el sistema inform\u00e1tico (software y hardware) del usuario o en los documentos electr\u00f3nicos y ficheros contenidos en dicho sistema.<\/p>\n<h2><strong>Propiedad intelectual e industrial<\/strong><\/h2>\n<p>Los textos, las im\u00e1genes, los sonidos, las animaciones, los v\u00eddeos y otros contenidos de estos sitios web son propiedad exclusiva de MTP o, en su caso, de terceros que hayan otorgado una licencia o autorizaci\u00f3n a MTP para su uso.<\/p>\n<p>Todos los logotipos, marcas y dise\u00f1os industriales que aparecen en estos sitios web entran en el \u00e1mbito de aplicaci\u00f3n de los derechos de propiedad industrial e intelectual registrados por MTP, por lo que queda prohibida cualquier forma de explotaci\u00f3n, su reproducci\u00f3n, distribuci\u00f3n, comunicaci\u00f3n p\u00fablica y transformaci\u00f3n sin la autorizaci\u00f3n expresa de MTP.<\/p>\n<p>Mediante las presentes condiciones de uso no se cede ni puede interpretarse que se ceda ning\u00fan derecho de propiedad intelectual o industrial sobre los sitios web ni sobre ninguna de sus partes. Queda prohibido divulgar, usar, transmitir, distribuir, reproducir, transformar, comunicar p\u00fablicamente, poner a disposici\u00f3n, extraer, reutilizar, reenviar o utilizar de cualquier modo, total o parcialmente, en cualquier soporte o medio, los contenidos de estos sitios web pertenecientes a MTP sin el consentimiento previo y expreso de esta, salvo que se indique lo contrario o que su utilizaci\u00f3n se realice a t\u00edtulo particular y no vulnere los derechos que la legislaci\u00f3n aplicable otorgue a MTP.<\/p>\n<h2><strong>Exclusi\u00f3n de responsabilidad y garant\u00edas<\/strong><\/h2>\n<p>MTP no se considerar\u00e1 responsable de los fallos que puedan afectar a su servidor o las redes de comunicaci\u00f3n, ni de los problemas resultantes del mal funcionamiento o el uso de versiones no optimizadas de alg\u00fan navegador web.<\/p>\n<p>El usuario que visite los sitios web se responsabiliza plenamente del acceso a los mismos y del uso que pueda hacerse de la informaci\u00f3n contenida en ellos. MTP no podr\u00e1 considerarse responsable de ninguna consecuencia, ning\u00fan da\u00f1o ni ning\u00fan perjuicio que pueda derivarse de dicho acceso o uso de la informaci\u00f3n. MTP no podr\u00e1 considerarse responsable de errores o da\u00f1os de seguridad que puedan producirse en el sistema inform\u00e1tico del usuario (hardware y software) o los ficheros o documentos almacenados en \u00e9l a causa de virus presentes en el ordenador utilizado para conectarse a los servicios y contenidos de los sitios web, a causa de un fallo del navegador, del uso de versiones obsoletas del navegador o de aver\u00edas telef\u00f3nicas, interferencias, omisiones o desconexiones en el funcionamiento operativo del sistema electr\u00f3nico debidas a causas ajenas a MTP.<\/p>\n<p>MTP se reserva el derecho de denegar el acceso a un usuario ante cualquier indicio de que el uso de los servicios ofrecidos est\u00e9 realiz\u00e1ndose de forma fraudulenta, as\u00ed como de emprender las acciones legales apropiadas para defender sus intereses, y de suspender temporalmente y sin previo aviso la accesibilidad a los sitios web para realizar operaciones de mantenimiento, reparaci\u00f3n, actualizaci\u00f3n o mejora.<\/p>\n<p>Todas las controversias o reclamaciones surgidas de la interpretaci\u00f3n o ejecuci\u00f3n de las presentes condiciones de uso se regir\u00e1n por la legislaci\u00f3n espa\u00f1ola y se someter\u00e1n a la jurisdicci\u00f3n de los Juzgados y Tribunales de la ciudad de Madrid con renuncia expresa a cualquier otro fuero que pueda corresponderle al usuario.<\/p>\n<\/div><\/section>\n\n<style type=\"text\/css\" data-created_by=\"avia_inline_auto\" id=\"style-css-av-min18b87-a341d6bada4dcecccd9be9d90faa33c0\">\n#top .hr.hr-invisible.av-min18b87-a341d6bada4dcecccd9be9d90faa33c0{\nheight:60px;\n}\n<\/style>\n<div  class='hr av-min18b87-a341d6bada4dcecccd9be9d90faa33c0 hr-invisible  avia-builder-el-3  el_after_av_textblock  avia-builder-el-last '><span class='hr-inner '><span class=\"hr-inner-style\"><\/span><\/span><\/div>\n\n","protected":false},"excerpt":{"rendered":"","protected":false},"author":9,"featured_media":0,"parent":0,"menu_order":5,"comment_status":"closed","ping_status":"closed","template":"","meta":{"_acf_changed":false,"footnotes":""},"class_list":["post-38169","page","type-page","status-publish","hentry"],"acf":[],"yoast_head":"<!-- This site is optimized with the Yoast SEO plugin v27.1.1 - https:\/\/yoast.com\/product\/yoast-seo-wordpress\/ -->\n<title>Condiciones de uso del servicio | MTP<\/title>\n<meta name=\"description\" content=\"Las condiciones de uso MTP que regulan el acceso, la navegaci\u00f3n y las responsabilidades del usuario dentro de los servicios ofrecidos por MTP.\" \/>\n<meta name=\"robots\" content=\"index, follow, max-snippet:-1, max-image-preview:large, max-video-preview:-1\" \/>\n<link rel=\"canonical\" href=\"https:\/\/mtp.global\/es\/condiciones-de-uso\/\" \/>\n<meta property=\"og:locale\" content=\"es_ES\" \/>\n<meta property=\"og:type\" content=\"article\" \/>\n<meta property=\"og:title\" content=\"Condiciones de uso del servicio | MTP\" \/>\n<meta property=\"og:description\" content=\"Las condiciones de uso MTP que regulan el acceso, la navegaci\u00f3n y las responsabilidades del usuario dentro de los servicios ofrecidos por MTP.\" \/>\n<meta property=\"og:url\" content=\"https:\/\/mtp.global\/es\/condiciones-de-uso\/\" \/>\n<meta property=\"og:site_name\" content=\"MTP Espa\u00f1a\" \/>\n<meta property=\"article:modified_time\" content=\"2026-03-18T14:25:22+00:00\" \/>\n<meta name=\"twitter:card\" content=\"summary_large_image\" \/>\n<meta name=\"twitter:label1\" content=\"Tiempo de lectura\" \/>\n\t<meta name=\"twitter:data1\" content=\"5 minutos\" \/>\n<!-- \/ Yoast SEO plugin. -->","yoast_head_json":{"title":"Condiciones de uso del servicio | MTP","description":"Las condiciones de uso MTP que regulan el acceso, la navegaci\u00f3n y las responsabilidades del usuario dentro de los servicios ofrecidos por MTP.","robots":{"index":"index","follow":"follow","max-snippet":"max-snippet:-1","max-image-preview":"max-image-preview:large","max-video-preview":"max-video-preview:-1"},"canonical":"https:\/\/mtp.global\/es\/condiciones-de-uso\/","og_locale":"es_ES","og_type":"article","og_title":"Condiciones de uso del servicio | MTP","og_description":"Las condiciones de uso MTP que regulan el acceso, la navegaci\u00f3n y las responsabilidades del usuario dentro de los servicios ofrecidos por MTP.","og_url":"https:\/\/mtp.global\/es\/condiciones-de-uso\/","og_site_name":"MTP Espa\u00f1a","article_modified_time":"2026-03-18T14:25:22+00:00","twitter_card":"summary_large_image","twitter_misc":{"Tiempo de lectura":"5 minutos"},"schema":{"@context":"https:\/\/schema.org","@graph":[{"@type":"WebPage","@id":"https:\/\/mtp.global\/es\/condiciones-de-uso\/","url":"https:\/\/mtp.global\/es\/condiciones-de-uso\/","name":"Condiciones de uso del servicio | MTP","isPartOf":{"@id":"https:\/\/mtp.global\/es\/#website"},"datePublished":"2025-11-17T12:18:59+00:00","dateModified":"2026-03-18T14:25:22+00:00","description":"Las condiciones de uso MTP que regulan el acceso, la navegaci\u00f3n y las responsabilidades del usuario dentro de los servicios ofrecidos por MTP.","breadcrumb":{"@id":"https:\/\/mtp.global\/es\/condiciones-de-uso\/#breadcrumb"},"inLanguage":"es","potentialAction":[{"@type":"ReadAction","target":["https:\/\/mtp.global\/es\/condiciones-de-uso\/"]}]},{"@type":"BreadcrumbList","@id":"https:\/\/mtp.global\/es\/condiciones-de-uso\/#breadcrumb","itemListElement":[{"@type":"ListItem","position":1,"name":"Home","item":"https:\/\/mtp.global\/es\/home\/"},{"@type":"ListItem","position":2,"name":"Condiciones de uso"}]},{"@type":"WebSite","@id":"https:\/\/mtp.global\/es\/#website","url":"https:\/\/mtp.global\/es\/","name":"MTP Global","description":"","publisher":{"@id":"https:\/\/mtp.global\/es\/#organization"},"potentialAction":[{"@type":"SearchAction","target":{"@type":"EntryPoint","urlTemplate":"https:\/\/mtp.global\/es\/?s={search_term_string}"},"query-input":{"@type":"PropertyValueSpecification","valueRequired":true,"valueName":"search_term_string"}}],"inLanguage":"es"},{"@type":"Organization","@id":"https:\/\/mtp.global\/es\/#organization","name":"MTP Global","url":"https:\/\/mtp.global\/es\/","logo":{"@type":"ImageObject","inLanguage":"es","@id":"https:\/\/mtp.global\/es\/#\/schema\/logo\/image\/","url":"https:\/\/mtp.global\/es\/wp-content\/uploads\/2024\/07\/MTP-global.png","contentUrl":"https:\/\/mtp.global\/es\/wp-content\/uploads\/2024\/07\/MTP-global.png","width":1200,"height":400,"caption":"MTP Global"},"image":{"@id":"https:\/\/mtp.global\/es\/#\/schema\/logo\/image\/"}}]}},"_links":{"self":[{"href":"https:\/\/mtp.global\/es\/wp-json\/wp\/v2\/pages\/38169","targetHints":{"allow":["GET"]}}],"collection":[{"href":"https:\/\/mtp.global\/es\/wp-json\/wp\/v2\/pages"}],"about":[{"href":"https:\/\/mtp.global\/es\/wp-json\/wp\/v2\/types\/page"}],"author":[{"embeddable":true,"href":"https:\/\/mtp.global\/es\/wp-json\/wp\/v2\/users\/9"}],"replies":[{"embeddable":true,"href":"https:\/\/mtp.global\/es\/wp-json\/wp\/v2\/comments?post=38169"}],"version-history":[{"count":0,"href":"https:\/\/mtp.global\/es\/wp-json\/wp\/v2\/pages\/38169\/revisions"}],"wp:attachment":[{"href":"https:\/\/mtp.global\/es\/wp-json\/wp\/v2\/media?parent=38169"}],"curies":[{"name":"wp","href":"https:\/\/api.w.org\/{rel}","templated":true}]}}