{"id":38089,"date":"2025-11-12T17:49:38","date_gmt":"2025-11-12T16:49:38","guid":{"rendered":"https:\/\/mtp.global\/es\/?page_id=38089"},"modified":"2026-03-18T13:57:34","modified_gmt":"2026-03-18T12:57:34","slug":"enta","status":"publish","type":"page","link":"https:\/\/mtp.global\/es\/innovacion\/proyectos-idi\/enta\/","title":{"rendered":"ENTA"},"content":{"rendered":"<div id='layer_slider_1'  class='avia-layerslider main_color avia-shadow  avia-builder-el-0  el_before_av_section  avia-builder-el-first  container_wrap fullsize'  style='height: 701px; max-width: 1410px; margin: 0 auto;'  ><\/div>\n\n<style type=\"text\/css\" data-created_by=\"avia_inline_auto\" id=\"style-css-av-mdn0qapu-a2fa86cf431235df482abc9818bf5d2a\">\n.avia-section.av-mdn0qapu-a2fa86cf431235df482abc9818bf5d2a{\nmargin-top:40px;\nmargin-bottom:0;\n}\n<\/style>\n<div id='main-content'  class='avia-section av-mdn0qapu-a2fa86cf431235df482abc9818bf5d2a main_color avia-section-no-padding avia-no-border-styling  avia-builder-el-1  el_after_av_layerslider  el_before_av_section  avia-bg-style-scroll container_wrap fullsize'  ><div class='container av-section-cont-open' ><div class='template-page content  av-content-full alpha units'><div class='post-entry post-entry-type-page post-entry-38089'><div class='entry-content-wrapper clearfix'>\n\n<style type=\"text\/css\" data-created_by=\"avia_inline_auto\" id=\"style-css-av-mdmzsj48-28d3c28860ce3a740bbe23e30d8a724b\">\n#top .av_textblock_section.av-mdmzsj48-28d3c28860ce3a740bbe23e30d8a724b .avia_textblock{\nfont-size:15px;\ncolor:#282b2e;\n}\n<\/style>\n<section  class='av_textblock_section av-mdmzsj48-28d3c28860ce3a740bbe23e30d8a724b '   itemscope=\"itemscope\" itemtype=\"https:\/\/schema.org\/CreativeWork\" ><div class='avia_textblock av_inherit_color'  itemprop=\"text\" ><p><strong>ENTA tiene como objetivo la detecci\u00f3n de dispositivos extra\u00f1os y no autorizados que, a trav\u00e9s de IoT, puedan poner en riesgo la ciberseguridad de dispositivos y aplicaciones.<\/strong><\/p>\n<p>MTP participa en el proyecto europeo ENTA con el objetivo de desarrollar soluciones para la detecci\u00f3n de dispositivos IoT no autorizados que puedan comprometer la seguridad de redes, aplicaciones y servicios digitales.<\/p>\n<p>En el contexto actual, tanto las aplicaciones de Internet como los dispositivos IoT generan tr\u00e1fico cifrado que circula por la misma infraestructura de red. Esta realidad complica la visibilidad y el control sobre los flujos de informaci\u00f3n, dificultando la detecci\u00f3n de amenazas.<\/p>\n<p>Cuando un dispositivo IoT es comprometido, puede ser utilizado por actores maliciosos para lanzar ataques como DDoS (Denegaci\u00f3n de Servicio Distribuido), exfiltraci\u00f3n de datos sensibles o incluso la inyecci\u00f3n de datos falsos, en lo que se conoce como ataques de tipo decepci\u00f3n.<\/p>\n<p>La detecci\u00f3n temprana y precisa de estos dispositivos no autorizados es un desaf\u00edo clave. La contribuci\u00f3n de MTP al proyecto ENTA se centra en el dise\u00f1o y desarrollo de un demostrador funcional capaz de analizar tr\u00e1fico cifrado en redes IoT para identificar dispositivos deshonestos o sospechosos de forma no invasiva.<\/p>\n<\/div><\/section>\n<div  class='avia-video av-mm8ynghb-fce14ec88ed6a85c529b65aa51593406 avia-video-16-9 av-no-preview-image avia-video-load-always av-lazyload-immediate av-lazyload-video-embed'  itemprop=\"video\" itemtype=\"https:\/\/schema.org\/VideoObject\"  data-original_url='https:\/\/www.youtube.com\/watch?v=8LhL_aKECaY'><script type='text\/html' class='av-video-tmpl'><div class='avia-iframe-wrap'><iframe title=\"ENTA, un proyecto en el que participa MTP para reforzar la seguridad de redes y datos con IA\" width=\"1500\" height=\"844\" src=\"https:\/\/www.youtube.com\/embed\/8LhL_aKECaY?feature=oembed&autoplay=0&loop=0&controls=1&mute=0\" frameborder=\"0\" allow=\"accelerometer; autoplay; clipboard-write; encrypted-media; gyroscope; picture-in-picture; web-share\" referrerpolicy=\"strict-origin-when-cross-origin\" allowfullscreen><\/iframe><\/div><\/script><div class='av-click-to-play-overlay'><div class=\"avia_playpause_icon\"><\/div><\/div><\/div>\n\n<\/div><\/div><\/div><!-- close content main div --><\/div><\/div>\n<style type=\"text\/css\" data-created_by=\"avia_inline_auto\" id=\"style-css-av-mdfs0wad-505c9792752943f9999a7c5e444659c5\">\n.avia-section.av-mdfs0wad-505c9792752943f9999a7c5e444659c5{\nmargin-top:20px;\nmargin-bottom:20px;\n}\n<\/style>\n<div id='objetivos'  class='avia-section av-mdfs0wad-505c9792752943f9999a7c5e444659c5 main_color avia-section-no-padding avia-no-border-styling  avia-builder-el-4  el_after_av_section  el_before_av_section  avia-bg-style-scroll container_wrap fullsize'  ><div class='container av-section-cont-open' ><div class='template-page content  av-content-full alpha units'><div class='post-entry post-entry-type-page post-entry-38089'><div class='entry-content-wrapper clearfix'>\n<section  class='av_textblock_section av-206h1a5-d23bb6da25ef9b87110a7f19db284aa7 '   itemscope=\"itemscope\" itemtype=\"https:\/\/schema.org\/CreativeWork\" ><div class='avia_textblock'  itemprop=\"text\" ><h2 id=\"majorcertificates\" style=\"color: #101246; font-size: 45px; text-align: left;\">Componentes:<\/h2>\n<p>El demostrador lo forman, principalmente, dos componentes:<\/p>\n<ul>\n<li>La soluci\u00f3n ENTA de an\u00e1lisis de comunicaciones encriptadas para IoT.<\/li>\n<li>El banco de simulaci\u00f3n de IoT para probar la soluci\u00f3n ENTA.<\/li>\n<\/ul>\n<\/div><\/section>\n\n<\/div><\/div><\/div><!-- close content main div --><\/div><\/div>\n<style type=\"text\/css\" data-created_by=\"avia_inline_auto\" id=\"style-css-av-mdn14mln-fda6cf5c589fdea11b412c88ee13fb1b\">\n.avia-section.av-mdn14mln-fda6cf5c589fdea11b412c88ee13fb1b{\nmargin-top:0;\nmargin-bottom:0;\n}\n\n@media only screen and (max-width: 479px){ \n.avia-section.av-mdn14mln-fda6cf5c589fdea11b412c88ee13fb1b{\nmargin-top:0;\nmargin-bottom:0;\n}\n}\n<\/style>\n<div id='colaboracion'  class='avia-section av-mdn14mln-fda6cf5c589fdea11b412c88ee13fb1b main_color avia-section-no-padding avia-no-border-styling  avia-builder-el-6  el_after_av_section  el_before_av_section  avia-bg-style-scroll container_wrap fullsize'  ><div class='container av-section-cont-open' ><div class='template-page content  av-content-full alpha units'><div class='post-entry post-entry-type-page post-entry-38089'><div class='entry-content-wrapper clearfix'>\n\n<style type=\"text\/css\" data-created_by=\"avia_inline_auto\" id=\"style-css-av-sx5iy1-819a11f44c014d6daa556cc7c71dd3f6\">\n#top .av_textblock_section.av-sx5iy1-819a11f44c014d6daa556cc7c71dd3f6 .avia_textblock{\nfont-size:20px;\ncolor:#101246;\n}\n<\/style>\n<section  class='av_textblock_section av-sx5iy1-819a11f44c014d6daa556cc7c71dd3f6 '   itemscope=\"itemscope\" itemtype=\"https:\/\/schema.org\/CreativeWork\" ><div class='avia_textblock av_inherit_color'  itemprop=\"text\" ><p>Este proyecto est\u00e1 constituido en modo consorcio y compuesto por MTP (<span lang=\"en\">Project Leader Deputy<\/span>), Solana Networks (<span lang=\"en\">Project Leader<\/span>, Canad\u00e1), BEIA (Austria), <span lang=\"en\">Dalhousie University<\/span> (Canad\u00e1) y C4FF (UK).<\/p>\n<\/div><\/section>\n\n<style type=\"text\/css\" data-created_by=\"avia_inline_auto\" id=\"style-css-av-mdn0h29n-f67a39f9ac74264570887f70cff392bf\">\n#top .hr.hr-invisible.av-mdn0h29n-f67a39f9ac74264570887f70cff392bf{\nheight:20px;\n}\n<\/style>\n<div  class='hr av-mdn0h29n-f67a39f9ac74264570887f70cff392bf hr-invisible  avia-builder-el-8  el_after_av_textblock  el_before_av_image  av-medium-hide av-small-hide av-mini-hide'><span class='hr-inner '><span class=\"hr-inner-style\"><\/span><\/span><\/div>\n\n<style type=\"text\/css\" data-created_by=\"avia_inline_auto\" id=\"style-css-av-mdn0e4ff-ee08a1412c1be43486aeec4292978efe\">\n.avia-image-container.av-mdn0e4ff-ee08a1412c1be43486aeec4292978efe img.avia_image{\nbox-shadow:none;\n}\n.avia-image-container.av-mdn0e4ff-ee08a1412c1be43486aeec4292978efe .av-image-caption-overlay-center{\ncolor:#ffffff;\n}\n<\/style>\n<div  class='avia-image-container av-mdn0e4ff-ee08a1412c1be43486aeec4292978efe av-styling- avia-align-center  avia-builder-el-9  el_after_av_hr  avia-builder-el-last '   itemprop=\"image\" itemscope=\"itemscope\" itemtype=\"https:\/\/schema.org\/ImageObject\" ><div class=\"avia-image-container-inner\"><div class=\"avia-image-overlay-wrap\"><img decoding=\"async\" fetchpriority=\"high\" class='wp-image-28081 avia-img-lazy-loading-not-28081 avia_image ' src=\"https:\/\/mtp.global\/es\/wp-content\/uploads\/2022\/03\/logos_itea.png\" alt='' title='logos_itea'  height=\"305\" width=\"545\"  itemprop=\"thumbnailUrl\" srcset=\"https:\/\/mtp.global\/es\/wp-content\/uploads\/2022\/03\/logos_itea.png 545w, https:\/\/mtp.global\/es\/wp-content\/uploads\/2022\/03\/logos_itea-300x168.png 300w\" sizes=\"(max-width: 545px) 100vw, 545px\" \/><\/div><\/div><\/div>\n\n<\/div><\/div><\/div><!-- close content main div --><\/div><\/div>\n<style type=\"text\/css\" data-created_by=\"avia_inline_auto\" id=\"style-css-av-3vx4ivm-9a16fb362d7af80cc898e88170d39a96\">\n.avia-section.av-3vx4ivm-9a16fb362d7af80cc898e88170d39a96 .av-extra-border-element .av-extra-border-inner{\nbackground-color:#ffffff;\n}\n<\/style>\n<div id='formulario-contacto'  class='avia-section av-3vx4ivm-9a16fb362d7af80cc898e88170d39a96 main_color avia-section-large avia-no-border-styling  avia-builder-el-10  el_after_av_section  avia-builder-el-last  avia-bg-style-scroll av-arrow-down-section container_wrap fullsize'  ><div class='container av-section-cont-open' ><div class='template-page content  av-content-full alpha units'><div class='post-entry post-entry-type-page post-entry-38089'><div class='entry-content-wrapper clearfix'>\n\n<style type=\"text\/css\" data-created_by=\"avia_inline_auto\" id=\"style-css-av-3j9q29e-eea05ad4417669183db844e97f95f6fd\">\n#top .flex_column.av-3j9q29e-eea05ad4417669183db844e97f95f6fd{\nmargin-top:0;\nmargin-bottom:0;\n}\n.flex_column.av-3j9q29e-eea05ad4417669183db844e97f95f6fd{\nborder-radius:0px 0px 0px 0px;\npadding:0px 0px 0px 0px;\n}\n.responsive #top #wrap_all .flex_column.av-3j9q29e-eea05ad4417669183db844e97f95f6fd{\nmargin-top:0;\nmargin-bottom:0;\n}\n<\/style>\n<div  class='flex_column av-3j9q29e-eea05ad4417669183db844e97f95f6fd av_one_full  avia-builder-el-11  el_before_av_one_fourth  avia-builder-el-first  first no_margin flex_column_div av-animated-generic left-to-right av-zero-column-padding  '     ><style type=\"text\/css\" data-created_by=\"avia_inline_auto\" id=\"style-css-av-pk67w2-3e1c4b54be7f3d484d2d8d281859662b\">\n#top .av_textblock_section.av-pk67w2-3e1c4b54be7f3d484d2d8d281859662b .avia_textblock{\nfont-size:40px;\ncolor:#101246;\n}\n<\/style>\n<section  class='av_textblock_section av-pk67w2-3e1c4b54be7f3d484d2d8d281859662b '   itemscope=\"itemscope\" itemtype=\"https:\/\/schema.org\/CreativeWork\" ><div class='avia_textblock av_inherit_color'  itemprop=\"text\" ><h2 style=\"text-align: center;\">\u00bfQuieres saber m\u00e1s?<\/h2>\n<\/div><\/section><br \/>\n\n<style type=\"text\/css\" data-created_by=\"avia_inline_auto\" id=\"style-css-av-2zzr7jm-eac7d829c99f99919c946ed3156ab61c\">\n#top .av_textblock_section.av-2zzr7jm-eac7d829c99f99919c946ed3156ab61c .avia_textblock{\nfont-size:17px;\ncolor:#0a0a0a;\n}\n<\/style>\n<section  class='av_textblock_section av-2zzr7jm-eac7d829c99f99919c946ed3156ab61c '   itemscope=\"itemscope\" itemtype=\"https:\/\/schema.org\/CreativeWork\" ><div class='avia_textblock av_inherit_color'  itemprop=\"text\" ><p style=\"text-align: center;\">Si necesitas contactar con nosotros puedes rellenar el siguiente formulario.<br \/>\nNos pondremos en contacto contigo lo antes posible.<\/p>\n<\/div><\/section><\/p><\/div><div class='flex_column_table av-2mqzab6-8a9157142fa6160bc803bbd375d91243 sc-av_one_fourth av-equal-height-column-flextable'>\n<style type=\"text\/css\" data-created_by=\"avia_inline_auto\" id=\"style-css-av-2mqzab6-8a9157142fa6160bc803bbd375d91243\">\n#top .flex_column_table.av-equal-height-column-flextable.av-2mqzab6-8a9157142fa6160bc803bbd375d91243{\nmargin-top:30px;\nmargin-bottom:30px;\n}\n.flex_column.av-2mqzab6-8a9157142fa6160bc803bbd375d91243{\nborder-radius:0px 0px 0px 0px;\npadding:0px 0px 0px 0px;\n}\n<\/style>\n<div  class='flex_column av-2mqzab6-8a9157142fa6160bc803bbd375d91243 av_one_fourth  avia-builder-el-14  el_after_av_one_full  el_before_av_one_half  first no_margin flex_column_table_cell av-equal-height-column av-align-top av-animated-generic left-to-right av-zero-column-padding  column-top-margin'     ><\/div>\n<style type=\"text\/css\" data-created_by=\"avia_inline_auto\" id=\"style-css-av-208k1o2-c611c705b15e3c9bfdd8be39aa6aa841\">\n#top .flex_column_table.av-equal-height-column-flextable.av-208k1o2-c611c705b15e3c9bfdd8be39aa6aa841{\nmargin-top:30px;\nmargin-bottom:30px;\n}\n.flex_column.av-208k1o2-c611c705b15e3c9bfdd8be39aa6aa841{\nborder-radius:0px 0px 0px 0px;\npadding:0px 0px 0px 0px;\n}\n<\/style>\n<div  class='flex_column av-208k1o2-c611c705b15e3c9bfdd8be39aa6aa841 av_one_half  avia-builder-el-15  el_after_av_one_fourth  el_before_av_one_fourth  no_margin flex_column_table_cell av-equal-height-column av-align-top av-animated-generic left-to-right av-zero-column-padding  column-top-margin'     ><p>\n<style type=\"text\/css\" data-created_by=\"avia_inline_auto\" id=\"style-css-av-1saljte-2274c094eb4d6bde922264e7c283f851\">\n#top .av_textblock_section.av-1saljte-2274c094eb4d6bde922264e7c283f851 .avia_textblock{\nfont-size:17px;\ncolor:#0a0a0a;\n}\n<\/style>\n<section  class='av_textblock_section av-1saljte-2274c094eb4d6bde922264e7c283f851 '   itemscope=\"itemscope\" itemtype=\"https:\/\/schema.org\/CreativeWork\" ><div class='avia_textblock av_inherit_color'  itemprop=\"text\" ><p>Los campos marcados con <span style=\"color: #b21532;\">*<\/span> son obligatorios<\/p>\n<\/div><\/section><br \/>\n<\/p><\/div>\n<style type=\"text\/css\" data-created_by=\"avia_inline_auto\" id=\"style-css-av-s3bolu-1a71de464253de9afcf0f65e19e2dcce\">\n#top .flex_column_table.av-equal-height-column-flextable.av-s3bolu-1a71de464253de9afcf0f65e19e2dcce{\nmargin-top:30px;\nmargin-bottom:30px;\n}\n.flex_column.av-s3bolu-1a71de464253de9afcf0f65e19e2dcce{\nborder-radius:0px 0px 0px 0px;\npadding:0px 0px 0px 0px;\n}\n<\/style>\n<div  class='flex_column av-s3bolu-1a71de464253de9afcf0f65e19e2dcce av_one_fourth  avia-builder-el-18  el_after_av_one_half  avia-builder-el-last  no_margin flex_column_table_cell av-equal-height-column av-align-top av-animated-generic left-to-right av-zero-column-padding  column-top-margin'     ><\/div><\/div><!--close column table wrapper. Autoclose: 1 -->\n","protected":false},"excerpt":{"rendered":"","protected":false},"author":9,"featured_media":0,"parent":38027,"menu_order":5,"comment_status":"closed","ping_status":"closed","template":"","meta":{"_acf_changed":false,"footnotes":""},"class_list":["post-38089","page","type-page","status-publish","hentry"],"acf":[],"yoast_head":"<!-- This site is optimized with the Yoast SEO plugin v27.1.1 - https:\/\/yoast.com\/product\/yoast-seo-wordpress\/ -->\n<title>ENTA: innovaci\u00f3n europea en ciberseguridad avanzada | MTP<\/title>\n<meta name=\"description\" content=\"ENTA: proyecto centrado en el desarrollo de tecnolog\u00edas que mejoran detecci\u00f3n, respuesta y resiliencia ante amenazas, reforzando la seguridad digital.\" \/>\n<meta name=\"robots\" content=\"index, follow, max-snippet:-1, max-image-preview:large, max-video-preview:-1\" \/>\n<link rel=\"canonical\" href=\"https:\/\/mtp.global\/es\/innovacion\/proyectos-idi\/enta\/\" \/>\n<meta property=\"og:locale\" content=\"es_ES\" \/>\n<meta property=\"og:type\" content=\"article\" \/>\n<meta property=\"og:title\" content=\"ENTA: innovaci\u00f3n europea en ciberseguridad avanzada | MTP\" \/>\n<meta property=\"og:description\" content=\"ENTA: proyecto centrado en el desarrollo de tecnolog\u00edas que mejoran detecci\u00f3n, respuesta y resiliencia ante amenazas, reforzando la seguridad digital.\" \/>\n<meta property=\"og:url\" content=\"https:\/\/mtp.global\/es\/innovacion\/proyectos-idi\/enta\/\" \/>\n<meta property=\"og:site_name\" content=\"MTP Espa\u00f1a\" \/>\n<meta property=\"article:modified_time\" content=\"2026-03-18T12:57:34+00:00\" \/>\n<meta name=\"twitter:card\" content=\"summary_large_image\" \/>\n<meta name=\"twitter:label1\" content=\"Tiempo de lectura\" \/>\n\t<meta name=\"twitter:data1\" content=\"2 minutos\" \/>\n<!-- \/ Yoast SEO plugin. -->","yoast_head_json":{"title":"ENTA: innovaci\u00f3n europea en ciberseguridad avanzada | MTP","description":"ENTA: proyecto centrado en el desarrollo de tecnolog\u00edas que mejoran detecci\u00f3n, respuesta y resiliencia ante amenazas, reforzando la seguridad digital.","robots":{"index":"index","follow":"follow","max-snippet":"max-snippet:-1","max-image-preview":"max-image-preview:large","max-video-preview":"max-video-preview:-1"},"canonical":"https:\/\/mtp.global\/es\/innovacion\/proyectos-idi\/enta\/","og_locale":"es_ES","og_type":"article","og_title":"ENTA: innovaci\u00f3n europea en ciberseguridad avanzada | MTP","og_description":"ENTA: proyecto centrado en el desarrollo de tecnolog\u00edas que mejoran detecci\u00f3n, respuesta y resiliencia ante amenazas, reforzando la seguridad digital.","og_url":"https:\/\/mtp.global\/es\/innovacion\/proyectos-idi\/enta\/","og_site_name":"MTP Espa\u00f1a","article_modified_time":"2026-03-18T12:57:34+00:00","twitter_card":"summary_large_image","twitter_misc":{"Tiempo de lectura":"2 minutos"},"schema":{"@context":"https:\/\/schema.org","@graph":[{"@type":"WebPage","@id":"https:\/\/mtp.global\/es\/innovacion\/proyectos-idi\/enta\/","url":"https:\/\/mtp.global\/es\/innovacion\/proyectos-idi\/enta\/","name":"ENTA: innovaci\u00f3n europea en ciberseguridad avanzada | MTP","isPartOf":{"@id":"https:\/\/mtp.global\/es\/#website"},"datePublished":"2025-11-12T16:49:38+00:00","dateModified":"2026-03-18T12:57:34+00:00","description":"ENTA: proyecto centrado en el desarrollo de tecnolog\u00edas que mejoran detecci\u00f3n, respuesta y resiliencia ante amenazas, reforzando la seguridad digital.","breadcrumb":{"@id":"https:\/\/mtp.global\/es\/innovacion\/proyectos-idi\/enta\/#breadcrumb"},"inLanguage":"es","potentialAction":[{"@type":"ReadAction","target":["https:\/\/mtp.global\/es\/innovacion\/proyectos-idi\/enta\/"]}]},{"@type":"BreadcrumbList","@id":"https:\/\/mtp.global\/es\/innovacion\/proyectos-idi\/enta\/#breadcrumb","itemListElement":[{"@type":"ListItem","position":1,"name":"Home","item":"https:\/\/mtp.global\/es\/home\/"},{"@type":"ListItem","position":2,"name":"Innovaci\u00f3n","item":"https:\/\/mtp.global\/es\/innovacion\/"},{"@type":"ListItem","position":3,"name":"Proyectos I+D+i","item":"https:\/\/mtp.global\/es\/innovacion\/proyectos-idi\/"},{"@type":"ListItem","position":4,"name":"ENTA"}]},{"@type":"WebSite","@id":"https:\/\/mtp.global\/es\/#website","url":"https:\/\/mtp.global\/es\/","name":"MTP Global","description":"","publisher":{"@id":"https:\/\/mtp.global\/es\/#organization"},"potentialAction":[{"@type":"SearchAction","target":{"@type":"EntryPoint","urlTemplate":"https:\/\/mtp.global\/es\/?s={search_term_string}"},"query-input":{"@type":"PropertyValueSpecification","valueRequired":true,"valueName":"search_term_string"}}],"inLanguage":"es"},{"@type":"Organization","@id":"https:\/\/mtp.global\/es\/#organization","name":"MTP Global","url":"https:\/\/mtp.global\/es\/","logo":{"@type":"ImageObject","inLanguage":"es","@id":"https:\/\/mtp.global\/es\/#\/schema\/logo\/image\/","url":"https:\/\/mtp.global\/es\/wp-content\/uploads\/2024\/07\/MTP-global.png","contentUrl":"https:\/\/mtp.global\/es\/wp-content\/uploads\/2024\/07\/MTP-global.png","width":1200,"height":400,"caption":"MTP Global"},"image":{"@id":"https:\/\/mtp.global\/es\/#\/schema\/logo\/image\/"}}]}},"_links":{"self":[{"href":"https:\/\/mtp.global\/es\/wp-json\/wp\/v2\/pages\/38089","targetHints":{"allow":["GET"]}}],"collection":[{"href":"https:\/\/mtp.global\/es\/wp-json\/wp\/v2\/pages"}],"about":[{"href":"https:\/\/mtp.global\/es\/wp-json\/wp\/v2\/types\/page"}],"author":[{"embeddable":true,"href":"https:\/\/mtp.global\/es\/wp-json\/wp\/v2\/users\/9"}],"replies":[{"embeddable":true,"href":"https:\/\/mtp.global\/es\/wp-json\/wp\/v2\/comments?post=38089"}],"version-history":[{"count":0,"href":"https:\/\/mtp.global\/es\/wp-json\/wp\/v2\/pages\/38089\/revisions"}],"up":[{"embeddable":true,"href":"https:\/\/mtp.global\/es\/wp-json\/wp\/v2\/pages\/38027"}],"wp:attachment":[{"href":"https:\/\/mtp.global\/es\/wp-json\/wp\/v2\/media?parent=38089"}],"curies":[{"name":"wp","href":"https:\/\/api.w.org\/{rel}","templated":true}]}}