{"id":37412,"date":"2025-09-10T12:48:40","date_gmt":"2025-09-10T10:48:40","guid":{"rendered":"https:\/\/mtp.global\/es\/?page_id=37412"},"modified":"2026-03-18T14:00:14","modified_gmt":"2026-03-18T13:00:14","slug":"ciberseguridad","status":"publish","type":"page","link":"https:\/\/mtp.global\/es\/servicios\/ciberseguridad\/","title":{"rendered":"Ciberseguridad"},"content":{"rendered":"<div id='layer_slider_1'  class='avia-layerslider main_color avia-shadow  avia-builder-el-0  el_before_av_section  avia-builder-el-first  container_wrap fullsize'  style='height: 701px; max-width: 1410px; margin: 0 auto;'  ><\/div>\n\n<style type=\"text\/css\" data-created_by=\"avia_inline_auto\" id=\"style-css-av-1ffkr2c-345ca77f55afb71ee4ac2cb5bc3645b1\">\n.avia-section.av-1ffkr2c-345ca77f55afb71ee4ac2cb5bc3645b1{\nbackground-color:#ecedef;\nbackground-image:unset;\n}\n<\/style>\n<div id='main-content'  class='avia-section av-1ffkr2c-345ca77f55afb71ee4ac2cb5bc3645b1 main_color avia-section-large avia-no-border-styling  avia-builder-el-1  el_after_av_layerslider  el_before_av_section  avia-bg-style-scroll container_wrap fullsize'  ><div class='container av-section-cont-open' ><div class='template-page content  av-content-full alpha units'><div class='post-entry post-entry-type-page post-entry-37412'><div class='entry-content-wrapper clearfix'>\n\n<style type=\"text\/css\" data-created_by=\"avia_inline_auto\" id=\"style-css-av-18xctok-63b9528acda489e8a9075709e4c2a730\">\n.flex_column.av-18xctok-63b9528acda489e8a9075709e4c2a730{\npadding:0 0 0 0;\n}\n<\/style>\n<div  class='flex_column av-18xctok-63b9528acda489e8a9075709e4c2a730 av_one_full  avia-builder-el-2  avia-builder-el-no-sibling  first flex_column_div av-zero-column-padding  '     ><p>\n<style type=\"text\/css\" data-created_by=\"avia_inline_auto\" id=\"style-css-av-vn5glg-8b4d9abe75e027b8247afe9f655b7c6a\">\n#top .hr.hr-invisible.av-vn5glg-8b4d9abe75e027b8247afe9f655b7c6a{\nheight:20px;\n}\n<\/style>\n<div  class='hr av-vn5glg-8b4d9abe75e027b8247afe9f655b7c6a hr-invisible  avia-builder-el-3  el_before_av_textblock  avia-builder-el-first  av-medium-hide av-small-hide av-mini-hide'><span class='hr-inner '><span class=\"hr-inner-style\"><\/span><\/span><\/div><br \/>\n\n<style type=\"text\/css\" data-created_by=\"avia_inline_auto\" id=\"style-css-av-mm0cyxdy-8c60c65501d5d77a147b25f44e9eeb8c\">\n#top .av_textblock_section.av-mm0cyxdy-8c60c65501d5d77a147b25f44e9eeb8c .avia_textblock{\nfont-size:16px;\ncolor:#282b2e;\n}\n<\/style>\n<section  class='av_textblock_section av-mm0cyxdy-8c60c65501d5d77a147b25f44e9eeb8c '   itemscope=\"itemscope\" itemtype=\"https:\/\/schema.org\/CreativeWork\" ><div class='avia_textblock av_inherit_color'  itemprop=\"text\" ><h2 style=\"text-align: center;\">Te invitamos a descubrir Ciberso, nuestra unidad de negocio enfocada en ciberseguridad para proteger a pymes y grandes empresas.<\/h2>\n<p style=\"text-align: center;\">A trav\u00e9s de Ciberso ofrecemos nuestros servicios de ciberseguridad para empresas, previniendo vulnerabilidades y distintos tipos de fraudes.<\/p>\n<p style=\"text-align: center;\">Ofrecemos as\u00ed una respuesta integral que refuerza la coherencia y eficacia del esquema de defensa.<\/p>\n<\/div><\/section><\/p><\/div>\n\n<\/div><\/div><\/div><!-- close content main div --><\/div><\/div>\n<style type=\"text\/css\" data-created_by=\"avia_inline_auto\" id=\"style-css-av-1qq1dqb-cbd7388bd0035275ca1de7fbafbc8251\">\n.avia-section.av-1qq1dqb-cbd7388bd0035275ca1de7fbafbc8251{\nbackground-color:#ffffff;\nbackground-image:unset;\n}\n<\/style>\n<div id='main-content'  class='avia-section av-1qq1dqb-cbd7388bd0035275ca1de7fbafbc8251 main_color avia-section-large avia-no-border-styling  avia-builder-el-5  el_after_av_section  el_before_av_section  avia-bg-style-scroll container_wrap fullsize'  ><div class='container av-section-cont-open' ><div class='template-page content  av-content-full alpha units'><div class='post-entry post-entry-type-page post-entry-37412'><div class='entry-content-wrapper clearfix'>\n<div class='flex_column_table av-10pt8yr-8657d9c98886c8bbbd064d353d906872 sc-av_one_half av-equal-height-column-flextable'>\n<style type=\"text\/css\" data-created_by=\"avia_inline_auto\" id=\"style-css-av-10pt8yr-8657d9c98886c8bbbd064d353d906872\">\n.flex_column.av-10pt8yr-8657d9c98886c8bbbd064d353d906872{\nbackground-color:#ffffff;\n}\n<\/style>\n<div  class='flex_column av-10pt8yr-8657d9c98886c8bbbd064d353d906872 av_one_half  avia-builder-el-6  el_before_av_one_half  avia-builder-el-first  first flex_column_table_cell av-equal-height-column av-align-middle  '     ><style type=\"text\/css\" data-created_by=\"avia_inline_auto\" id=\"style-css-av-mfdur8v7-1fd7c077f6220d4b067be9cbc6419f4e\">\n.avia-image-container.av-mfdur8v7-1fd7c077f6220d4b067be9cbc6419f4e img.avia_image{\nbox-shadow:none;\n}\n.avia-image-container.av-mfdur8v7-1fd7c077f6220d4b067be9cbc6419f4e .av-image-caption-overlay-center{\ncolor:#ffffff;\n}\n<\/style>\n<div  class='avia-image-container av-mfdur8v7-1fd7c077f6220d4b067be9cbc6419f4e av-styling- avia-align-center  avia-builder-el-7  avia-builder-el-no-sibling '   itemprop=\"image\" itemscope=\"itemscope\" itemtype=\"https:\/\/schema.org\/ImageObject\" ><div class=\"avia-image-container-inner\"><div class=\"avia-image-overlay-wrap\"><img decoding=\"async\" fetchpriority=\"high\" class='wp-image-37416 avia-img-lazy-loading-not-37416 avia_image ' src=\"https:\/\/mtp.global\/es\/wp-content\/uploads\/2025\/09\/ciberso-mtp-esp.jpg\" alt='' title='ciberso-mtp-esp'  height=\"300\" width=\"517\"  itemprop=\"thumbnailUrl\" srcset=\"https:\/\/mtp.global\/es\/wp-content\/uploads\/2025\/09\/ciberso-mtp-esp.jpg 517w, https:\/\/mtp.global\/es\/wp-content\/uploads\/2025\/09\/ciberso-mtp-esp-300x174.jpg 300w\" sizes=\"(max-width: 517px) 100vw, 517px\" \/><\/div><\/div><\/div><\/div><div class='av-flex-placeholder'><\/div>\n<style type=\"text\/css\" data-created_by=\"avia_inline_auto\" id=\"style-css-av-2x3t43-19cef6e4010c41bed5f143a212206c31\">\n.flex_column.av-2x3t43-19cef6e4010c41bed5f143a212206c31{\nbackground-color:#ffffff;\n}\n<\/style>\n<div  class='flex_column av-2x3t43-19cef6e4010c41bed5f143a212206c31 av_one_half  avia-builder-el-8  el_after_av_one_half  avia-builder-el-last  txtimg-text-conten flex_column_table_cell av-equal-height-column av-align-middle  '     ><style type=\"text\/css\" data-created_by=\"avia_inline_auto\" id=\"style-css-av-mfduqwjy-5be9998a8843d887ad25bebbd2793d0d\">\n#top .av_textblock_section.av-mfduqwjy-5be9998a8843d887ad25bebbd2793d0d .avia_textblock{\nfont-size:18px;\ncolor:#282b2e;\n}\n<\/style>\n<section  class='av_textblock_section av-mfduqwjy-5be9998a8843d887ad25bebbd2793d0d '   itemscope=\"itemscope\" itemtype=\"https:\/\/schema.org\/CreativeWork\" ><div class='avia_textblock av_inherit_color'  itemprop=\"text\" ><h3>En Ciberso, entendemos que la informaci\u00f3n es uno de los activos m\u00e1s valiosos de una organizaci\u00f3n.<\/h3>\n<p>Nuestra soluci\u00f3n de ciberinteligencia est\u00e1 dise\u00f1ada para ayudar a anticiparse a las amenazas, identificar actores maliciosos y tomar decisiones informadas para proteger tu empresa de forma proactiva.<\/p>\n<p>No esperes a un ataque: con Ciberso, accedes a un enfoque avanzado que combina an\u00e1lisis estrat\u00e9gico, vigilancia digital, monitorizaci\u00f3n de amenazas y contextualizaci\u00f3n de riesgos, integrando la ciberinteligencia en todos los niveles de tu estrategia de seguridad.<\/p>\n<p>Te ayudamos a ver lo que otros no ven, y a actuar antes de que sea tarde.<\/p>\n<p><strong><a style=\"color: #b21532;\" href=\"https:\/\/ciberso.com\/\">Saber m\u00e1s<\/a><\/strong><\/p>\n<\/div><\/section><\/div><\/div><!--close column table wrapper. Autoclose: 1 -->\n\n<\/div><\/div><\/div><!-- close content main div --><\/div><\/div>\n<style type=\"text\/css\" data-created_by=\"avia_inline_auto\" id=\"style-css-av-1gx3mck-cc608dc9e5c604cf6730f5190af6211f\">\n.avia-section.av-1gx3mck-cc608dc9e5c604cf6730f5190af6211f{\nbackground-color:#edeef0;\nbackground-image:unset;\n}\n<\/style>\n<div id='tabs_wrap'  class='avia-section av-1gx3mck-cc608dc9e5c604cf6730f5190af6211f main_color avia-section-default avia-no-border-styling  avia-builder-el-10  el_after_av_section  el_before_av_section  avia-bg-style-scroll container_wrap fullsize'  ><div class='container av-section-cont-open' ><div class='template-page content  av-content-full alpha units'><div class='post-entry post-entry-type-page post-entry-37412'><div class='entry-content-wrapper clearfix'>\n<div  class='flex_column av-148kfok-38f05ab6cf02eb9f4a70f737a5925d0c av_one_full  avia-builder-el-11  avia-builder-el-no-sibling  first flex_column_div  '     ><style type=\"text\/css\" data-created_by=\"avia_inline_auto\" id=\"style-css-av-j3z6dg-f7accc393bb867e45e5d1febb790b037\">\n#top .av_textblock_section.av-j3z6dg-f7accc393bb867e45e5d1febb790b037 .avia_textblock{\nfont-size:40px;\ncolor:#101246;\n}\n<\/style>\n<section  class='av_textblock_section av-j3z6dg-f7accc393bb867e45e5d1febb790b037 '   itemscope=\"itemscope\" itemtype=\"https:\/\/schema.org\/CreativeWork\" ><div class='avia_textblock av_inherit_color'  itemprop=\"text\" ><h2 style=\"font-size: 40px!important; text-align: center;\">Servicios<\/h2>\n<\/div><\/section><br \/>\n<\/p><\/div>\n\n<\/div><\/div><\/div><!-- close content main div --><\/div><\/div>\n<style type=\"text\/css\" data-created_by=\"avia_inline_auto\" id=\"style-css-av-4fbbjri-cf451b538e4c44517cf78bfa005ad701\">\n.avia-section.av-4fbbjri-cf451b538e4c44517cf78bfa005ad701 .av-extra-border-element .av-extra-border-inner{\nbackground-color:#ffffff;\n}\n<\/style>\n<div id='formulario-contacto'  class='avia-section av-4fbbjri-cf451b538e4c44517cf78bfa005ad701 main_color avia-section-huge avia-no-border-styling  avia-builder-el-14  el_after_av_section  avia-builder-el-last  avia-bg-style-scroll av-arrow-down-section container_wrap fullsize'  ><div class='container av-section-cont-open' ><div class='template-page content  av-content-full alpha units'><div class='post-entry post-entry-type-page post-entry-37412'><div class='entry-content-wrapper clearfix'>\n\n<style type=\"text\/css\" data-created_by=\"avia_inline_auto\" id=\"style-css-av-40hqvf2-b084d440af4eb5a2e7cbb6d5149b7107\">\n#top .flex_column.av-40hqvf2-b084d440af4eb5a2e7cbb6d5149b7107{\nmargin-top:0;\nmargin-bottom:0;\n}\n.flex_column.av-40hqvf2-b084d440af4eb5a2e7cbb6d5149b7107{\nborder-radius:0px 0px 0px 0px;\npadding:0px 0px 0px 0px;\n}\n.responsive #top #wrap_all .flex_column.av-40hqvf2-b084d440af4eb5a2e7cbb6d5149b7107{\nmargin-top:0;\nmargin-bottom:0;\n}\n<\/style>\n<div  class='flex_column av-40hqvf2-b084d440af4eb5a2e7cbb6d5149b7107 av_one_full  avia-builder-el-15  el_before_av_one_fourth  avia-builder-el-first  first no_margin flex_column_div av-animated-generic left-to-right av-zero-column-padding  '     ><style type=\"text\/css\" data-created_by=\"avia_inline_auto\" id=\"style-css-av-3bdbacu-482f2e89eb0945b4bf7e896a4b53ad36\">\n#top .av_textblock_section.av-3bdbacu-482f2e89eb0945b4bf7e896a4b53ad36 .avia_textblock{\nfont-size:40px;\ncolor:#101246;\n}\n<\/style>\n<section  class='av_textblock_section av-3bdbacu-482f2e89eb0945b4bf7e896a4b53ad36 '   itemscope=\"itemscope\" itemtype=\"https:\/\/schema.org\/CreativeWork\" ><div class='avia_textblock av_inherit_color'  itemprop=\"text\" ><h2 style=\"text-align: center;\">\u00bfEn qu\u00e9 podemos ayudarte?<\/h2>\n<\/div><\/section><br \/>\n\n<style type=\"text\/css\" data-created_by=\"avia_inline_auto\" id=\"style-css-av-32njujy-d6a91251c363a017665b8f434dc40a94\">\n#top .av_textblock_section.av-32njujy-d6a91251c363a017665b8f434dc40a94 .avia_textblock{\nfont-size:17px;\ncolor:#0a0a0a;\n}\n<\/style>\n<section  class='av_textblock_section av-32njujy-d6a91251c363a017665b8f434dc40a94 '   itemscope=\"itemscope\" itemtype=\"https:\/\/schema.org\/CreativeWork\" ><div class='avia_textblock av_inherit_color'  itemprop=\"text\" ><p style=\"text-align: center;\">Si necesitas contactar con nosotros puedes rellenar el siguiente formulario.<br \/>\nNos pondremos en contacto contigo lo antes posible.<\/p>\n<\/div><\/section><\/p><\/div><div class='flex_column_table av-2hkkgku-b9cb2b91c0f76c120d59fcc650f46026 sc-av_one_fourth av-equal-height-column-flextable'>\n<style type=\"text\/css\" data-created_by=\"avia_inline_auto\" id=\"style-css-av-2hkkgku-b9cb2b91c0f76c120d59fcc650f46026\">\n#top .flex_column_table.av-equal-height-column-flextable.av-2hkkgku-b9cb2b91c0f76c120d59fcc650f46026{\nmargin-top:30px;\nmargin-bottom:30px;\n}\n.flex_column.av-2hkkgku-b9cb2b91c0f76c120d59fcc650f46026{\nborder-radius:0px 0px 0px 0px;\npadding:0px 0px 0px 0px;\n}\n<\/style>\n<div  class='flex_column av-2hkkgku-b9cb2b91c0f76c120d59fcc650f46026 av_one_fourth  avia-builder-el-18  el_after_av_one_full  el_before_av_one_half  first no_margin flex_column_table_cell av-equal-height-column av-align-top av-animated-generic left-to-right av-zero-column-padding  column-top-margin'     ><\/div>\n<style type=\"text\/css\" data-created_by=\"avia_inline_auto\" id=\"style-css-av-231pl4e-a155a6a2fb8b136413d02f69e39c42e7\">\n#top .flex_column_table.av-equal-height-column-flextable.av-231pl4e-a155a6a2fb8b136413d02f69e39c42e7{\nmargin-top:30px;\nmargin-bottom:30px;\n}\n.flex_column.av-231pl4e-a155a6a2fb8b136413d02f69e39c42e7{\nborder-radius:0px 0px 0px 0px;\npadding:0px 0px 0px 0px;\n}\n<\/style>\n<div  class='flex_column av-231pl4e-a155a6a2fb8b136413d02f69e39c42e7 av_one_half  avia-builder-el-19  el_after_av_one_fourth  el_before_av_one_fourth  no_margin flex_column_table_cell av-equal-height-column av-align-top av-animated-generic left-to-right av-zero-column-padding  column-top-margin'     ><p>\n<style type=\"text\/css\" data-created_by=\"avia_inline_auto\" id=\"style-css-av-1r3sh72-3d6fb78f3da77b4dc18697a230963f09\">\n#top .av_textblock_section.av-1r3sh72-3d6fb78f3da77b4dc18697a230963f09 .avia_textblock{\nfont-size:17px;\ncolor:#0a0a0a;\n}\n<\/style>\n<section  class='av_textblock_section av-1r3sh72-3d6fb78f3da77b4dc18697a230963f09 '   itemscope=\"itemscope\" itemtype=\"https:\/\/schema.org\/CreativeWork\" ><div class='avia_textblock av_inherit_color'  itemprop=\"text\" ><p>Los campos marcados con <span style=\"color: #b21532;\">*<\/span> son obligatorios<\/p>\n<\/div><\/section><br \/>\n<\/p><\/div>\n<style type=\"text\/css\" data-created_by=\"avia_inline_auto\" id=\"style-css-av-39dbke-99cdb38d67a0dd352eee1b6d132789bc\">\n#top .flex_column_table.av-equal-height-column-flextable.av-39dbke-99cdb38d67a0dd352eee1b6d132789bc{\nmargin-top:30px;\nmargin-bottom:30px;\n}\n.flex_column.av-39dbke-99cdb38d67a0dd352eee1b6d132789bc{\nborder-radius:0px 0px 0px 0px;\npadding:0px 0px 0px 0px;\n}\n<\/style>\n<div  class='flex_column av-39dbke-99cdb38d67a0dd352eee1b6d132789bc av_one_fourth  avia-builder-el-22  el_after_av_one_half  avia-builder-el-last  no_margin flex_column_table_cell av-equal-height-column av-align-top av-animated-generic left-to-right av-zero-column-padding  column-top-margin'     ><\/div><\/div><!--close column table wrapper. Autoclose: 1 -->\n","protected":false},"excerpt":{"rendered":"","protected":false},"author":9,"featured_media":0,"parent":4555,"menu_order":5,"comment_status":"closed","ping_status":"closed","template":"","meta":{"_acf_changed":false,"footnotes":""},"class_list":["post-37412","page","type-page","status-publish","hentry"],"acf":[],"yoast_head":"<!-- This site is optimized with the Yoast SEO plugin v27.1.1 - https:\/\/yoast.com\/product\/yoast-seo-wordpress\/ -->\n<title>Ciberso: Ciberseguridad y protecci\u00f3n de datos | MTP<\/title>\n<meta name=\"description\" content=\"El servicio de ciberseguridad de Ciberso protege infraestructuras cr\u00edticas, asegura informaci\u00f3n sensible y refuerza la confianza frente a ciberamenazas.\" \/>\n<meta name=\"robots\" content=\"index, follow, max-snippet:-1, max-image-preview:large, max-video-preview:-1\" \/>\n<link rel=\"canonical\" href=\"https:\/\/mtp.global\/es\/servicios\/ciberseguridad\/\" \/>\n<meta property=\"og:locale\" content=\"es_ES\" \/>\n<meta property=\"og:type\" content=\"article\" \/>\n<meta property=\"og:title\" content=\"Ciberso: Ciberseguridad y protecci\u00f3n de datos | MTP\" \/>\n<meta property=\"og:description\" content=\"El servicio de ciberseguridad de Ciberso protege infraestructuras cr\u00edticas, asegura informaci\u00f3n sensible y refuerza la confianza frente a ciberamenazas.\" \/>\n<meta property=\"og:url\" content=\"https:\/\/mtp.global\/es\/servicios\/ciberseguridad\/\" \/>\n<meta property=\"og:site_name\" content=\"MTP Espa\u00f1a\" \/>\n<meta property=\"article:modified_time\" content=\"2026-03-18T13:00:14+00:00\" \/>\n<meta property=\"og:image\" content=\"https:\/\/mtp.global\/es\/wp-content\/uploads\/2025\/09\/dev_sec_ops_ciberseguridad.png\" \/>\n<meta name=\"twitter:card\" content=\"summary_large_image\" \/>\n<meta name=\"twitter:label1\" content=\"Tiempo de lectura\" \/>\n\t<meta name=\"twitter:data1\" content=\"2 minutos\" \/>\n<!-- \/ Yoast SEO plugin. -->","yoast_head_json":{"title":"Ciberso: Ciberseguridad y protecci\u00f3n de datos | MTP","description":"El servicio de ciberseguridad de Ciberso protege infraestructuras cr\u00edticas, asegura informaci\u00f3n sensible y refuerza la confianza frente a ciberamenazas.","robots":{"index":"index","follow":"follow","max-snippet":"max-snippet:-1","max-image-preview":"max-image-preview:large","max-video-preview":"max-video-preview:-1"},"canonical":"https:\/\/mtp.global\/es\/servicios\/ciberseguridad\/","og_locale":"es_ES","og_type":"article","og_title":"Ciberso: Ciberseguridad y protecci\u00f3n de datos | MTP","og_description":"El servicio de ciberseguridad de Ciberso protege infraestructuras cr\u00edticas, asegura informaci\u00f3n sensible y refuerza la confianza frente a ciberamenazas.","og_url":"https:\/\/mtp.global\/es\/servicios\/ciberseguridad\/","og_site_name":"MTP Espa\u00f1a","article_modified_time":"2026-03-18T13:00:14+00:00","og_image":[{"url":"https:\/\/mtp.global\/es\/wp-content\/uploads\/2025\/09\/dev_sec_ops_ciberseguridad.png","type":"","width":"","height":""}],"twitter_card":"summary_large_image","twitter_misc":{"Tiempo de lectura":"2 minutos"},"schema":{"@context":"https:\/\/schema.org","@graph":[{"@type":"WebPage","@id":"https:\/\/mtp.global\/es\/servicios\/ciberseguridad\/","url":"https:\/\/mtp.global\/es\/servicios\/ciberseguridad\/","name":"Ciberso: Ciberseguridad y protecci\u00f3n de datos | MTP","isPartOf":{"@id":"https:\/\/mtp.global\/es\/#website"},"primaryImageOfPage":{"@id":"https:\/\/mtp.global\/es\/servicios\/ciberseguridad\/#primaryimage"},"image":{"@id":"https:\/\/mtp.global\/es\/servicios\/ciberseguridad\/#primaryimage"},"thumbnailUrl":"https:\/\/mtp.global\/es\/wp-content\/uploads\/2025\/09\/dev_sec_ops_ciberseguridad.png","datePublished":"2025-09-10T10:48:40+00:00","dateModified":"2026-03-18T13:00:14+00:00","description":"El servicio de ciberseguridad de Ciberso protege infraestructuras cr\u00edticas, asegura informaci\u00f3n sensible y refuerza la confianza frente a ciberamenazas.","breadcrumb":{"@id":"https:\/\/mtp.global\/es\/servicios\/ciberseguridad\/#breadcrumb"},"inLanguage":"es","potentialAction":[{"@type":"ReadAction","target":["https:\/\/mtp.global\/es\/servicios\/ciberseguridad\/"]}]},{"@type":"ImageObject","inLanguage":"es","@id":"https:\/\/mtp.global\/es\/servicios\/ciberseguridad\/#primaryimage","url":"https:\/\/mtp.global\/es\/wp-content\/uploads\/2025\/09\/dev_sec_ops_ciberseguridad.png","contentUrl":"https:\/\/mtp.global\/es\/wp-content\/uploads\/2025\/09\/dev_sec_ops_ciberseguridad.png","width":529,"height":422},{"@type":"BreadcrumbList","@id":"https:\/\/mtp.global\/es\/servicios\/ciberseguridad\/#breadcrumb","itemListElement":[{"@type":"ListItem","position":1,"name":"Home","item":"https:\/\/mtp.global\/es\/home\/"},{"@type":"ListItem","position":2,"name":"Nuestros Servicios","item":"https:\/\/mtp.global\/es\/servicios\/"},{"@type":"ListItem","position":3,"name":"Ciberseguridad"}]},{"@type":"WebSite","@id":"https:\/\/mtp.global\/es\/#website","url":"https:\/\/mtp.global\/es\/","name":"MTP Global","description":"","publisher":{"@id":"https:\/\/mtp.global\/es\/#organization"},"potentialAction":[{"@type":"SearchAction","target":{"@type":"EntryPoint","urlTemplate":"https:\/\/mtp.global\/es\/?s={search_term_string}"},"query-input":{"@type":"PropertyValueSpecification","valueRequired":true,"valueName":"search_term_string"}}],"inLanguage":"es"},{"@type":"Organization","@id":"https:\/\/mtp.global\/es\/#organization","name":"MTP Global","url":"https:\/\/mtp.global\/es\/","logo":{"@type":"ImageObject","inLanguage":"es","@id":"https:\/\/mtp.global\/es\/#\/schema\/logo\/image\/","url":"https:\/\/mtp.global\/es\/wp-content\/uploads\/2024\/07\/MTP-global.png","contentUrl":"https:\/\/mtp.global\/es\/wp-content\/uploads\/2024\/07\/MTP-global.png","width":1200,"height":400,"caption":"MTP Global"},"image":{"@id":"https:\/\/mtp.global\/es\/#\/schema\/logo\/image\/"}}]}},"_links":{"self":[{"href":"https:\/\/mtp.global\/es\/wp-json\/wp\/v2\/pages\/37412","targetHints":{"allow":["GET"]}}],"collection":[{"href":"https:\/\/mtp.global\/es\/wp-json\/wp\/v2\/pages"}],"about":[{"href":"https:\/\/mtp.global\/es\/wp-json\/wp\/v2\/types\/page"}],"author":[{"embeddable":true,"href":"https:\/\/mtp.global\/es\/wp-json\/wp\/v2\/users\/9"}],"replies":[{"embeddable":true,"href":"https:\/\/mtp.global\/es\/wp-json\/wp\/v2\/comments?post=37412"}],"version-history":[{"count":0,"href":"https:\/\/mtp.global\/es\/wp-json\/wp\/v2\/pages\/37412\/revisions"}],"up":[{"embeddable":true,"href":"https:\/\/mtp.global\/es\/wp-json\/wp\/v2\/pages\/4555"}],"wp:attachment":[{"href":"https:\/\/mtp.global\/es\/wp-json\/wp\/v2\/media?parent=37412"}],"curies":[{"name":"wp","href":"https:\/\/api.w.org\/{rel}","templated":true}]}}