{"id":37181,"date":"2025-07-28T12:45:31","date_gmt":"2025-07-28T10:45:31","guid":{"rendered":"https:\/\/mtp.global\/es\/?page_id=37181"},"modified":"2026-03-18T13:58:03","modified_gmt":"2026-03-18T12:58:03","slug":"solsticia","status":"publish","type":"page","link":"https:\/\/mtp.global\/es\/innovacion\/proyectos-idi\/solsticia\/","title":{"rendered":"Solsticia"},"content":{"rendered":"<div id='layer_slider_1'  class='avia-layerslider main_color avia-shadow  avia-builder-el-0  el_before_av_section  avia-builder-el-first  container_wrap fullsize'  style='height: 701px; max-width: 1410px; margin: 0 auto;'  ><\/div>\n\n<style type=\"text\/css\" data-created_by=\"avia_inline_auto\" id=\"style-css-av-mdn0qapu-a2fa86cf431235df482abc9818bf5d2a\">\n.avia-section.av-mdn0qapu-a2fa86cf431235df482abc9818bf5d2a{\nmargin-top:40px;\nmargin-bottom:0;\n}\n<\/style>\n<div id='main-content'  class='avia-section av-mdn0qapu-a2fa86cf431235df482abc9818bf5d2a main_color avia-section-no-padding avia-no-border-styling  avia-builder-el-1  el_after_av_layerslider  el_before_av_section  avia-bg-style-scroll container_wrap fullsize'  ><div class='container av-section-cont-open' ><div class='template-page content  av-content-full alpha units'><div class='post-entry post-entry-type-page post-entry-37181'><div class='entry-content-wrapper clearfix'>\n\n<style type=\"text\/css\" data-created_by=\"avia_inline_auto\" id=\"style-css-av-mdmzsj48-28d3c28860ce3a740bbe23e30d8a724b\">\n#top .av_textblock_section.av-mdmzsj48-28d3c28860ce3a740bbe23e30d8a724b .avia_textblock{\nfont-size:15px;\ncolor:#282b2e;\n}\n<\/style>\n<section  class='av_textblock_section av-mdmzsj48-28d3c28860ce3a740bbe23e30d8a724b '   itemscope=\"itemscope\" itemtype=\"https:\/\/schema.org\/CreativeWork\" ><div class='avia_textblock av_inherit_color'  itemprop=\"text\" ><p><strong>SOLSTICIA investiga c\u00f3mo construir sistemas inteligentes para que sean robustos y seguros en contextos complejos y ambiguos, como los del dominio industrial, y mitigar las posibles consecuencias de un ciberataque.<\/strong><\/p>\n<p>La industria est\u00e1 adoptando cada vez m\u00e1s sistemas inteligentes que, por su complejidad y nivel de autonom\u00eda, deben ser dise\u00f1ados con principios de seguridad desde el origen (<span lang=\"en\">security-by-design<span>) para reducir su exposici\u00f3n a ciberataques.<\/p>\n<p>Estos sistemas combinan componentes basados en inteligencia artificial con elementos tradicionales de software. En esencia, un sistema inteligente es un tipo de sistema <span lang=\"en\">software<span>, y como tal, est\u00e1 sujeto a vulnerabilidades en distintas fases de su ciclo de vida, independientemente del rigor aplicado durante su dise\u00f1o o desarrollo.<\/p>\n<p>Los sistemas de IA no son una excepci\u00f3n. Pueden ser objeto de ataques sofisticados, con consecuencias que van desde p\u00e9rdidas econ\u00f3micas relevantes hasta impactos cr\u00edticos en la seguridad de las personas. Incluso en entornos controlados, como laboratorios, entornos de prueba o desarrollo, los equipos m\u00e1s capacitados pueden, sin saberlo, introducir vulnerabilidades que afectan a m\u00faltiples dominios y casos de uso.<\/p>\n<\/div><\/section>\n\n<\/div><\/div><\/div><!-- close content main div --><\/div><\/div>\n<style type=\"text\/css\" data-created_by=\"avia_inline_auto\" id=\"style-css-av-mdfs0wad-8345c1a7a40083d5e2e622f31284d678\">\n.avia-section.av-mdfs0wad-8345c1a7a40083d5e2e622f31284d678{\nmargin-top:40px;\nmargin-bottom:40px;\n}\n<\/style>\n<div id='objetivos'  class='avia-section av-mdfs0wad-8345c1a7a40083d5e2e622f31284d678 main_color avia-section-no-padding avia-no-border-styling  avia-builder-el-3  el_after_av_section  el_before_av_section  avia-bg-style-scroll container_wrap fullsize'  ><div class='container av-section-cont-open' ><div class='template-page content  av-content-full alpha units'><div class='post-entry post-entry-type-page post-entry-37181'><div class='entry-content-wrapper clearfix'>\n<section  class='av_textblock_section av-206h1a5-d23bb6da25ef9b87110a7f19db284aa7 '   itemscope=\"itemscope\" itemtype=\"https:\/\/schema.org\/CreativeWork\" ><div class='avia_textblock'  itemprop=\"text\" ><h2 id=\"majorcertificates\" style=\"color: #101246; font-size: 45px; text-align: left;\">Objetivos:<\/h2>\n<\/div><\/section>\n\n<style type=\"text\/css\" data-created_by=\"avia_inline_auto\" id=\"style-css-av-1g2z2yl-5269b711c6f8c8d29e8c5821b2a05cdf\">\n#top .hr.hr-invisible.av-1g2z2yl-5269b711c6f8c8d29e8c5821b2a05cdf{\nheight:40px;\n}\n<\/style>\n<div  class='hr av-1g2z2yl-5269b711c6f8c8d29e8c5821b2a05cdf hr-invisible  avia-builder-el-5  el_after_av_textblock  el_before_av_one_third  av-medium-hide av-small-hide av-mini-hide'><span class='hr-inner '><span class=\"hr-inner-style\"><\/span><\/span><\/div>\n<div class='flex_column_table av-mdfs1fmv-22db2bfadd40285d696307331e1e33a7 sc-av_one_third av-break-at-tablet-flextable av-equal-height-column-flextable'>\n<style type=\"text\/css\" data-created_by=\"avia_inline_auto\" id=\"style-css-av-mdfs1fmv-22db2bfadd40285d696307331e1e33a7\">\n@keyframes av_boxShadowEffect_av-mdfs1fmv-22db2bfadd40285d696307331e1e33a7-column {\n0%   { box-shadow:  0 0 0 0 rgba(0,0,0,0.15); opacity: 1; }\n100% { box-shadow:  0 0 10px 0 rgba(0,0,0,0.15); opacity: 1; }\n}\n#top .flex_column_table.av-equal-height-column-flextable.av-mdfs1fmv-22db2bfadd40285d696307331e1e33a7{\nmargin-top:0;\nmargin-bottom:0;\n}\n.flex_column.av-mdfs1fmv-22db2bfadd40285d696307331e1e33a7{\nwidth:32%;\nmargin-left:0;\nbox-shadow: 0 0 10px 0 rgba(0,0,0,0.15);\npadding:20px 20px 20px 20px;\nbackground-color:#101246;\n}\n#top .flex_column_table.av-equal-height-column-flextable.av-mdfs1fmv-22db2bfadd40285d696307331e1e33a7 .av-flex-placeholder{\nwidth:2%;\n}\n\n@media only screen and (max-width: 479px){ \n#top .flex_column_table.av-equal-height-column-flextable.av-mdfs1fmv-22db2bfadd40285d696307331e1e33a7{\nmargin-top:0;\nmargin-bottom:0;\n}\n}\n<\/style>\n<div  class='flex_column av-mdfs1fmv-22db2bfadd40285d696307331e1e33a7 av_one_third  avia-builder-el-6  el_after_av_hr  el_before_av_one_third  first av-break-at-tablet flex_column_table_cell av-equal-height-column av-align-top shadow-not-animated  '     ><style type=\"text\/css\" data-created_by=\"avia_inline_auto\" id=\"style-css-av-mdfrpye7-656efab3ced75d6319dbf58d53f2e12e\">\n#top .av_textblock_section.av-mdfrpye7-656efab3ced75d6319dbf58d53f2e12e .avia_textblock{\ncolor:#ffffff;\n}\n<\/style>\n<section  class='av_textblock_section av-mdfrpye7-656efab3ced75d6319dbf58d53f2e12e '   itemscope=\"itemscope\" itemtype=\"https:\/\/schema.org\/CreativeWork\" ><div class='avia_textblock av_inherit_color'  itemprop=\"text\" ><p>Incrementar la ciberseguridad de los sistemas inteligentes de entornos industriales desde el dise\u00f1o y durante todo de su ciclo de vida de desarrollo sin detrimento de otras caracter\u00edsticas de confiabilidad tambi\u00e9n requeridas en los sistemas. Adem\u00e1s, este aumento de ciberseguridad manteniendo la confiabilidad se conseguir\u00e1 tambi\u00e9n sin perjudicar los costes del desarrollo de <span lang=\"en\">software<\/span> seguro.<\/p>\n<\/div><\/section><\/div><div class='av-flex-placeholder'><\/div>\n<style type=\"text\/css\" data-created_by=\"avia_inline_auto\" id=\"style-css-av-yvq4nx-d5492dc0ac55560619979343f3b6e793\">\n@keyframes av_boxShadowEffect_av-yvq4nx-d5492dc0ac55560619979343f3b6e793-column {\n0%   { box-shadow:  0 0 0 0 rgba(0,0,0,0.15); opacity: 1; }\n100% { box-shadow:  0 0 10px 0 rgba(0,0,0,0.15); opacity: 1; }\n}\n#top .flex_column_table.av-equal-height-column-flextable.av-yvq4nx-d5492dc0ac55560619979343f3b6e793{\nmargin-top:0;\nmargin-bottom:0;\n}\n.flex_column.av-yvq4nx-d5492dc0ac55560619979343f3b6e793{\nwidth:32%;\nmargin-left:0;\nbox-shadow: 0 0 10px 0 rgba(0,0,0,0.15);\npadding:20px 20px 20px 20px;\nbackground-color:#101246;\n}\n#top .flex_column_table.av-equal-height-column-flextable.av-yvq4nx-d5492dc0ac55560619979343f3b6e793 .av-flex-placeholder{\nwidth:2%;\n}\n\n@media only screen and (max-width: 479px){ \n#top .flex_column_table.av-equal-height-column-flextable.av-yvq4nx-d5492dc0ac55560619979343f3b6e793{\nmargin-top:0;\nmargin-bottom:0;\n}\n}\n<\/style>\n<div  class='flex_column av-yvq4nx-d5492dc0ac55560619979343f3b6e793 av_one_third  avia-builder-el-8  el_after_av_one_third  el_before_av_one_third  av-break-at-tablet flex_column_table_cell av-equal-height-column av-align-top shadow-not-animated  '     ><style type=\"text\/css\" data-created_by=\"avia_inline_auto\" id=\"style-css-av-mdmzntnq-cc1da0be955f91a15f4a4aaa7a402f08\">\n#top .av_textblock_section.av-mdmzntnq-cc1da0be955f91a15f4a4aaa7a402f08 .avia_textblock{\ncolor:#ffffff;\n}\n<\/style>\n<section  class='av_textblock_section av-mdmzntnq-cc1da0be955f91a15f4a4aaa7a402f08 '   itemscope=\"itemscope\" itemtype=\"https:\/\/schema.org\/CreativeWork\" ><div class='avia_textblock av_inherit_color'  itemprop=\"text\" ><p>Investigar en los nuevos retos del ciclo de vida de desarrollo de sistemas inteligentes innovando en nuevas tecnolog\u00edas y algoritmos de inteligencia artificial para minimizar vulnerabilidades y reducir defectos desde el dise\u00f1o y durante todo el ciclo de vida as\u00ed como abordar la cuantificaci\u00f3n de la ciberseguridad y confiabilidad de forma hol\u00edstica desde el dise\u00f1o y durante su desarrollo y operaci\u00f3n.<\/p>\n<\/div><\/section><\/div><div class='av-flex-placeholder'><\/div>\n<style type=\"text\/css\" data-created_by=\"avia_inline_auto\" id=\"style-css-av-n3thy5-3cfb1c080e6044ae3cdfc00d64396f16\">\n@keyframes av_boxShadowEffect_av-n3thy5-3cfb1c080e6044ae3cdfc00d64396f16-column {\n0%   { box-shadow:  0 0 0 0 rgba(0,0,0,0.15); opacity: 1; }\n100% { box-shadow:  0 0 10px 0 rgba(0,0,0,0.15); opacity: 1; }\n}\n#top .flex_column_table.av-equal-height-column-flextable.av-n3thy5-3cfb1c080e6044ae3cdfc00d64396f16{\nmargin-top:0;\nmargin-bottom:0;\n}\n.flex_column.av-n3thy5-3cfb1c080e6044ae3cdfc00d64396f16{\nwidth:32%;\nmargin-left:0;\nbox-shadow: 0 0 10px 0 rgba(0,0,0,0.15);\npadding:20px 20px 20px 20px;\nbackground-color:#101246;\n}\n#top .flex_column_table.av-equal-height-column-flextable.av-n3thy5-3cfb1c080e6044ae3cdfc00d64396f16 .av-flex-placeholder{\nwidth:2%;\n}\n\n@media only screen and (max-width: 479px){ \n#top .flex_column_table.av-equal-height-column-flextable.av-n3thy5-3cfb1c080e6044ae3cdfc00d64396f16{\nmargin-top:0;\nmargin-bottom:0;\n}\n}\n<\/style>\n<div  class='flex_column av-n3thy5-3cfb1c080e6044ae3cdfc00d64396f16 av_one_third  avia-builder-el-10  el_after_av_one_third  avia-builder-el-last  av-break-at-tablet flex_column_table_cell av-equal-height-column av-align-top shadow-not-animated  '     ><style type=\"text\/css\" data-created_by=\"avia_inline_auto\" id=\"style-css-av-mdmzp9u9-dd6e37358b19e274b1104c819e5c6dc8\">\n#top .av_textblock_section.av-mdmzp9u9-dd6e37358b19e274b1104c819e5c6dc8 .avia_textblock{\ncolor:#ffffff;\n}\n<\/style>\n<section  class='av_textblock_section av-mdmzp9u9-dd6e37358b19e274b1104c819e5c6dc8 '   itemscope=\"itemscope\" itemtype=\"https:\/\/schema.org\/CreativeWork\" ><div class='avia_textblock av_inherit_color'  itemprop=\"text\" ><p>Contrastar las hip\u00f3tesis de investigaci\u00f3n mediante la experimentaci\u00f3n en diferentes \u00e1mbitos de desarrollo de sistemas inteligentes y confiables para los contextos operativos de la industria 4.0 e industria ferroviaria.<\/p>\n<\/div><\/section><\/div><\/div><!--close column table wrapper. Autoclose: 1 -->\n\n<\/div><\/div><\/div><!-- close content main div --><\/div><\/div>\n<style type=\"text\/css\" data-created_by=\"avia_inline_auto\" id=\"style-css-av-mdn14mln-d991cc2310683c6727898d4e2c61fe1d\">\n.avia-section.av-mdn14mln-d991cc2310683c6727898d4e2c61fe1d{\nmargin-top:50px;\nmargin-bottom:50px;\n}\n\n@media only screen and (max-width: 479px){ \n.avia-section.av-mdn14mln-d991cc2310683c6727898d4e2c61fe1d{\nmargin-top:0;\nmargin-bottom:0;\n}\n}\n<\/style>\n<div id='colaboracion'  class='avia-section av-mdn14mln-d991cc2310683c6727898d4e2c61fe1d main_color avia-section-no-padding avia-no-border-styling  avia-builder-el-12  el_after_av_section  el_before_av_section  avia-bg-style-scroll container_wrap fullsize'  ><div class='container av-section-cont-open' ><div class='template-page content  av-content-full alpha units'><div class='post-entry post-entry-type-page post-entry-37181'><div class='entry-content-wrapper clearfix'>\n\n<style type=\"text\/css\" data-created_by=\"avia_inline_auto\" id=\"style-css-av-mdn0c6xx-d0bfadf65b8658ad4475b91b4cb65836\">\n#top .av_textblock_section.av-mdn0c6xx-d0bfadf65b8658ad4475b91b4cb65836 .avia_textblock{\nfont-size:20px;\ncolor:#101246;\n}\n<\/style>\n<section  class='av_textblock_section av-mdn0c6xx-d0bfadf65b8658ad4475b91b4cb65836 '   itemscope=\"itemscope\" itemtype=\"https:\/\/schema.org\/CreativeWork\" ><div class='avia_textblock av_inherit_color'  itemprop=\"text\" ><p>Este proyecto est\u00e1 liderado por CAPGEMINI, formando consorcio junto con MTP, TSK, ATOS, PROXYA, COTESA y THE REUSE COMPANY. El consorcio cuenta con la colaboraci\u00f3n del Centro Tecnol\u00f3gico Tecnalia y de la Universidad Polit\u00e9cnica de Madrid.<\/p>\n<\/div><\/section>\n\n<style type=\"text\/css\" data-created_by=\"avia_inline_auto\" id=\"style-css-av-mdn0h29n-f67a39f9ac74264570887f70cff392bf\">\n#top .hr.hr-invisible.av-mdn0h29n-f67a39f9ac74264570887f70cff392bf{\nheight:20px;\n}\n<\/style>\n<div  class='hr av-mdn0h29n-f67a39f9ac74264570887f70cff392bf hr-invisible  avia-builder-el-14  el_after_av_textblock  el_before_av_image  av-medium-hide av-small-hide av-mini-hide'><span class='hr-inner '><span class=\"hr-inner-style\"><\/span><\/span><\/div>\n\n<style type=\"text\/css\" data-created_by=\"avia_inline_auto\" id=\"style-css-av-mdn0e4ff-85d80de30117c5d737b9701c3dee454f\">\n.avia-image-container.av-mdn0e4ff-85d80de30117c5d737b9701c3dee454f img.avia_image{\nbox-shadow:none;\n}\n.avia-image-container.av-mdn0e4ff-85d80de30117c5d737b9701c3dee454f .av-image-caption-overlay-center{\ncolor:#ffffff;\n}\n<\/style>\n<div  class='avia-image-container av-mdn0e4ff-85d80de30117c5d737b9701c3dee454f av-styling- avia-align-center  avia-builder-el-15  el_after_av_hr  avia-builder-el-last '   itemprop=\"image\" itemscope=\"itemscope\" itemtype=\"https:\/\/schema.org\/ImageObject\" ><div class=\"avia-image-container-inner\"><div class=\"avia-image-overlay-wrap\"><img decoding=\"async\" fetchpriority=\"high\" class='wp-image-38085 avia-img-lazy-loading-not-38085 avia_image ' src=\"https:\/\/mtp.global\/es\/wp-content\/uploads\/2025\/11\/solsticia_logos.jpg\" alt='' title='solsticia_logos'  height=\"167\" width=\"1920\"  itemprop=\"thumbnailUrl\" srcset=\"https:\/\/mtp.global\/es\/wp-content\/uploads\/2025\/11\/solsticia_logos.jpg 1920w, https:\/\/mtp.global\/es\/wp-content\/uploads\/2025\/11\/solsticia_logos-300x26.jpg 300w, https:\/\/mtp.global\/es\/wp-content\/uploads\/2025\/11\/solsticia_logos-1030x90.jpg 1030w, https:\/\/mtp.global\/es\/wp-content\/uploads\/2025\/11\/solsticia_logos-768x67.jpg 768w, https:\/\/mtp.global\/es\/wp-content\/uploads\/2025\/11\/solsticia_logos-1536x134.jpg 1536w, https:\/\/mtp.global\/es\/wp-content\/uploads\/2025\/11\/solsticia_logos-1500x130.jpg 1500w, https:\/\/mtp.global\/es\/wp-content\/uploads\/2025\/11\/solsticia_logos-705x61.jpg 705w\" sizes=\"(max-width: 1920px) 100vw, 1920px\" \/><\/div><\/div><\/div>\n\n<\/div><\/div><\/div><!-- close content main div --><\/div><\/div>\n<style type=\"text\/css\" data-created_by=\"avia_inline_auto\" id=\"style-css-av-3vx4ivm-9a16fb362d7af80cc898e88170d39a96\">\n.avia-section.av-3vx4ivm-9a16fb362d7af80cc898e88170d39a96 .av-extra-border-element .av-extra-border-inner{\nbackground-color:#ffffff;\n}\n<\/style>\n<div id='formulario-contacto'  class='avia-section av-3vx4ivm-9a16fb362d7af80cc898e88170d39a96 main_color avia-section-large avia-no-border-styling  avia-builder-el-16  el_after_av_section  avia-builder-el-last  avia-bg-style-scroll av-arrow-down-section container_wrap fullsize'  ><div class='container av-section-cont-open' ><div class='template-page content  av-content-full alpha units'><div class='post-entry post-entry-type-page post-entry-37181'><div class='entry-content-wrapper clearfix'>\n\n<style type=\"text\/css\" data-created_by=\"avia_inline_auto\" id=\"style-css-av-3j9q29e-eea05ad4417669183db844e97f95f6fd\">\n#top .flex_column.av-3j9q29e-eea05ad4417669183db844e97f95f6fd{\nmargin-top:0;\nmargin-bottom:0;\n}\n.flex_column.av-3j9q29e-eea05ad4417669183db844e97f95f6fd{\nborder-radius:0px 0px 0px 0px;\npadding:0px 0px 0px 0px;\n}\n.responsive #top #wrap_all .flex_column.av-3j9q29e-eea05ad4417669183db844e97f95f6fd{\nmargin-top:0;\nmargin-bottom:0;\n}\n<\/style>\n<div  class='flex_column av-3j9q29e-eea05ad4417669183db844e97f95f6fd av_one_full  avia-builder-el-17  el_before_av_one_fourth  avia-builder-el-first  first no_margin flex_column_div av-animated-generic left-to-right av-zero-column-padding  '     ><style type=\"text\/css\" data-created_by=\"avia_inline_auto\" id=\"style-css-av-pk67w2-3e1c4b54be7f3d484d2d8d281859662b\">\n#top .av_textblock_section.av-pk67w2-3e1c4b54be7f3d484d2d8d281859662b .avia_textblock{\nfont-size:40px;\ncolor:#101246;\n}\n<\/style>\n<section  class='av_textblock_section av-pk67w2-3e1c4b54be7f3d484d2d8d281859662b '   itemscope=\"itemscope\" itemtype=\"https:\/\/schema.org\/CreativeWork\" ><div class='avia_textblock av_inherit_color'  itemprop=\"text\" ><h2 style=\"text-align: center;\">\u00bfQuieres saber m\u00e1s?<\/h2>\n<\/div><\/section><br \/>\n\n<style type=\"text\/css\" data-created_by=\"avia_inline_auto\" id=\"style-css-av-2zzr7jm-eac7d829c99f99919c946ed3156ab61c\">\n#top .av_textblock_section.av-2zzr7jm-eac7d829c99f99919c946ed3156ab61c .avia_textblock{\nfont-size:17px;\ncolor:#0a0a0a;\n}\n<\/style>\n<section  class='av_textblock_section av-2zzr7jm-eac7d829c99f99919c946ed3156ab61c '   itemscope=\"itemscope\" itemtype=\"https:\/\/schema.org\/CreativeWork\" ><div class='avia_textblock av_inherit_color'  itemprop=\"text\" ><p style=\"text-align: center;\">Si necesitas contactar con nosotros puedes rellenar el siguiente formulario.<br \/>\nNos pondremos en contacto contigo lo antes posible.<\/p>\n<\/div><\/section><\/p><\/div><div class='flex_column_table av-2mqzab6-8a9157142fa6160bc803bbd375d91243 sc-av_one_fourth av-equal-height-column-flextable'>\n<style type=\"text\/css\" data-created_by=\"avia_inline_auto\" id=\"style-css-av-2mqzab6-8a9157142fa6160bc803bbd375d91243\">\n#top .flex_column_table.av-equal-height-column-flextable.av-2mqzab6-8a9157142fa6160bc803bbd375d91243{\nmargin-top:30px;\nmargin-bottom:30px;\n}\n.flex_column.av-2mqzab6-8a9157142fa6160bc803bbd375d91243{\nborder-radius:0px 0px 0px 0px;\npadding:0px 0px 0px 0px;\n}\n<\/style>\n<div  class='flex_column av-2mqzab6-8a9157142fa6160bc803bbd375d91243 av_one_fourth  avia-builder-el-20  el_after_av_one_full  el_before_av_one_half  first no_margin flex_column_table_cell av-equal-height-column av-align-top av-animated-generic left-to-right av-zero-column-padding  column-top-margin'     ><\/div>\n<style type=\"text\/css\" data-created_by=\"avia_inline_auto\" id=\"style-css-av-208k1o2-c611c705b15e3c9bfdd8be39aa6aa841\">\n#top .flex_column_table.av-equal-height-column-flextable.av-208k1o2-c611c705b15e3c9bfdd8be39aa6aa841{\nmargin-top:30px;\nmargin-bottom:30px;\n}\n.flex_column.av-208k1o2-c611c705b15e3c9bfdd8be39aa6aa841{\nborder-radius:0px 0px 0px 0px;\npadding:0px 0px 0px 0px;\n}\n<\/style>\n<div  class='flex_column av-208k1o2-c611c705b15e3c9bfdd8be39aa6aa841 av_one_half  avia-builder-el-21  el_after_av_one_fourth  el_before_av_one_fourth  no_margin flex_column_table_cell av-equal-height-column av-align-top av-animated-generic left-to-right av-zero-column-padding  column-top-margin'     ><p>\n<style type=\"text\/css\" data-created_by=\"avia_inline_auto\" id=\"style-css-av-1saljte-2274c094eb4d6bde922264e7c283f851\">\n#top .av_textblock_section.av-1saljte-2274c094eb4d6bde922264e7c283f851 .avia_textblock{\nfont-size:17px;\ncolor:#0a0a0a;\n}\n<\/style>\n<section  class='av_textblock_section av-1saljte-2274c094eb4d6bde922264e7c283f851 '   itemscope=\"itemscope\" itemtype=\"https:\/\/schema.org\/CreativeWork\" ><div class='avia_textblock av_inherit_color'  itemprop=\"text\" ><p>Los campos marcados con <span style=\"color: #b21532;\">*<\/span> son obligatorios<\/p>\n<\/div><\/section><br \/>\n<\/p><\/div>\n<style type=\"text\/css\" data-created_by=\"avia_inline_auto\" id=\"style-css-av-s3bolu-1a71de464253de9afcf0f65e19e2dcce\">\n#top .flex_column_table.av-equal-height-column-flextable.av-s3bolu-1a71de464253de9afcf0f65e19e2dcce{\nmargin-top:30px;\nmargin-bottom:30px;\n}\n.flex_column.av-s3bolu-1a71de464253de9afcf0f65e19e2dcce{\nborder-radius:0px 0px 0px 0px;\npadding:0px 0px 0px 0px;\n}\n<\/style>\n<div  class='flex_column av-s3bolu-1a71de464253de9afcf0f65e19e2dcce av_one_fourth  avia-builder-el-24  el_after_av_one_half  avia-builder-el-last  no_margin flex_column_table_cell av-equal-height-column av-align-top av-animated-generic left-to-right av-zero-column-padding  column-top-margin'     ><\/div><\/div><!--close column table wrapper. Autoclose: 1 -->\n","protected":false},"excerpt":{"rendered":"","protected":false},"author":9,"featured_media":0,"parent":38027,"menu_order":5,"comment_status":"closed","ping_status":"closed","template":"","meta":{"_acf_changed":false,"footnotes":""},"class_list":["post-37181","page","type-page","status-publish","hentry"],"acf":[],"yoast_head":"<!-- This site is optimized with the Yoast SEO plugin v27.1.1 - https:\/\/yoast.com\/product\/yoast-seo-wordpress\/ -->\n<title>SOLSTICIA: soluciones sostenibles e inteligentes | MTP<\/title>\n<meta name=\"description\" content=\"SOLSTICIA: iniciativa que combina innovaci\u00f3n digital y sostenibilidad para ofrecer tecnolog\u00edas eficientes orientadas a un futuro m\u00e1s seguro y responsable.\" \/>\n<meta name=\"robots\" content=\"index, follow, max-snippet:-1, max-image-preview:large, max-video-preview:-1\" \/>\n<link rel=\"canonical\" href=\"https:\/\/mtp.global\/es\/innovacion\/proyectos-idi\/solsticia\/\" \/>\n<meta property=\"og:locale\" content=\"es_ES\" \/>\n<meta property=\"og:type\" content=\"article\" \/>\n<meta property=\"og:title\" content=\"SOLSTICIA: soluciones sostenibles e inteligentes | MTP\" \/>\n<meta property=\"og:description\" content=\"SOLSTICIA: iniciativa que combina innovaci\u00f3n digital y sostenibilidad para ofrecer tecnolog\u00edas eficientes orientadas a un futuro m\u00e1s seguro y responsable.\" \/>\n<meta property=\"og:url\" content=\"https:\/\/mtp.global\/es\/innovacion\/proyectos-idi\/solsticia\/\" \/>\n<meta property=\"og:site_name\" content=\"MTP Espa\u00f1a\" \/>\n<meta property=\"article:modified_time\" content=\"2026-03-18T12:58:03+00:00\" \/>\n<meta name=\"twitter:card\" content=\"summary_large_image\" \/>\n<meta name=\"twitter:label1\" content=\"Tiempo de lectura\" \/>\n\t<meta name=\"twitter:data1\" content=\"3 minutos\" \/>\n<!-- \/ Yoast SEO plugin. -->","yoast_head_json":{"title":"SOLSTICIA: soluciones sostenibles e inteligentes | MTP","description":"SOLSTICIA: iniciativa que combina innovaci\u00f3n digital y sostenibilidad para ofrecer tecnolog\u00edas eficientes orientadas a un futuro m\u00e1s seguro y responsable.","robots":{"index":"index","follow":"follow","max-snippet":"max-snippet:-1","max-image-preview":"max-image-preview:large","max-video-preview":"max-video-preview:-1"},"canonical":"https:\/\/mtp.global\/es\/innovacion\/proyectos-idi\/solsticia\/","og_locale":"es_ES","og_type":"article","og_title":"SOLSTICIA: soluciones sostenibles e inteligentes | MTP","og_description":"SOLSTICIA: iniciativa que combina innovaci\u00f3n digital y sostenibilidad para ofrecer tecnolog\u00edas eficientes orientadas a un futuro m\u00e1s seguro y responsable.","og_url":"https:\/\/mtp.global\/es\/innovacion\/proyectos-idi\/solsticia\/","og_site_name":"MTP Espa\u00f1a","article_modified_time":"2026-03-18T12:58:03+00:00","twitter_card":"summary_large_image","twitter_misc":{"Tiempo de lectura":"3 minutos"},"schema":{"@context":"https:\/\/schema.org","@graph":[{"@type":"WebPage","@id":"https:\/\/mtp.global\/es\/innovacion\/proyectos-idi\/solsticia\/","url":"https:\/\/mtp.global\/es\/innovacion\/proyectos-idi\/solsticia\/","name":"SOLSTICIA: soluciones sostenibles e inteligentes | MTP","isPartOf":{"@id":"https:\/\/mtp.global\/es\/#website"},"datePublished":"2025-07-28T10:45:31+00:00","dateModified":"2026-03-18T12:58:03+00:00","description":"SOLSTICIA: iniciativa que combina innovaci\u00f3n digital y sostenibilidad para ofrecer tecnolog\u00edas eficientes orientadas a un futuro m\u00e1s seguro y responsable.","breadcrumb":{"@id":"https:\/\/mtp.global\/es\/innovacion\/proyectos-idi\/solsticia\/#breadcrumb"},"inLanguage":"es","potentialAction":[{"@type":"ReadAction","target":["https:\/\/mtp.global\/es\/innovacion\/proyectos-idi\/solsticia\/"]}]},{"@type":"BreadcrumbList","@id":"https:\/\/mtp.global\/es\/innovacion\/proyectos-idi\/solsticia\/#breadcrumb","itemListElement":[{"@type":"ListItem","position":1,"name":"Home","item":"https:\/\/mtp.global\/es\/home\/"},{"@type":"ListItem","position":2,"name":"Innovaci\u00f3n","item":"https:\/\/mtp.global\/es\/innovacion\/"},{"@type":"ListItem","position":3,"name":"Proyectos I+D+i","item":"https:\/\/mtp.global\/es\/innovacion\/proyectos-idi\/"},{"@type":"ListItem","position":4,"name":"Solsticia"}]},{"@type":"WebSite","@id":"https:\/\/mtp.global\/es\/#website","url":"https:\/\/mtp.global\/es\/","name":"MTP Global","description":"","publisher":{"@id":"https:\/\/mtp.global\/es\/#organization"},"potentialAction":[{"@type":"SearchAction","target":{"@type":"EntryPoint","urlTemplate":"https:\/\/mtp.global\/es\/?s={search_term_string}"},"query-input":{"@type":"PropertyValueSpecification","valueRequired":true,"valueName":"search_term_string"}}],"inLanguage":"es"},{"@type":"Organization","@id":"https:\/\/mtp.global\/es\/#organization","name":"MTP Global","url":"https:\/\/mtp.global\/es\/","logo":{"@type":"ImageObject","inLanguage":"es","@id":"https:\/\/mtp.global\/es\/#\/schema\/logo\/image\/","url":"https:\/\/mtp.global\/es\/wp-content\/uploads\/2024\/07\/MTP-global.png","contentUrl":"https:\/\/mtp.global\/es\/wp-content\/uploads\/2024\/07\/MTP-global.png","width":1200,"height":400,"caption":"MTP Global"},"image":{"@id":"https:\/\/mtp.global\/es\/#\/schema\/logo\/image\/"}}]}},"_links":{"self":[{"href":"https:\/\/mtp.global\/es\/wp-json\/wp\/v2\/pages\/37181","targetHints":{"allow":["GET"]}}],"collection":[{"href":"https:\/\/mtp.global\/es\/wp-json\/wp\/v2\/pages"}],"about":[{"href":"https:\/\/mtp.global\/es\/wp-json\/wp\/v2\/types\/page"}],"author":[{"embeddable":true,"href":"https:\/\/mtp.global\/es\/wp-json\/wp\/v2\/users\/9"}],"replies":[{"embeddable":true,"href":"https:\/\/mtp.global\/es\/wp-json\/wp\/v2\/comments?post=37181"}],"version-history":[{"count":0,"href":"https:\/\/mtp.global\/es\/wp-json\/wp\/v2\/pages\/37181\/revisions"}],"up":[{"embeddable":true,"href":"https:\/\/mtp.global\/es\/wp-json\/wp\/v2\/pages\/38027"}],"wp:attachment":[{"href":"https:\/\/mtp.global\/es\/wp-json\/wp\/v2\/media?parent=37181"}],"curies":[{"name":"wp","href":"https:\/\/api.w.org\/{rel}","templated":true}]}}